{"id":1631,"date":"2023-03-15T08:41:57","date_gmt":"2023-03-15T08:41:57","guid":{"rendered":"https:\/\/ohe.de\/?page_id=1631"},"modified":"2025-01-24T14:46:22","modified_gmt":"2025-01-24T14:46:22","slug":"qualitaetssicherung2","status":"publish","type":"page","link":"https:\/\/ohe.de\/en\/qualitaetssicherung2\/","title":{"rendered":"Quality assurance"},"content":{"rendered":"<div data-elementor-type=\"wp-page\" data-elementor-id=\"1631\" class=\"elementor elementor-1631\" data-elementor-post-type=\"page\">\n\t\t\t\t\t\t<section class=\"elementor-section elementor-top-section elementor-element elementor-element-5a98221 elementor-section-full_width elementor-section-height-min-height elementor-section-height-default elementor-section-items-middle\" data-id=\"5a98221\" data-element_type=\"section\" data-settings=\"{&quot;background_background&quot;:&quot;video&quot;,&quot;background_video_link&quot;:&quot;https:\\\/\\\/ohe.de\\\/wp-content\\\/uploads\\\/qs_2-1.mp4&quot;,&quot;background_play_on_mobile&quot;:&quot;yes&quot;}\">\n\t\t\t\t\t\t\t\t<div class=\"elementor-background-video-container\">\n\t\t\t\t\t\t\t\t\t\t\t\t\t<video class=\"elementor-background-video-hosted\" autoplay muted playsinline loop><\/video>\n\t\t\t\t\t\t\t\t\t\t\t<\/div>\n\t\t\t\t\t\t\t\t<div class=\"elementor-container elementor-column-gap-default\">\n\t\t\t\t\t<div class=\"elementor-column elementor-col-100 elementor-top-column elementor-element elementor-element-2b44f4e\" data-id=\"2b44f4e\" data-element_type=\"column\">\n\t\t\t<div class=\"elementor-widget-wrap\">\n\t\t\t\t\t\t\t<\/div>\n\t\t<\/div>\n\t\t\t\t\t<\/div>\n\t\t<\/section>\n\t\t\t\t<section class=\"elementor-section elementor-top-section elementor-element elementor-element-1d451f9 elementor-section-boxed elementor-section-height-default elementor-section-height-default\" data-id=\"1d451f9\" data-element_type=\"section\">\n\t\t\t\t\t\t<div class=\"elementor-container elementor-column-gap-default\">\n\t\t\t\t\t<div class=\"elementor-column elementor-col-100 elementor-top-column elementor-element elementor-element-9dc4025\" data-id=\"9dc4025\" data-element_type=\"column\">\n\t\t\t<div class=\"elementor-widget-wrap elementor-element-populated\">\n\t\t\t\t\t\t<div class=\"elementor-element elementor-element-9fd847c elementor-widget__width-inherit elementor-widget elementor-widget-text-editor\" data-id=\"9fd847c\" data-element_type=\"widget\" data-widget_type=\"text-editor.default\">\n\t\t\t\t<div class=\"elementor-widget-container\">\n\t\t\t\t\t\t\t\t\t<h1>&#8211;<\/h1>\t\t\t\t\t\t\t\t<\/div>\n\t\t\t\t<\/div>\n\t\t\t\t\t<\/div>\n\t\t<\/div>\n\t\t\t\t\t<\/div>\n\t\t<\/section>\n\t\t\t\t<section class=\"elementor-section elementor-top-section elementor-element elementor-element-cbb2285 elementor-section-boxed elementor-section-height-default elementor-section-height-default\" data-id=\"cbb2285\" data-element_type=\"section\">\n\t\t\t\t\t\t<div class=\"elementor-container elementor-column-gap-default\">\n\t\t\t\t\t<div class=\"elementor-column elementor-col-100 elementor-top-column elementor-element elementor-element-318302d\" data-id=\"318302d\" data-element_type=\"column\">\n\t\t\t<div class=\"elementor-widget-wrap elementor-element-populated\">\n\t\t\t\t\t\t<div class=\"elementor-element elementor-element-0107f6a elementor-widget elementor-widget-text-editor\" data-id=\"0107f6a\" data-element_type=\"widget\" data-widget_type=\"text-editor.default\">\n\t\t\t\t<div class=\"elementor-widget-container\">\n\t\t\t\t\t\t\t\t\t<p>For OHE, quality assurance is the be-all and end-all. All our products are checked according to a multi-level quality inspection system specified in DIN EN ISO 9001. None of our products leaves our production facilities in Hattingen without having passed the complete final inspection cycle.\u00a0<span style=\"color: var( --e-global-color-text ); font-family: var( --e-global-typography-text-font-family ), Sans-serif; font-weight: var( --e-global-typography-text-font-weight ); font-size: 1rem;\">Innovative, high-tech testing equipment forms the central element of our quality assurance systems. In addition to common measuring instruments, we also use special testing equipment and software.\u00a0<\/span><\/p>\t\t\t\t\t\t\t\t<\/div>\n\t\t\t\t<\/div>\n\t\t\t\t\t<\/div>\n\t\t<\/div>\n\t\t\t\t\t<\/div>\n\t\t<\/section>\n\t\t\t\t<section class=\"elementor-section elementor-top-section elementor-element elementor-element-dff3e1a elementor-section-boxed elementor-section-height-default elementor-section-height-default\" data-id=\"dff3e1a\" data-element_type=\"section\">\n\t\t\t\t\t\t<div class=\"elementor-container elementor-column-gap-default\">\n\t\t\t\t\t<div class=\"elementor-column elementor-col-50 elementor-top-column elementor-element elementor-element-b10c58f\" data-id=\"b10c58f\" data-element_type=\"column\">\n\t\t\t<div class=\"elementor-widget-wrap elementor-element-populated\">\n\t\t\t\t\t\t<div class=\"elementor-element elementor-element-f39334e elementor-widget elementor-widget-text-editor\" data-id=\"f39334e\" data-element_type=\"widget\" data-widget_type=\"text-editor.default\">\n\t\t\t\t<div class=\"elementor-widget-container\">\n\t\t\t\t\t\t\t\t\t<h4><strong>Optacom LC10 profile measuring gage<\/strong><\/h4>\t\t\t\t\t\t\t\t<\/div>\n\t\t\t\t<\/div>\n\t\t\t\t\t<\/div>\n\t\t<\/div>\n\t\t\t\t<div class=\"elementor-column elementor-col-50 elementor-top-column elementor-element elementor-element-50db86f\" data-id=\"50db86f\" data-element_type=\"column\">\n\t\t\t<div class=\"elementor-widget-wrap elementor-element-populated\">\n\t\t\t\t\t\t<div class=\"elementor-element elementor-element-70b6306 elementor-widget elementor-widget-text-editor\" data-id=\"70b6306\" data-element_type=\"widget\" data-widget_type=\"text-editor.default\">\n\t\t\t\t<div class=\"elementor-widget-container\">\n\t\t\t\t\t\t\t\t\t<h4><strong>Mitutoyo 3D coordinate measuring system, type CRYSTA-APEX S574<\/strong><\/h4>\t\t\t\t\t\t\t\t<\/div>\n\t\t\t\t<\/div>\n\t\t\t\t\t<\/div>\n\t\t<\/div>\n\t\t\t\t\t<\/div>\n\t\t<\/section>\n\t\t\t\t<section class=\"elementor-section elementor-top-section elementor-element elementor-element-c575745 elementor-section-content-middle elementor-section-boxed elementor-section-height-default elementor-section-height-default\" data-id=\"c575745\" data-element_type=\"section\">\n\t\t\t\t\t\t<div class=\"elementor-container elementor-column-gap-default\">\n\t\t\t\t\t<div class=\"elementor-column elementor-col-50 elementor-top-column elementor-element elementor-element-39ac15f\" data-id=\"39ac15f\" data-element_type=\"column\">\n\t\t\t<div class=\"elementor-widget-wrap elementor-element-populated\">\n\t\t\t\t\t\t<div class=\"elementor-element elementor-element-1fd7c17 elementor-widget elementor-widget-image\" data-id=\"1fd7c17\" data-element_type=\"widget\" data-widget_type=\"image.default\">\n\t\t\t\t<div class=\"elementor-widget-container\">\n\t\t\t\t\t\t\t\t\t\t\t\t\t\t\t<img fetchpriority=\"high\" decoding=\"async\" width=\"460\" height=\"260\" src=\"https:\/\/ohe.de\/wp-content\/uploads\/csm_20140730_155957_492_b28ba7c14d.jpg\" class=\"attachment-large size-large wp-image-510\" alt=\"\" srcset=\"https:\/\/ohe.de\/wp-content\/uploads\/csm_20140730_155957_492_b28ba7c14d.jpg 460w, https:\/\/ohe.de\/wp-content\/uploads\/csm_20140730_155957_492_b28ba7c14d-300x170.jpg 300w\" sizes=\"(max-width: 460px) 100vw, 460px\" \/>\t\t\t\t\t\t\t\t\t\t\t\t\t\t\t<\/div>\n\t\t\t\t<\/div>\n\t\t\t\t\t<\/div>\n\t\t<\/div>\n\t\t\t\t<div class=\"elementor-column elementor-col-50 elementor-top-column elementor-element elementor-element-3bf5579\" data-id=\"3bf5579\" data-element_type=\"column\">\n\t\t\t<div class=\"elementor-widget-wrap elementor-element-populated\">\n\t\t\t\t\t\t<div class=\"elementor-element elementor-element-c0221a2 elementor-widget elementor-widget-image\" data-id=\"c0221a2\" data-element_type=\"widget\" data-widget_type=\"image.default\">\n\t\t\t\t<div class=\"elementor-widget-container\">\n\t\t\t\t\t\t\t\t\t\t\t\t\t\t\t<img decoding=\"async\" width=\"460\" height=\"260\" src=\"https:\/\/ohe.de\/wp-content\/uploads\/csm_20140730_160023_492_636485e04b.jpg\" class=\"attachment-large size-large wp-image-509\" alt=\"\" srcset=\"https:\/\/ohe.de\/wp-content\/uploads\/csm_20140730_160023_492_636485e04b.jpg 460w, https:\/\/ohe.de\/wp-content\/uploads\/csm_20140730_160023_492_636485e04b-300x170.jpg 300w\" sizes=\"(max-width: 460px) 100vw, 460px\" \/>\t\t\t\t\t\t\t\t\t\t\t\t\t\t\t<\/div>\n\t\t\t\t<\/div>\n\t\t\t\t\t<\/div>\n\t\t<\/div>\n\t\t\t\t\t<\/div>\n\t\t<\/section>\n\t\t\t\t<section class=\"elementor-section elementor-top-section elementor-element elementor-element-cdc9659 elementor-section-boxed elementor-section-height-default elementor-section-height-default\" data-id=\"cdc9659\" data-element_type=\"section\">\n\t\t\t\t\t\t<div class=\"elementor-container elementor-column-gap-default\">\n\t\t\t\t\t<div class=\"elementor-column elementor-col-100 elementor-top-column elementor-element elementor-element-57d82ec\" data-id=\"57d82ec\" data-element_type=\"column\">\n\t\t\t<div class=\"elementor-widget-wrap elementor-element-populated\">\n\t\t\t\t\t\t<div class=\"elementor-element elementor-element-48a36e4 elementor-widget elementor-widget-image\" data-id=\"48a36e4\" data-element_type=\"widget\" data-widget_type=\"image.default\">\n\t\t\t\t<div class=\"elementor-widget-container\">\n\t\t\t\t\t\t\t\t\t\t\t\t\t\t\t<img decoding=\"async\" width=\"500\" height=\"300\" src=\"https:\/\/ohe.de\/wp-content\/uploads\/ATEX-LOGO-900x357-1-500x300-1.jpg\" class=\"attachment-large size-large wp-image-1669\" alt=\"\" srcset=\"https:\/\/ohe.de\/wp-content\/uploads\/ATEX-LOGO-900x357-1-500x300-1.jpg 500w, https:\/\/ohe.de\/wp-content\/uploads\/ATEX-LOGO-900x357-1-500x300-1-300x180.jpg 300w, https:\/\/ohe.de\/wp-content\/uploads\/ATEX-LOGO-900x357-1-500x300-1-18x12.jpg 18w\" sizes=\"(max-width: 500px) 100vw, 500px\" \/>\t\t\t\t\t\t\t\t\t\t\t\t\t\t\t<\/div>\n\t\t\t\t<\/div>\n\t\t\t\t<div class=\"elementor-element elementor-element-f1f85e1 elementor-widget elementor-widget-text-editor\" data-id=\"f1f85e1\" data-element_type=\"widget\" data-widget_type=\"text-editor.default\">\n\t\t\t\t<div class=\"elementor-widget-container\">\n\t\t\t\t\t\t\t\t\t<p>All our products are approved for application in underground mining operations \u2013 even for hazardous areas subject to the risk of gas or dust explosions.\nOHE\u2019s electromagnetic valves conform to ATEX standards and have been tested for compliance with ATEX guidelines by certified institutes.\u00a0<span style=\"color: var( --e-global-color-text ); font-family: var( --e-global-typography-text-font-family ), Sans-serif; font-weight: var( --e-global-typography-text-font-weight ); font-size: 1rem;\">Our certifications are available as downloads:<\/span><\/p>\t\t\t\t\t\t\t\t<\/div>\n\t\t\t\t<\/div>\n\t\t\t\t<section class=\"elementor-section elementor-inner-section elementor-element elementor-element-1345967 elementor-section-content-top elementor-section-boxed elementor-section-height-default elementor-section-height-default\" data-id=\"1345967\" data-element_type=\"section\">\n\t\t\t\t\t\t<div class=\"elementor-container elementor-column-gap-default\">\n\t\t\t\t\t<div class=\"elementor-column elementor-col-33 elementor-inner-column elementor-element elementor-element-19248da\" data-id=\"19248da\" data-element_type=\"column\">\n\t\t\t<div class=\"elementor-widget-wrap elementor-element-populated\">\n\t\t\t\t\t\t<div class=\"elementor-element elementor-element-99150ce elementor-widget elementor-widget-text-editor\" data-id=\"99150ce\" data-element_type=\"widget\" data-widget_type=\"text-editor.default\">\n\t\t\t\t<div class=\"elementor-widget-container\">\n\t\t\t\t\t\t\t\t\t<h3><strong>ATEX<\/strong><\/h3>\t\t\t\t\t\t\t\t<\/div>\n\t\t\t\t<\/div>\n\t\t\t\t<div class=\"elementor-element elementor-element-2732d45 elementor-widget elementor-widget-image\" data-id=\"2732d45\" data-element_type=\"widget\" data-widget_type=\"image.default\">\n\t\t\t\t<div class=\"elementor-widget-container\">\n\t\t\t\t\t\t\t\t\t\t\t\t\t\t\t\t<a href=\"https:\/\/ohe.de\/wp-content\/uploads\/ATEX_quality_certificate_2024.pdf\" target=\"_blank\">\n\t\t\t\t\t\t\t<img loading=\"lazy\" decoding=\"async\" width=\"196\" height=\"300\" src=\"https:\/\/ohe.de\/wp-content\/uploads\/Screenshot-ATEX-196x300-1.jpg\" class=\"elementor-animation-grow attachment-large size-large wp-image-511\" alt=\"\" \/>\t\t\t\t\t\t\t\t<\/a>\n\t\t\t\t\t\t\t\t\t\t\t\t\t\t\t<\/div>\n\t\t\t\t<\/div>\n\t\t\t\t\t<\/div>\n\t\t<\/div>\n\t\t\t\t<div class=\"elementor-column elementor-col-33 elementor-inner-column elementor-element elementor-element-3b04b40\" data-id=\"3b04b40\" data-element_type=\"column\">\n\t\t\t<div class=\"elementor-widget-wrap elementor-element-populated\">\n\t\t\t\t\t\t<div class=\"elementor-element elementor-element-26fbac0 elementor-widget elementor-widget-text-editor\" data-id=\"26fbac0\" data-element_type=\"widget\" data-widget_type=\"text-editor.default\">\n\t\t\t\t<div class=\"elementor-widget-container\">\n\t\t\t\t\t\t\t\t\t<h3><strong>DIN EN ISO 9001:2015<\/strong><\/h3>\t\t\t\t\t\t\t\t<\/div>\n\t\t\t\t<\/div>\n\t\t\t\t<div class=\"elementor-element elementor-element-f76591d elementor-widget elementor-widget-image\" data-id=\"f76591d\" data-element_type=\"widget\" data-widget_type=\"image.default\">\n\t\t\t\t<div class=\"elementor-widget-container\">\n\t\t\t\t\t\t\t\t\t\t\t\t\t\t\t\t<a href=\"https:\/\/ohe.de\/wp-content\/uploads\/ISO_Zertifikat_2024-2027_EN.pdf\" target=\"_blank\">\n\t\t\t\t\t\t\t<img loading=\"lazy\" decoding=\"async\" width=\"214\" height=\"300\" src=\"https:\/\/ohe.de\/wp-content\/uploads\/Screenshot-ISO-214x300-1.jpg\" class=\"elementor-animation-grow attachment-large size-large wp-image-512\" alt=\"\" \/>\t\t\t\t\t\t\t\t<\/a>\n\t\t\t\t\t\t\t\t\t\t\t\t\t\t\t<\/div>\n\t\t\t\t<\/div>\n\t\t\t\t\t<\/div>\n\t\t<\/div>\n\t\t\t\t<div class=\"elementor-column elementor-col-33 elementor-inner-column elementor-element elementor-element-b66548f\" data-id=\"b66548f\" data-element_type=\"column\">\n\t\t\t<div class=\"elementor-widget-wrap elementor-element-populated\">\n\t\t\t\t\t\t<div class=\"elementor-element elementor-element-fda8e63 elementor-widget elementor-widget-text-editor\" data-id=\"fda8e63\" data-element_type=\"widget\" data-widget_type=\"text-editor.default\">\n\t\t\t\t<div class=\"elementor-widget-container\">\n\t\t\t\t\t\t\t\t\t<h3><strong>MA China<\/strong><\/h3>\t\t\t\t\t\t\t\t<\/div>\n\t\t\t\t<\/div>\n\t\t\t\t<div class=\"elementor-element elementor-element-bbba47f elementor-widget elementor-widget-image\" data-id=\"bbba47f\" data-element_type=\"widget\" data-widget_type=\"image.default\">\n\t\t\t\t<div class=\"elementor-widget-container\">\n\t\t\t\t\t\t\t\t\t\t\t\t\t\t\t<img loading=\"lazy\" decoding=\"async\" width=\"370\" height=\"211\" src=\"https:\/\/ohe.de\/wp-content\/uploads\/MA-logo.png\" class=\"elementor-animation-grow attachment-large size-large wp-image-1624\" alt=\"\" srcset=\"https:\/\/ohe.de\/wp-content\/uploads\/MA-logo.png 370w, https:\/\/ohe.de\/wp-content\/uploads\/MA-logo-300x171.png 300w, https:\/\/ohe.de\/wp-content\/uploads\/MA-logo-18x10.png 18w\" sizes=\"(max-width: 370px) 100vw, 370px\" \/>\t\t\t\t\t\t\t\t\t\t\t\t\t\t\t<\/div>\n\t\t\t\t<\/div>\n\t\t\t\t\t<\/div>\n\t\t<\/div>\n\t\t\t\t\t<\/div>\n\t\t<\/section>\n\t\t\t\t\t<\/div>\n\t\t<\/div>\n\t\t\t\t\t<\/div>\n\t\t<\/section>\n\t\t\t\t<\/div>","protected":false},"excerpt":{"rendered":"<p>&#8211; Qualit\u00e4tssicherung hat f\u00fcr OHE ganz zentrale Bedeutung. S\u00e4mtliche Produkte durchlaufen ein mehrstufiges System nach DIN EN ISO 9001. Erst nach einer 100 %-Endpr\u00fcfung verlassen sie unser Werk in Hattingen.\u00a0Im Zentrum unserer Qualit\u00e4tssicherung steht ein innovatives Pr\u00fcfsystem. Es befindet sich unmittelbar im Zentrum des Produktionsprozesses und erf\u00fcllt dort eine essentielle Funktion. Zur Messung der Produktqualit\u00e4t [&hellip;]<\/p>","protected":false},"author":2,"featured_media":0,"parent":0,"menu_order":0,"comment_status":"closed","ping_status":"closed","template":"","meta":{"footnotes":""},"class_list":["post-1631","page","type-page","status-publish","hentry"],"_links":{"self":[{"href":"https:\/\/ohe.de\/en\/wp-json\/wp\/v2\/pages\/1631","targetHints":{"allow":["GET"]}}],"collection":[{"href":"https:\/\/ohe.de\/en\/wp-json\/wp\/v2\/pages"}],"about":[{"href":"https:\/\/ohe.de\/en\/wp-json\/wp\/v2\/types\/page"}],"author":[{"embeddable":true,"href":"https:\/\/ohe.de\/en\/wp-json\/wp\/v2\/users\/2"}],"replies":[{"embeddable":true,"href":"https:\/\/ohe.de\/en\/wp-json\/wp\/v2\/comments?post=1631"}],"version-history":[{"count":158,"href":"https:\/\/ohe.de\/en\/wp-json\/wp\/v2\/pages\/1631\/revisions"}],"predecessor-version":[{"id":2817,"href":"https:\/\/ohe.de\/en\/wp-json\/wp\/v2\/pages\/1631\/revisions\/2817"}],"wp:attachment":[{"href":"https:\/\/ohe.de\/en\/wp-json\/wp\/v2\/media?parent=1631"}],"curies":[{"name":"wp","href":"https:\/\/api.w.org\/{rel}","templated":true}]}}