{"id":198,"date":"2023-03-01T06:01:28","date_gmt":"2023-03-01T06:01:28","guid":{"rendered":"https:\/\/ohe.de\/?page_id=198"},"modified":"2024-05-16T09:04:25","modified_gmt":"2024-05-16T09:04:25","slug":"service","status":"publish","type":"page","link":"https:\/\/ohe.de\/en\/service\/","title":{"rendered":"Service"},"content":{"rendered":"<div data-elementor-type=\"wp-page\" data-elementor-id=\"198\" class=\"elementor elementor-198\" data-elementor-post-type=\"page\">\n\t\t\t\t\t\t<section class=\"elementor-section elementor-top-section elementor-element elementor-element-a69fd23 elementor-section-full_width elementor-section-height-min-height elementor-section-height-default elementor-section-items-middle\" data-id=\"a69fd23\" data-element_type=\"section\" data-settings=\"{&quot;background_background&quot;:&quot;classic&quot;}\">\n\t\t\t\t\t\t<div class=\"elementor-container elementor-column-gap-default\">\n\t\t\t\t\t<div class=\"elementor-column elementor-col-100 elementor-top-column elementor-element elementor-element-6163278\" data-id=\"6163278\" data-element_type=\"column\">\n\t\t\t<div class=\"elementor-widget-wrap elementor-element-populated\">\n\t\t\t\t\t\t<div class=\"elementor-element elementor-element-b452f97 elementor-widget__width-auto elementor-hidden-mobile elementor-widget elementor-widget-text-editor\" data-id=\"b452f97\" data-element_type=\"widget\" data-widget_type=\"text-editor.default\">\n\t\t\t\t<div class=\"elementor-widget-container\">\n\t\t\t\t\t\t\t\t\t<h1><strong>Service<\/strong><\/h1>\t\t\t\t\t\t\t\t<\/div>\n\t\t\t\t<\/div>\n\t\t\t\t\t<\/div>\n\t\t<\/div>\n\t\t\t\t\t<\/div>\n\t\t<\/section>\n\t\t\t\t<section class=\"elementor-section elementor-top-section elementor-element elementor-element-a6f6179 elementor-section-boxed elementor-section-height-default elementor-section-height-default\" data-id=\"a6f6179\" data-element_type=\"section\">\n\t\t\t\t\t\t<div class=\"elementor-container elementor-column-gap-default\">\n\t\t\t\t\t<div class=\"elementor-column elementor-col-100 elementor-top-column elementor-element elementor-element-2d00a76\" data-id=\"2d00a76\" data-element_type=\"column\">\n\t\t\t<div class=\"elementor-widget-wrap elementor-element-populated\">\n\t\t\t\t\t\t<div class=\"elementor-element elementor-element-4d82e5e elementor-widget__width-inherit elementor-widget elementor-widget-text-editor\" data-id=\"4d82e5e\" data-element_type=\"widget\" data-widget_type=\"text-editor.default\">\n\t\t\t\t<div class=\"elementor-widget-container\">\n\t\t\t\t\t\t\t\t\t<h1>&#8211;<\/h1>\t\t\t\t\t\t\t\t<\/div>\n\t\t\t\t<\/div>\n\t\t\t\t\t<\/div>\n\t\t<\/div>\n\t\t\t\t\t<\/div>\n\t\t<\/section>\n\t\t\t\t<section class=\"elementor-section elementor-top-section elementor-element elementor-element-493cf98 elementor-section-boxed elementor-section-height-default elementor-section-height-default\" data-id=\"493cf98\" data-element_type=\"section\">\n\t\t\t\t\t\t<div class=\"elementor-container elementor-column-gap-default\">\n\t\t\t\t\t<div class=\"elementor-column elementor-col-100 elementor-top-column elementor-element elementor-element-8799757\" data-id=\"8799757\" data-element_type=\"column\">\n\t\t\t<div class=\"elementor-widget-wrap elementor-element-populated\">\n\t\t\t\t\t\t<div class=\"elementor-element elementor-element-3ab5383 elementor-widget elementor-widget-heading\" data-id=\"3ab5383\" data-element_type=\"widget\" data-widget_type=\"heading.default\">\n\t\t\t\t<div class=\"elementor-widget-container\">\n\t\t\t\t\t<h2 class=\"elementor-heading-title elementor-size-default\">We will still be around after your equipment is up and running.<\/h2>\t\t\t\t<\/div>\n\t\t\t\t<\/div>\n\t\t\t\t<div class=\"elementor-element elementor-element-523ef7a elementor-widget elementor-widget-text-editor\" data-id=\"523ef7a\" data-element_type=\"widget\" data-widget_type=\"text-editor.default\">\n\t\t\t\t<div class=\"elementor-widget-container\">\n\t\t\t\t\t\t\t\t\t<p>Our add-on services provide our customers great benefits. With our services, we accompany them throughout the life cycle of our hydraulic, electrohydraulic and pilot control systems. Guaranteed and long-term quality \u2013 this is what OHE stands for.<\/p><p>Our service includes:<\/p><ul><li>inspection,<\/li><li>maintenance activities,<\/li><li>repairs,<\/li><li>service work.<\/li><\/ul><p>\u00a0<\/p><p>By providing these add-on services, we are able to further extend the longevity of our products so that our customers can generate additional returns from their investment.<\/p><p>Mining companies from all over the world have put their trust in the brand promise of OHE: During more than 60 years, we have become established in the market as a reliable and trustworthy partner \u2013 and we give this trust back to our customers.<\/p>\t\t\t\t\t\t\t\t<\/div>\n\t\t\t\t<\/div>\n\t\t\t\t\t<\/div>\n\t\t<\/div>\n\t\t\t\t\t<\/div>\n\t\t<\/section>\n\t\t\t\t<\/div>","protected":false},"excerpt":{"rendered":"<p>Service &#8211; Unsere Leistungen enden nicht mit der Inbetriebnahme. Maximalen Nutzen erzielen unsere Kunden durch unsere zus\u00e4tzlichen Leistungen. Sie begleiten sie \u00fcber die gesamte Lebensdauer unserer Hydraulik-, Elektrohydraulik und Vorsteuerungssysteme. Damit bringen wir die Qualit\u00e4t zum Ausdruck, welche die drei Buchstaben OHE versprechen \u2013 garantiert und nachhaltig. Unser begleitender Service umfasst folgende Leistungen: Inspektionen, Wartungsma\u00dfnahmen, [&hellip;]<\/p>","protected":false},"author":2,"featured_media":0,"parent":0,"menu_order":0,"comment_status":"closed","ping_status":"closed","template":"","meta":{"footnotes":""},"class_list":["post-198","page","type-page","status-publish","hentry"],"_links":{"self":[{"href":"https:\/\/ohe.de\/en\/wp-json\/wp\/v2\/pages\/198","targetHints":{"allow":["GET"]}}],"collection":[{"href":"https:\/\/ohe.de\/en\/wp-json\/wp\/v2\/pages"}],"about":[{"href":"https:\/\/ohe.de\/en\/wp-json\/wp\/v2\/types\/page"}],"author":[{"embeddable":true,"href":"https:\/\/ohe.de\/en\/wp-json\/wp\/v2\/users\/2"}],"replies":[{"embeddable":true,"href":"https:\/\/ohe.de\/en\/wp-json\/wp\/v2\/comments?post=198"}],"version-history":[{"count":58,"href":"https:\/\/ohe.de\/en\/wp-json\/wp\/v2\/pages\/198\/revisions"}],"predecessor-version":[{"id":2659,"href":"https:\/\/ohe.de\/en\/wp-json\/wp\/v2\/pages\/198\/revisions\/2659"}],"wp:attachment":[{"href":"https:\/\/ohe.de\/en\/wp-json\/wp\/v2\/media?parent=198"}],"curies":[{"name":"wp","href":"https:\/\/api.w.org\/{rel}","templated":true}]}}