{"id":203,"date":"2023-03-01T06:03:07","date_gmt":"2023-03-01T06:03:07","guid":{"rendered":"https:\/\/ohe.de\/?page_id=203"},"modified":"2024-06-14T12:39:13","modified_gmt":"2024-06-14T12:39:13","slug":"steuerbloecke","status":"publish","type":"page","link":"https:\/\/ohe.de\/en\/steuerbloecke\/","title":{"rendered":"Control units"},"content":{"rendered":"<div data-elementor-type=\"wp-page\" data-elementor-id=\"203\" class=\"elementor elementor-203\" data-elementor-post-type=\"page\">\n\t\t\t\t\t\t<section class=\"elementor-section elementor-top-section elementor-element elementor-element-021c8e0 elementor-section-boxed elementor-section-height-default elementor-section-height-default\" data-id=\"021c8e0\" data-element_type=\"section\">\n\t\t\t\t\t\t<div class=\"elementor-container elementor-column-gap-default\">\n\t\t\t\t\t<div class=\"elementor-column elementor-col-100 elementor-top-column elementor-element elementor-element-cb77824\" data-id=\"cb77824\" data-element_type=\"column\">\n\t\t\t<div class=\"elementor-widget-wrap elementor-element-populated\">\n\t\t\t\t\t\t<div class=\"elementor-element elementor-element-7cffa94 elementor-widget elementor-widget-text-editor\" data-id=\"7cffa94\" data-element_type=\"widget\" data-widget_type=\"text-editor.default\">\n\t\t\t\t<div class=\"elementor-widget-container\">\n\t\t\t\t\t\t\t\t\t<h1><strong>Control units<\/strong><\/h1>\t\t\t\t\t\t\t\t<\/div>\n\t\t\t\t<\/div>\n\t\t\t\t\t<\/div>\n\t\t<\/div>\n\t\t\t\t\t<\/div>\n\t\t<\/section>\n\t\t\t\t<section class=\"elementor-section elementor-top-section elementor-element elementor-element-11be74f elementor-section-boxed elementor-section-height-default elementor-section-height-default\" data-id=\"11be74f\" data-element_type=\"section\" data-settings=\"{&quot;background_background&quot;:&quot;classic&quot;}\">\n\t\t\t\t\t\t<div class=\"elementor-container elementor-column-gap-default\">\n\t\t\t\t\t<div class=\"elementor-column elementor-col-33 elementor-top-column elementor-element elementor-element-3ddc0ca\" data-id=\"3ddc0ca\" data-element_type=\"column\">\n\t\t\t<div class=\"elementor-widget-wrap elementor-element-populated\">\n\t\t\t\t\t\t<div class=\"elementor-element elementor-element-55bba05 elementor-widget elementor-widget-image\" data-id=\"55bba05\" data-element_type=\"widget\" data-widget_type=\"image.default\">\n\t\t\t\t<div class=\"elementor-widget-container\">\n\t\t\t\t\t\t\t\t\t\t\t\t\t\t\t\t<a href=\"https:\/\/ohe.de\/en\/produkte-steuerungen-steuerbloecke-steuerblock-fuer-stempel\/\">\n\t\t\t\t\t\t\t<img fetchpriority=\"high\" decoding=\"async\" width=\"440\" height=\"293\" src=\"https:\/\/ohe.de\/wp-content\/uploads\/csm_steuerblock-fuer-stempel_RZ_klein_916548c17c.jpg\" class=\"elementor-animation-grow attachment-full size-full wp-image-609\" alt=\"\" srcset=\"https:\/\/ohe.de\/wp-content\/uploads\/csm_steuerblock-fuer-stempel_RZ_klein_916548c17c.jpg 440w, https:\/\/ohe.de\/wp-content\/uploads\/csm_steuerblock-fuer-stempel_RZ_klein_916548c17c-300x200.jpg 300w\" sizes=\"(max-width: 440px) 100vw, 440px\" \/>\t\t\t\t\t\t\t\t<\/a>\n\t\t\t\t\t\t\t\t\t\t\t\t\t\t\t<\/div>\n\t\t\t\t<\/div>\n\t\t\t\t<div class=\"elementor-element elementor-element-733facd elementor-widget elementor-widget-text-editor\" data-id=\"733facd\" data-element_type=\"widget\" data-widget_type=\"text-editor.default\">\n\t\t\t\t<div class=\"elementor-widget-container\">\n\t\t\t\t\t\t\t\t\t<h4><strong>Quick supply unit for leg cylinders<\/strong><\/h4>\t\t\t\t\t\t\t\t<\/div>\n\t\t\t\t<\/div>\n\t\t\t\t<div class=\"elementor-element elementor-element-bf1bef9 elementor-widget elementor-widget-text-editor\" data-id=\"bf1bef9\" data-element_type=\"widget\" data-widget_type=\"text-editor.default\">\n\t\t\t\t<div class=\"elementor-widget-container\">\n\t\t\t\t\t\t\t\t\t<p>Quick supply units have the function to actuate - via two ports - the leg cylinders of the two main legs of a roof support.<br><br><\/p>\n<p><a href=\"https:\/\/ohe.de\/en\/produkte-steuerungen-steuerbloecke-steuerblock-fuer-stempel\/\">Learn more<\/a><\/p>\t\t\t\t\t\t\t\t<\/div>\n\t\t\t\t<\/div>\n\t\t\t\t\t<\/div>\n\t\t<\/div>\n\t\t\t\t<div class=\"elementor-column elementor-col-33 elementor-top-column elementor-element elementor-element-d589e4d\" data-id=\"d589e4d\" data-element_type=\"column\">\n\t\t\t<div class=\"elementor-widget-wrap elementor-element-populated\">\n\t\t\t\t\t\t<div class=\"elementor-element elementor-element-44552ae elementor-widget elementor-widget-image\" data-id=\"44552ae\" data-element_type=\"widget\" data-widget_type=\"image.default\">\n\t\t\t\t<div class=\"elementor-widget-container\">\n\t\t\t\t\t\t\t\t\t\t\t\t\t\t\t\t<a href=\"https:\/\/ohe.de\/en\/produkte-steuerungen-steuerbloecke-auslegersteuerung\/\">\n\t\t\t\t\t\t\t<img decoding=\"async\" width=\"440\" height=\"293\" src=\"https:\/\/ohe.de\/wp-content\/uploads\/csm_Auslegersteuerung_RZ_klein_0198961611.jpg\" class=\"elementor-animation-grow attachment-full size-full wp-image-610\" alt=\"\" srcset=\"https:\/\/ohe.de\/wp-content\/uploads\/csm_Auslegersteuerung_RZ_klein_0198961611.jpg 440w, https:\/\/ohe.de\/wp-content\/uploads\/csm_Auslegersteuerung_RZ_klein_0198961611-300x200.jpg 300w\" sizes=\"(max-width: 440px) 100vw, 440px\" \/>\t\t\t\t\t\t\t\t<\/a>\n\t\t\t\t\t\t\t\t\t\t\t\t\t\t\t<\/div>\n\t\t\t\t<\/div>\n\t\t\t\t<div class=\"elementor-element elementor-element-01b7998 elementor-widget elementor-widget-text-editor\" data-id=\"01b7998\" data-element_type=\"widget\" data-widget_type=\"text-editor.default\">\n\t\t\t\t<div class=\"elementor-widget-container\">\n\t\t\t\t\t\t\t\t\t<h4><strong>Conveyor lift control units<br><\/strong><\/h4>\t\t\t\t\t\t\t\t<\/div>\n\t\t\t\t<\/div>\n\t\t\t\t<div class=\"elementor-element elementor-element-fbc39e7 elementor-widget elementor-widget-text-editor\" data-id=\"fbc39e7\" data-element_type=\"widget\" data-widget_type=\"text-editor.default\">\n\t\t\t\t<div class=\"elementor-widget-container\">\n\t\t\t\t\t\t\t\t\t<p>Lift control units adjust the cutting level of plows and shearers.<br \/><br \/><\/p><p><a href=\"https:\/\/ohe.de\/en\/produkte-steuerungen-steuerbloecke-auslegersteuerung\/\">Learn more<\/a><\/p>\t\t\t\t\t\t\t\t<\/div>\n\t\t\t\t<\/div>\n\t\t\t\t\t<\/div>\n\t\t<\/div>\n\t\t\t\t<div class=\"elementor-column elementor-col-33 elementor-top-column elementor-element elementor-element-e29da4f\" data-id=\"e29da4f\" data-element_type=\"column\">\n\t\t\t<div class=\"elementor-widget-wrap elementor-element-populated\">\n\t\t\t\t\t\t<div class=\"elementor-element elementor-element-eca90da elementor-widget elementor-widget-image\" data-id=\"eca90da\" data-element_type=\"widget\" data-widget_type=\"image.default\">\n\t\t\t\t<div class=\"elementor-widget-container\">\n\t\t\t\t\t\t\t\t\t\t\t\t\t\t\t\t<a href=\"https:\/\/ohe.de\/en\/produkte-steuerungen-steuerbloecke-strebverteiler-verteiler\/\">\n\t\t\t\t\t\t\t<img decoding=\"async\" width=\"440\" height=\"293\" src=\"https:\/\/ohe.de\/wp-content\/uploads\/csm_strebverteiler-verteilerplatten_RZ_klein_9a4ecf1edc.jpg\" class=\"elementor-animation-grow attachment-large size-large wp-image-611\" alt=\"\" srcset=\"https:\/\/ohe.de\/wp-content\/uploads\/csm_strebverteiler-verteilerplatten_RZ_klein_9a4ecf1edc.jpg 440w, https:\/\/ohe.de\/wp-content\/uploads\/csm_strebverteiler-verteilerplatten_RZ_klein_9a4ecf1edc-300x200.jpg 300w\" sizes=\"(max-width: 440px) 100vw, 440px\" \/>\t\t\t\t\t\t\t\t<\/a>\n\t\t\t\t\t\t\t\t\t\t\t\t\t\t\t<\/div>\n\t\t\t\t<\/div>\n\t\t\t\t<div class=\"elementor-element elementor-element-2f7665d elementor-widget elementor-widget-text-editor\" data-id=\"2f7665d\" data-element_type=\"widget\" data-widget_type=\"text-editor.default\">\n\t\t\t\t<div class=\"elementor-widget-container\">\n\t\t\t\t\t\t\t\t\t<h4><strong>Manifolds<\/strong><\/h4>\t\t\t\t\t\t\t\t<\/div>\n\t\t\t\t<\/div>\n\t\t\t\t<div class=\"elementor-element elementor-element-5aaf14b elementor-widget elementor-widget-text-editor\" data-id=\"5aaf14b\" data-element_type=\"widget\" data-widget_type=\"text-editor.default\">\n\t\t\t\t<div class=\"elementor-widget-container\">\n\t\t\t\t\t\t\t\t\t<p>Manifolds are used to distribute and direct fluid flows to different actuators. They function as T-pieces in the pressure, return and water lines.<\/p><p><a href=\"https:\/\/ohe.de\/en\/produkte-steuerungen-steuerbloecke-strebverteiler-verteiler\/\">Learn more<\/a><\/p>\t\t\t\t\t\t\t\t<\/div>\n\t\t\t\t<\/div>\n\t\t\t\t\t<\/div>\n\t\t<\/div>\n\t\t\t\t\t<\/div>\n\t\t<\/section>\n\t\t\t\t<\/div>","protected":false},"excerpt":{"rendered":"<p>Steuerbl\u00f6cke Steuerblock f\u00fcr Stempel Der Steuerblock f\u00fcr Stempel dient dazu die beiden Hauptstempel im Schild mit jeweils zwei Anschl\u00fcssen zu versorgen. mehr erfahren Auslegersteuerung Die Auslegersteuerung dient zur Niveauregulierung des Schnitthorizontes bei Hobelanlagen und im Walzenstreb. mehr erfahren Strebverteiler \/ Verteilerplatten Strebverteiler \/ Verteilerplatten dienen dazu, Leitungen in Teilstr\u00f6me f\u00fcr verschiedene Funktionen aufzuteilen. Sie wirken [&hellip;]<\/p>","protected":false},"author":2,"featured_media":0,"parent":0,"menu_order":0,"comment_status":"closed","ping_status":"closed","template":"","meta":{"footnotes":""},"class_list":["post-203","page","type-page","status-publish","hentry"],"_links":{"self":[{"href":"https:\/\/ohe.de\/en\/wp-json\/wp\/v2\/pages\/203","targetHints":{"allow":["GET"]}}],"collection":[{"href":"https:\/\/ohe.de\/en\/wp-json\/wp\/v2\/pages"}],"about":[{"href":"https:\/\/ohe.de\/en\/wp-json\/wp\/v2\/types\/page"}],"author":[{"embeddable":true,"href":"https:\/\/ohe.de\/en\/wp-json\/wp\/v2\/users\/2"}],"replies":[{"embeddable":true,"href":"https:\/\/ohe.de\/en\/wp-json\/wp\/v2\/comments?post=203"}],"version-history":[{"count":28,"href":"https:\/\/ohe.de\/en\/wp-json\/wp\/v2\/pages\/203\/revisions"}],"predecessor-version":[{"id":2689,"href":"https:\/\/ohe.de\/en\/wp-json\/wp\/v2\/pages\/203\/revisions\/2689"}],"wp:attachment":[{"href":"https:\/\/ohe.de\/en\/wp-json\/wp\/v2\/media?parent=203"}],"curies":[{"name":"wp","href":"https:\/\/api.w.org\/{rel}","templated":true}]}}