{"id":211,"date":"2023-03-01T06:04:41","date_gmt":"2023-03-01T06:04:41","guid":{"rendered":"https:\/\/ohe.de\/?page_id=211"},"modified":"2023-03-14T11:08:54","modified_gmt":"2023-03-14T11:08:54","slug":"rueckschlagventile-entsperrbar","status":"publish","type":"page","link":"https:\/\/ohe.de\/en\/rueckschlagventile-entsperrbar\/","title":{"rendered":"Pilot operated check valves"},"content":{"rendered":"<div data-elementor-type=\"wp-page\" data-elementor-id=\"211\" class=\"elementor elementor-211\" data-elementor-post-type=\"page\">\n\t\t\t\t\t\t<section class=\"elementor-section elementor-top-section elementor-element elementor-element-33f7642 elementor-section-boxed elementor-section-height-default elementor-section-height-default\" data-id=\"33f7642\" data-element_type=\"section\">\n\t\t\t\t\t\t<div class=\"elementor-container elementor-column-gap-default\">\n\t\t\t\t\t<div class=\"elementor-column elementor-col-100 elementor-top-column elementor-element elementor-element-dbac1a6\" data-id=\"dbac1a6\" data-element_type=\"column\">\n\t\t\t<div class=\"elementor-widget-wrap elementor-element-populated\">\n\t\t\t\t\t\t<div class=\"elementor-element elementor-element-6050d4d elementor-widget elementor-widget-text-editor\" data-id=\"6050d4d\" data-element_type=\"widget\" data-widget_type=\"text-editor.default\">\n\t\t\t\t<div class=\"elementor-widget-container\">\n\t\t\t\t\t\t\t\t\t<h1><strong>Pilot operated check valves<\/strong><\/h1>\t\t\t\t\t\t\t\t<\/div>\n\t\t\t\t<\/div>\n\t\t\t\t\t<\/div>\n\t\t<\/div>\n\t\t\t\t\t<\/div>\n\t\t<\/section>\n\t\t\t\t<section class=\"elementor-section elementor-top-section elementor-element elementor-element-404457c elementor-section-boxed elementor-section-height-default elementor-section-height-default\" data-id=\"404457c\" data-element_type=\"section\">\n\t\t\t\t\t\t<div class=\"elementor-container elementor-column-gap-default\">\n\t\t\t\t\t<div class=\"elementor-column elementor-col-33 elementor-top-column elementor-element elementor-element-f37b470\" data-id=\"f37b470\" data-element_type=\"column\">\n\t\t\t<div class=\"elementor-widget-wrap elementor-element-populated\">\n\t\t\t\t\t\t<div class=\"elementor-element elementor-element-b477240 elementor-widget elementor-widget-image\" data-id=\"b477240\" data-element_type=\"widget\" data-widget_type=\"image.default\">\n\t\t\t\t<div class=\"elementor-widget-container\">\n\t\t\t\t\t\t\t\t\t\t\t\t\t\t\t\t<a href=\"https:\/\/ohe.de\/en\/produkte-ventile-rueckschlagventile-entsperrbar-stempelrueckschlagventil\/\">\n\t\t\t\t\t\t\t<img fetchpriority=\"high\" decoding=\"async\" width=\"440\" height=\"293\" src=\"https:\/\/ohe.de\/wp-content\/uploads\/csm_Stempelrueckschlagventil_RZ_klein_3079fd7648.jpg\" class=\"elementor-animation-grow attachment-full size-full wp-image-691\" alt=\"\" srcset=\"https:\/\/ohe.de\/wp-content\/uploads\/csm_Stempelrueckschlagventil_RZ_klein_3079fd7648.jpg 440w, https:\/\/ohe.de\/wp-content\/uploads\/csm_Stempelrueckschlagventil_RZ_klein_3079fd7648-300x200.jpg 300w\" sizes=\"(max-width: 440px) 100vw, 440px\" \/>\t\t\t\t\t\t\t\t<\/a>\n\t\t\t\t\t\t\t\t\t\t\t\t\t\t\t<\/div>\n\t\t\t\t<\/div>\n\t\t\t\t<div class=\"elementor-element elementor-element-e79a687 elementor-widget elementor-widget-text-editor\" data-id=\"e79a687\" data-element_type=\"widget\" data-widget_type=\"text-editor.default\">\n\t\t\t\t<div class=\"elementor-widget-container\">\n\t\t\t\t\t\t\t\t\t<h4><strong>Leg cylinder check valves<\/strong><\/h4>\t\t\t\t\t\t\t\t<\/div>\n\t\t\t\t<\/div>\n\t\t\t\t<div class=\"elementor-element elementor-element-5f70aa3 elementor-widget elementor-widget-text-editor\" data-id=\"5f70aa3\" data-element_type=\"widget\" data-widget_type=\"text-editor.default\">\n\t\t\t\t<div class=\"elementor-widget-container\">\n\t\t\t\t\t\t\t\t\t<p>These check valves are used to extend or retract leg cylinders or hold them in position.<\/p><p><a href=\"https:\/\/ohe.de\/en\/produkte-ventile-rueckschlagventile-entsperrbar-stempelrueckschlagventil\/\">Learn more<\/a><\/p>\t\t\t\t\t\t\t\t<\/div>\n\t\t\t\t<\/div>\n\t\t\t\t\t<\/div>\n\t\t<\/div>\n\t\t\t\t<div class=\"elementor-column elementor-col-33 elementor-top-column elementor-element elementor-element-2cd7438\" data-id=\"2cd7438\" data-element_type=\"column\">\n\t\t\t<div class=\"elementor-widget-wrap elementor-element-populated\">\n\t\t\t\t\t\t<div class=\"elementor-element elementor-element-d70d734 elementor-widget elementor-widget-image\" data-id=\"d70d734\" data-element_type=\"widget\" data-widget_type=\"image.default\">\n\t\t\t\t<div class=\"elementor-widget-container\">\n\t\t\t\t\t\t\t\t\t\t\t\t\t\t\t\t<a href=\"https:\/\/ohe.de\/en\/produkte-ventile-rueckschlagventile-entsperrbar-schreitzylinder-rueckschlagventil\/\">\n\t\t\t\t\t\t\t<img decoding=\"async\" width=\"440\" height=\"293\" src=\"https:\/\/ohe.de\/wp-content\/uploads\/csm_Schreitzylinder_2_RZ_klein_b7ac6581d3.jpg\" class=\"elementor-animation-grow attachment-full size-full wp-image-690\" alt=\"\" srcset=\"https:\/\/ohe.de\/wp-content\/uploads\/csm_Schreitzylinder_2_RZ_klein_b7ac6581d3.jpg 440w, https:\/\/ohe.de\/wp-content\/uploads\/csm_Schreitzylinder_2_RZ_klein_b7ac6581d3-300x200.jpg 300w\" sizes=\"(max-width: 440px) 100vw, 440px\" \/>\t\t\t\t\t\t\t\t<\/a>\n\t\t\t\t\t\t\t\t\t\t\t\t\t\t\t<\/div>\n\t\t\t\t<\/div>\n\t\t\t\t<div class=\"elementor-element elementor-element-b563741 elementor-widget elementor-widget-text-editor\" data-id=\"b563741\" data-element_type=\"widget\" data-widget_type=\"text-editor.default\">\n\t\t\t\t<div class=\"elementor-widget-container\">\n\t\t\t\t\t\t\t\t\t<h4><strong>Check valves for advancing ram<\/strong><\/h4>\t\t\t\t\t\t\t\t<\/div>\n\t\t\t\t<\/div>\n\t\t\t\t<div class=\"elementor-element elementor-element-07e7bff elementor-widget elementor-widget-text-editor\" data-id=\"07e7bff\" data-element_type=\"widget\" data-widget_type=\"text-editor.default\">\n\t\t\t\t<div class=\"elementor-widget-container\">\n\t\t\t\t\t\t\t\t\t<p>These check valves are used to extend or retract advancing ram cylinders or hold them in position.<\/p><p><a href=\"https:\/\/ohe.de\/en\/produkte-ventile-rueckschlagventile-entsperrbar-schreitzylinder-rueckschlagventil\/\">Learn more<\/a><\/p>\t\t\t\t\t\t\t\t<\/div>\n\t\t\t\t<\/div>\n\t\t\t\t\t<\/div>\n\t\t<\/div>\n\t\t\t\t<div class=\"elementor-column elementor-col-33 elementor-top-column elementor-element elementor-element-1957739\" data-id=\"1957739\" data-element_type=\"column\">\n\t\t\t<div class=\"elementor-widget-wrap elementor-element-populated\">\n\t\t\t\t\t\t<div class=\"elementor-element elementor-element-c3d685b elementor-widget elementor-widget-image\" data-id=\"c3d685b\" data-element_type=\"widget\" data-widget_type=\"image.default\">\n\t\t\t\t<div class=\"elementor-widget-container\">\n\t\t\t\t\t\t\t\t\t\t\t\t\t\t\t\t<a href=\"https:\/\/ohe.de\/en\/produkte-ventile-rueckschlagventile-entsperrbar-rueckschlagventil-zweifach-entsperrbar\/\">\n\t\t\t\t\t\t\t<img decoding=\"async\" width=\"440\" height=\"293\" src=\"https:\/\/ohe.de\/wp-content\/uploads\/csm_rueckschlagventil_2fach-entsperrbar_RZ_klein_f51ecb815d.jpg\" class=\"elementor-animation-grow attachment-full size-full wp-image-689\" alt=\"\" srcset=\"https:\/\/ohe.de\/wp-content\/uploads\/csm_rueckschlagventil_2fach-entsperrbar_RZ_klein_f51ecb815d.jpg 440w, https:\/\/ohe.de\/wp-content\/uploads\/csm_rueckschlagventil_2fach-entsperrbar_RZ_klein_f51ecb815d-300x200.jpg 300w\" sizes=\"(max-width: 440px) 100vw, 440px\" \/>\t\t\t\t\t\t\t\t<\/a>\n\t\t\t\t\t\t\t\t\t\t\t\t\t\t\t<\/div>\n\t\t\t\t<\/div>\n\t\t\t\t<div class=\"elementor-element elementor-element-6ae5c93 elementor-widget elementor-widget-text-editor\" data-id=\"6ae5c93\" data-element_type=\"widget\" data-widget_type=\"text-editor.default\">\n\t\t\t\t<div class=\"elementor-widget-container\">\n\t\t\t\t\t\t\t\t\t<h4><strong>Twin pilot operated check valves<\/strong><\/h4>\t\t\t\t\t\t\t\t<\/div>\n\t\t\t\t<\/div>\n\t\t\t\t<div class=\"elementor-element elementor-element-f08c0c5 elementor-widget elementor-widget-text-editor\" data-id=\"f08c0c5\" data-element_type=\"widget\" data-widget_type=\"text-editor.default\">\n\t\t\t\t<div class=\"elementor-widget-container\">\n\t\t\t\t\t\t\t\t\t<p>These twin pilot controlled check valves are used to extend or retract cylinders or hold them in position.<\/p><p><a href=\"https:\/\/ohe.de\/en\/produkte-ventile-rueckschlagventile-entsperrbar-rueckschlagventil-zweifach-entsperrbar\/\">Learn more<\/a><\/p>\t\t\t\t\t\t\t\t<\/div>\n\t\t\t\t<\/div>\n\t\t\t\t\t<\/div>\n\t\t<\/div>\n\t\t\t\t\t<\/div>\n\t\t<\/section>\n\t\t\t\t<section class=\"elementor-section elementor-top-section elementor-element elementor-element-f937904 elementor-section-boxed elementor-section-height-default elementor-section-height-default\" data-id=\"f937904\" data-element_type=\"section\">\n\t\t\t\t\t\t<div class=\"elementor-container elementor-column-gap-default\">\n\t\t\t\t\t<div class=\"elementor-column elementor-col-33 elementor-top-column elementor-element elementor-element-9109038\" data-id=\"9109038\" data-element_type=\"column\">\n\t\t\t<div class=\"elementor-widget-wrap elementor-element-populated\">\n\t\t\t\t\t\t<div class=\"elementor-element elementor-element-402a165 elementor-widget elementor-widget-image\" data-id=\"402a165\" data-element_type=\"widget\" data-widget_type=\"image.default\">\n\t\t\t\t<div class=\"elementor-widget-container\">\n\t\t\t\t\t\t\t\t\t\t\t\t\t\t\t\t<a href=\"https:\/\/ohe.de\/en\/produkte-ventile-rueckschlagventile-entsperrbar-rueckschlagventil-doppelt-entsperrbar\/\">\n\t\t\t\t\t\t\t<img loading=\"lazy\" decoding=\"async\" width=\"440\" height=\"293\" src=\"https:\/\/ohe.de\/wp-content\/uploads\/csm_doppelt-rueckschlagventil_RZ_klein_375ecd2a88.jpg\" class=\"elementor-animation-grow attachment-full size-full wp-image-688\" alt=\"\" srcset=\"https:\/\/ohe.de\/wp-content\/uploads\/csm_doppelt-rueckschlagventil_RZ_klein_375ecd2a88.jpg 440w, https:\/\/ohe.de\/wp-content\/uploads\/csm_doppelt-rueckschlagventil_RZ_klein_375ecd2a88-300x200.jpg 300w\" sizes=\"(max-width: 440px) 100vw, 440px\" \/>\t\t\t\t\t\t\t\t<\/a>\n\t\t\t\t\t\t\t\t\t\t\t\t\t\t\t<\/div>\n\t\t\t\t<\/div>\n\t\t\t\t<div class=\"elementor-element elementor-element-ca8f076 elementor-widget elementor-widget-text-editor\" data-id=\"ca8f076\" data-element_type=\"widget\" data-widget_type=\"text-editor.default\">\n\t\t\t\t<div class=\"elementor-widget-container\">\n\t\t\t\t\t\t\t\t\t<h4><strong>Double pilot operated check valves<\/strong><\/h4>\t\t\t\t\t\t\t\t<\/div>\n\t\t\t\t<\/div>\n\t\t\t\t<div class=\"elementor-element elementor-element-0401e5a elementor-widget elementor-widget-text-editor\" data-id=\"0401e5a\" data-element_type=\"widget\" data-widget_type=\"text-editor.default\">\n\t\t\t\t<div class=\"elementor-widget-container\">\n\t\t\t\t\t\t\t\t\t<p>These double pilot controlled check valves are used to extend or retract cylinders or hold them in position.<\/p><p><a href=\"https:\/\/ohe.de\/en\/produkte-ventile-rueckschlagventile-entsperrbar-rueckschlagventil-doppelt-entsperrbar\/\">Learn more<\/a><\/p>\t\t\t\t\t\t\t\t<\/div>\n\t\t\t\t<\/div>\n\t\t\t\t\t<\/div>\n\t\t<\/div>\n\t\t\t\t<div class=\"elementor-column elementor-col-33 elementor-top-column elementor-element elementor-element-936affa\" data-id=\"936affa\" data-element_type=\"column\">\n\t\t\t<div class=\"elementor-widget-wrap elementor-element-populated\">\n\t\t\t\t\t\t<div class=\"elementor-element elementor-element-48e0ddb elementor-widget elementor-widget-image\" data-id=\"48e0ddb\" data-element_type=\"widget\" data-widget_type=\"image.default\">\n\t\t\t\t<div class=\"elementor-widget-container\">\n\t\t\t\t\t\t\t\t\t\t\t\t\t\t\t\t<a href=\"https:\/\/ohe.de\/en\/produkte-ventile-rueckschlagventile-entsperrbar-leitungsrueckschlagventil\/\">\n\t\t\t\t\t\t\t<img loading=\"lazy\" decoding=\"async\" width=\"440\" height=\"293\" src=\"https:\/\/ohe.de\/wp-content\/uploads\/csm_Leitungsrueckschlagventil_RZ_klein_25a0489885.jpg\" class=\"elementor-animation-grow attachment-full size-full wp-image-687\" alt=\"\" srcset=\"https:\/\/ohe.de\/wp-content\/uploads\/csm_Leitungsrueckschlagventil_RZ_klein_25a0489885.jpg 440w, https:\/\/ohe.de\/wp-content\/uploads\/csm_Leitungsrueckschlagventil_RZ_klein_25a0489885-300x200.jpg 300w\" sizes=\"(max-width: 440px) 100vw, 440px\" \/>\t\t\t\t\t\t\t\t<\/a>\n\t\t\t\t\t\t\t\t\t\t\t\t\t\t\t<\/div>\n\t\t\t\t<\/div>\n\t\t\t\t<div class=\"elementor-element elementor-element-74e8757 elementor-widget elementor-widget-text-editor\" data-id=\"74e8757\" data-element_type=\"widget\" data-widget_type=\"text-editor.default\">\n\t\t\t\t<div class=\"elementor-widget-container\">\n\t\t\t\t\t\t\t\t\t<h4><strong>In-line check valves<\/strong><\/h4>\t\t\t\t\t\t\t\t<\/div>\n\t\t\t\t<\/div>\n\t\t\t\t<div class=\"elementor-element elementor-element-073e07b elementor-widget elementor-widget-text-editor\" data-id=\"073e07b\" data-element_type=\"widget\" data-widget_type=\"text-editor.default\">\n\t\t\t\t<div class=\"elementor-widget-container\">\n\t\t\t\t\t\t\t\t\t<p>In-line check valves ensure that the hydraulic fluid flows in one direction only.<\/p><p><a href=\"https:\/\/ohe.de\/en\/produkte-ventile-rueckschlagventile-entsperrbar-leitungsrueckschlagventil\/\">Learn more<\/a><\/p>\t\t\t\t\t\t\t\t<\/div>\n\t\t\t\t<\/div>\n\t\t\t\t\t<\/div>\n\t\t<\/div>\n\t\t\t\t<div class=\"elementor-column elementor-col-33 elementor-top-column elementor-element elementor-element-f350837\" data-id=\"f350837\" data-element_type=\"column\">\n\t\t\t<div class=\"elementor-widget-wrap elementor-element-populated\">\n\t\t\t\t\t\t<div class=\"elementor-element elementor-element-aaedaab elementor-widget elementor-widget-image\" data-id=\"aaedaab\" data-element_type=\"widget\" data-widget_type=\"image.default\">\n\t\t\t\t<div class=\"elementor-widget-container\">\n\t\t\t\t\t\t\t\t\t\t\t\t\t\t\t\t<a href=\"https:\/\/ohe.de\/en\/produkte-ventile-rueckschlagventile-entsperrbar-sonderrueckschlagventil\/\">\n\t\t\t\t\t\t\t<img loading=\"lazy\" decoding=\"async\" width=\"440\" height=\"293\" src=\"https:\/\/ohe.de\/wp-content\/uploads\/csm_Sonderrueckschlagsventil_RZ_klein_231e70f568.jpg\" class=\"elementor-animation-grow attachment-full size-full wp-image-686\" alt=\"\" srcset=\"https:\/\/ohe.de\/wp-content\/uploads\/csm_Sonderrueckschlagsventil_RZ_klein_231e70f568.jpg 440w, https:\/\/ohe.de\/wp-content\/uploads\/csm_Sonderrueckschlagsventil_RZ_klein_231e70f568-300x200.jpg 300w\" sizes=\"(max-width: 440px) 100vw, 440px\" \/>\t\t\t\t\t\t\t\t<\/a>\n\t\t\t\t\t\t\t\t\t\t\t\t\t\t\t<\/div>\n\t\t\t\t<\/div>\n\t\t\t\t<div class=\"elementor-element elementor-element-2f4dc58 elementor-widget elementor-widget-text-editor\" data-id=\"2f4dc58\" data-element_type=\"widget\" data-widget_type=\"text-editor.default\">\n\t\t\t\t<div class=\"elementor-widget-container\">\n\t\t\t\t\t\t\t\t\t<h4><strong>Special check valves<\/strong><\/h4>\t\t\t\t\t\t\t\t<\/div>\n\t\t\t\t<\/div>\n\t\t\t\t<div class=\"elementor-element elementor-element-1d8d968 elementor-widget elementor-widget-text-editor\" data-id=\"1d8d968\" data-element_type=\"widget\" data-widget_type=\"text-editor.default\">\n\t\t\t\t<div class=\"elementor-widget-container\">\n\t\t\t\t\t\t\t\t\t<p>These check valves are used to extend or retract cylinders or hold them in position.<\/p><p><a href=\"https:\/\/ohe.de\/en\/produkte-ventile-rueckschlagventile-entsperrbar-sonderrueckschlagventil\/\">Learn more<\/a><\/p>\t\t\t\t\t\t\t\t<\/div>\n\t\t\t\t<\/div>\n\t\t\t\t\t<\/div>\n\t\t<\/div>\n\t\t\t\t\t<\/div>\n\t\t<\/section>\n\t\t\t\t<section class=\"elementor-section elementor-top-section elementor-element elementor-element-3a1bd66 elementor-section-boxed elementor-section-height-default elementor-section-height-default\" data-id=\"3a1bd66\" data-element_type=\"section\">\n\t\t\t\t\t\t<div class=\"elementor-container elementor-column-gap-default\">\n\t\t\t\t\t<div class=\"elementor-column elementor-col-33 elementor-top-column elementor-element elementor-element-d2554c2\" data-id=\"d2554c2\" data-element_type=\"column\">\n\t\t\t<div class=\"elementor-widget-wrap elementor-element-populated\">\n\t\t\t\t\t\t<div class=\"elementor-element elementor-element-4be6774 elementor-widget elementor-widget-image\" data-id=\"4be6774\" data-element_type=\"widget\" data-widget_type=\"image.default\">\n\t\t\t\t<div class=\"elementor-widget-container\">\n\t\t\t\t\t\t\t\t\t\t\t\t\t\t\t\t<a href=\"https:\/\/ohe.de\/en\/produkte-ventile-rueckschlagventile-entsperrbar-daempfungsventil\/\">\n\t\t\t\t\t\t\t<img loading=\"lazy\" decoding=\"async\" width=\"440\" height=\"293\" src=\"https:\/\/ohe.de\/wp-content\/uploads\/csm_Daempfungsventil_RZ_klein_2930f1fc23.jpg\" class=\"elementor-animation-grow attachment-full size-full wp-image-685\" alt=\"\" srcset=\"https:\/\/ohe.de\/wp-content\/uploads\/csm_Daempfungsventil_RZ_klein_2930f1fc23.jpg 440w, https:\/\/ohe.de\/wp-content\/uploads\/csm_Daempfungsventil_RZ_klein_2930f1fc23-300x200.jpg 300w\" sizes=\"(max-width: 440px) 100vw, 440px\" \/>\t\t\t\t\t\t\t\t<\/a>\n\t\t\t\t\t\t\t\t\t\t\t\t\t\t\t<\/div>\n\t\t\t\t<\/div>\n\t\t\t\t<div class=\"elementor-element elementor-element-b396baa elementor-widget elementor-widget-text-editor\" data-id=\"b396baa\" data-element_type=\"widget\" data-widget_type=\"text-editor.default\">\n\t\t\t\t<div class=\"elementor-widget-container\">\n\t\t\t\t\t\t\t\t\t<h4><strong>Throttle valves<\/strong><\/h4>\t\t\t\t\t\t\t\t<\/div>\n\t\t\t\t<\/div>\n\t\t\t\t<div class=\"elementor-element elementor-element-4afdafa elementor-widget elementor-widget-text-editor\" data-id=\"4afdafa\" data-element_type=\"widget\" data-widget_type=\"text-editor.default\">\n\t\t\t\t<div class=\"elementor-widget-container\">\n\t\t\t\t\t\t\t\t\t<p>These valves throttle the flow until a defined maximum pressure level is reached. Upon reaching this level, they completely release the flow pressure.<\/p><p><a href=\"https:\/\/ohe.de\/en\/produkte-ventile-rueckschlagventile-entsperrbar-daempfungsventil\/\">Learn more<\/a><\/p>\t\t\t\t\t\t\t\t<\/div>\n\t\t\t\t<\/div>\n\t\t\t\t\t<\/div>\n\t\t<\/div>\n\t\t\t\t<div class=\"elementor-column elementor-col-33 elementor-top-column elementor-element elementor-element-9d2ef33\" data-id=\"9d2ef33\" data-element_type=\"column\">\n\t\t\t<div class=\"elementor-widget-wrap elementor-element-populated\">\n\t\t\t\t\t\t<div class=\"elementor-element elementor-element-e9ab8e7 elementor-widget elementor-widget-image\" data-id=\"e9ab8e7\" data-element_type=\"widget\" data-widget_type=\"image.default\">\n\t\t\t\t<div class=\"elementor-widget-container\">\n\t\t\t\t\t\t\t\t\t\t\t\t\t\t\t\t<a href=\"https:\/\/ohe.de\/en\/produkte-ventile-rueckschlagventile-entsperrbar-bodenventil-mechanisch-entsperrbar\/\">\n\t\t\t\t\t\t\t<img loading=\"lazy\" decoding=\"async\" width=\"440\" height=\"293\" src=\"https:\/\/ohe.de\/wp-content\/uploads\/csm_Bodenventil-mechanisch-entsperrbar_RZ_klein_cd36a54d42.jpg\" class=\"elementor-animation-grow attachment-full size-full wp-image-684\" alt=\"\" srcset=\"https:\/\/ohe.de\/wp-content\/uploads\/csm_Bodenventil-mechanisch-entsperrbar_RZ_klein_cd36a54d42.jpg 440w, https:\/\/ohe.de\/wp-content\/uploads\/csm_Bodenventil-mechanisch-entsperrbar_RZ_klein_cd36a54d42-300x200.jpg 300w\" sizes=\"(max-width: 440px) 100vw, 440px\" \/>\t\t\t\t\t\t\t\t<\/a>\n\t\t\t\t\t\t\t\t\t\t\t\t\t\t\t<\/div>\n\t\t\t\t<\/div>\n\t\t\t\t<div class=\"elementor-element elementor-element-ad5f8ca elementor-widget elementor-widget-text-editor\" data-id=\"ad5f8ca\" data-element_type=\"widget\" data-widget_type=\"text-editor.default\">\n\t\t\t\t<div class=\"elementor-widget-container\">\n\t\t\t\t\t\t\t\t\t<h4><strong>Bottom valves<\/strong><\/h4>\t\t\t\t\t\t\t\t<\/div>\n\t\t\t\t<\/div>\n\t\t\t\t<div class=\"elementor-element elementor-element-b239eb8 elementor-widget elementor-widget-text-editor\" data-id=\"b239eb8\" data-element_type=\"widget\" data-widget_type=\"text-editor.default\">\n\t\t\t\t<div class=\"elementor-widget-container\">\n\t\t\t\t\t\t\t\t\t<p>These mechanically pilot-operated check valves are installed in multiple lifting cylinders.<\/p><p><a href=\"https:\/\/ohe.de\/en\/produkte-ventile-rueckschlagventile-entsperrbar-bodenventil-mechanisch-entsperrbar\/\">Learn more<\/a><\/p>\t\t\t\t\t\t\t\t<\/div>\n\t\t\t\t<\/div>\n\t\t\t\t\t<\/div>\n\t\t<\/div>\n\t\t\t\t<div class=\"elementor-column elementor-col-33 elementor-top-column elementor-element elementor-element-a3e165f\" data-id=\"a3e165f\" data-element_type=\"column\">\n\t\t\t<div class=\"elementor-widget-wrap\">\n\t\t\t\t\t\t\t<\/div>\n\t\t<\/div>\n\t\t\t\t\t<\/div>\n\t\t<\/section>\n\t\t\t\t<\/div>","protected":false},"excerpt":{"rendered":"<p>R\u00fcckschlagventile entsperrbar Stempelr\u00fcckschlagventil Das Stempelr\u00fcckschlagventil dient zum Ausfahren, Einfahren oder Halten des Stempels. mehr erfahren Schreitzylinder-R\u00fcckschlagventil Das Schreitventil dient zum Ausfahren, Einfahren oder Halten des Schreitzylinders. mehr erfahren R\u00fcckschlagventil, zweifach entsperrbar Das zweifach entsperrbare R\u00fcckschlagventil dient zum Ausfahren, Einfahren oder Halten von Zylindern. mehr erfahren R\u00fcckschlagventil, doppelt entsperrbar Das doppelt entsperrbare R\u00fcckschlagventil dient zum Ausfahren, [&hellip;]<\/p>","protected":false},"author":2,"featured_media":0,"parent":0,"menu_order":0,"comment_status":"closed","ping_status":"closed","template":"","meta":{"footnotes":""},"class_list":["post-211","page","type-page","status-publish","hentry"],"_links":{"self":[{"href":"https:\/\/ohe.de\/en\/wp-json\/wp\/v2\/pages\/211","targetHints":{"allow":["GET"]}}],"collection":[{"href":"https:\/\/ohe.de\/en\/wp-json\/wp\/v2\/pages"}],"about":[{"href":"https:\/\/ohe.de\/en\/wp-json\/wp\/v2\/types\/page"}],"author":[{"embeddable":true,"href":"https:\/\/ohe.de\/en\/wp-json\/wp\/v2\/users\/2"}],"replies":[{"embeddable":true,"href":"https:\/\/ohe.de\/en\/wp-json\/wp\/v2\/comments?post=211"}],"version-history":[{"count":17,"href":"https:\/\/ohe.de\/en\/wp-json\/wp\/v2\/pages\/211\/revisions"}],"predecessor-version":[{"id":2747,"href":"https:\/\/ohe.de\/en\/wp-json\/wp\/v2\/pages\/211\/revisions\/2747"}],"wp:attachment":[{"href":"https:\/\/ohe.de\/en\/wp-json\/wp\/v2\/media?parent=211"}],"curies":[{"name":"wp","href":"https:\/\/api.w.org\/{rel}","templated":true}]}}