{"id":213,"date":"2023-03-01T06:05:02","date_gmt":"2023-03-01T06:05:02","guid":{"rendered":"https:\/\/ohe.de\/?page_id=213"},"modified":"2023-03-14T11:09:44","modified_gmt":"2023-03-14T11:09:44","slug":"druckbegrenzungsventile","status":"publish","type":"page","link":"https:\/\/ohe.de\/en\/druckbegrenzungsventile\/","title":{"rendered":"Yield valves"},"content":{"rendered":"<div data-elementor-type=\"wp-page\" data-elementor-id=\"213\" class=\"elementor elementor-213\" data-elementor-post-type=\"page\">\n\t\t\t\t\t\t<section class=\"elementor-section elementor-top-section elementor-element elementor-element-ca7da3a elementor-section-boxed elementor-section-height-default elementor-section-height-default\" data-id=\"ca7da3a\" data-element_type=\"section\">\n\t\t\t\t\t\t<div class=\"elementor-container elementor-column-gap-default\">\n\t\t\t\t\t<div class=\"elementor-column elementor-col-100 elementor-top-column elementor-element elementor-element-7f6901b\" data-id=\"7f6901b\" data-element_type=\"column\">\n\t\t\t<div class=\"elementor-widget-wrap elementor-element-populated\">\n\t\t\t\t\t\t<div class=\"elementor-element elementor-element-f48294a elementor-widget elementor-widget-text-editor\" data-id=\"f48294a\" data-element_type=\"widget\" data-widget_type=\"text-editor.default\">\n\t\t\t\t<div class=\"elementor-widget-container\">\n\t\t\t\t\t\t\t\t\t<h1><strong>Yield valves<\/strong><\/h1>\t\t\t\t\t\t\t\t<\/div>\n\t\t\t\t<\/div>\n\t\t\t\t\t<\/div>\n\t\t<\/div>\n\t\t\t\t\t<\/div>\n\t\t<\/section>\n\t\t\t\t<section class=\"elementor-section elementor-top-section elementor-element elementor-element-e3d4365 elementor-section-boxed elementor-section-height-default elementor-section-height-default\" data-id=\"e3d4365\" data-element_type=\"section\">\n\t\t\t\t\t\t<div class=\"elementor-container elementor-column-gap-default\">\n\t\t\t\t\t<div class=\"elementor-column elementor-col-33 elementor-top-column elementor-element elementor-element-b8d8e5c\" data-id=\"b8d8e5c\" data-element_type=\"column\">\n\t\t\t<div class=\"elementor-widget-wrap elementor-element-populated\">\n\t\t\t\t\t\t<div class=\"elementor-element elementor-element-d9bcbd0 elementor-widget elementor-widget-image\" data-id=\"d9bcbd0\" data-element_type=\"widget\" data-widget_type=\"image.default\">\n\t\t\t\t<div class=\"elementor-widget-container\">\n\t\t\t\t\t\t\t\t\t\t\t\t\t\t\t\t<a href=\"https:\/\/ohe.de\/en\/produkte-ventile-druckbegrenzungsventile-druckbegrenzungsventil-offener-federraum\/\">\n\t\t\t\t\t\t\t<img fetchpriority=\"high\" decoding=\"async\" width=\"440\" height=\"293\" src=\"https:\/\/ohe.de\/wp-content\/uploads\/csm_Druckbegrenzungsventil-offen-Federraum_RZ_klein_bb1c4e591d.jpg\" class=\"elementor-animation-grow attachment-full size-full wp-image-703\" alt=\"\" srcset=\"https:\/\/ohe.de\/wp-content\/uploads\/csm_Druckbegrenzungsventil-offen-Federraum_RZ_klein_bb1c4e591d.jpg 440w, https:\/\/ohe.de\/wp-content\/uploads\/csm_Druckbegrenzungsventil-offen-Federraum_RZ_klein_bb1c4e591d-300x200.jpg 300w\" sizes=\"(max-width: 440px) 100vw, 440px\" \/>\t\t\t\t\t\t\t\t<\/a>\n\t\t\t\t\t\t\t\t\t\t\t\t\t\t\t<\/div>\n\t\t\t\t<\/div>\n\t\t\t\t<div class=\"elementor-element elementor-element-582c82c elementor-widget elementor-widget-text-editor\" data-id=\"582c82c\" data-element_type=\"widget\" data-widget_type=\"text-editor.default\">\n\t\t\t\t<div class=\"elementor-widget-container\">\n\t\t\t\t\t\t\t\t\t<h4><strong>Yield valves with open spring housing<\/strong><\/h4>\t\t\t\t\t\t\t\t<\/div>\n\t\t\t\t<\/div>\n\t\t\t\t<div class=\"elementor-element elementor-element-5f04207 elementor-widget elementor-widget-text-editor\" data-id=\"5f04207\" data-element_type=\"widget\" data-widget_type=\"text-editor.default\">\n\t\t\t\t<div class=\"elementor-widget-container\">\n\t\t\t\t\t\t\t\t\t<p>Yield valves with open spring housing prevent the pressure from exceeding a defined level. They are mainly used in connection with check valve controlled actuators.<\/p><p><a href=\"https:\/\/ohe.de\/en\/produkte-ventile-druckbegrenzungsventile-druckbegrenzungsventil-offener-federraum\/\">Learn more<\/a><\/p>\t\t\t\t\t\t\t\t<\/div>\n\t\t\t\t<\/div>\n\t\t\t\t\t<\/div>\n\t\t<\/div>\n\t\t\t\t<div class=\"elementor-column elementor-col-33 elementor-top-column elementor-element elementor-element-5d3fddb\" data-id=\"5d3fddb\" data-element_type=\"column\">\n\t\t\t<div class=\"elementor-widget-wrap elementor-element-populated\">\n\t\t\t\t\t\t<div class=\"elementor-element elementor-element-4b1afc9 elementor-widget elementor-widget-image\" data-id=\"4b1afc9\" data-element_type=\"widget\" data-widget_type=\"image.default\">\n\t\t\t\t<div class=\"elementor-widget-container\">\n\t\t\t\t\t\t\t\t\t\t\t\t\t\t\t\t<a href=\"https:\/\/ohe.de\/en\/produkte-ventile-druckbegrenzungsventile-druckbegrenzungsventil-geschlossener-federraum\/\">\n\t\t\t\t\t\t\t<img decoding=\"async\" width=\"440\" height=\"293\" src=\"https:\/\/ohe.de\/wp-content\/uploads\/csm_Druckbegrenzungsventil-geschlossen-Federraum_RZ_klein_b2a8ce6d22.jpg\" class=\"elementor-animation-grow attachment-full size-full wp-image-702\" alt=\"\" srcset=\"https:\/\/ohe.de\/wp-content\/uploads\/csm_Druckbegrenzungsventil-geschlossen-Federraum_RZ_klein_b2a8ce6d22.jpg 440w, https:\/\/ohe.de\/wp-content\/uploads\/csm_Druckbegrenzungsventil-geschlossen-Federraum_RZ_klein_b2a8ce6d22-300x200.jpg 300w\" sizes=\"(max-width: 440px) 100vw, 440px\" \/>\t\t\t\t\t\t\t\t<\/a>\n\t\t\t\t\t\t\t\t\t\t\t\t\t\t\t<\/div>\n\t\t\t\t<\/div>\n\t\t\t\t<div class=\"elementor-element elementor-element-d300170 elementor-widget elementor-widget-text-editor\" data-id=\"d300170\" data-element_type=\"widget\" data-widget_type=\"text-editor.default\">\n\t\t\t\t<div class=\"elementor-widget-container\">\n\t\t\t\t\t\t\t\t\t<h4><strong>Yield valves with closed spring housing<\/strong><\/h4>\t\t\t\t\t\t\t\t<\/div>\n\t\t\t\t<\/div>\n\t\t\t\t<div class=\"elementor-element elementor-element-85653f2 elementor-widget elementor-widget-text-editor\" data-id=\"85653f2\" data-element_type=\"widget\" data-widget_type=\"text-editor.default\">\n\t\t\t\t<div class=\"elementor-widget-container\">\n\t\t\t\t\t\t\t\t\t<p>Yield valves with closed spring housing prevent the pressure from exceeding a defined level. They are mainly used in connection with check valve controlled actuators.<\/p><p><a href=\"https:\/\/ohe.de\/en\/produkte-ventile-druckbegrenzungsventile-druckbegrenzungsventil-geschlossener-federraum\/\">Learn more<\/a><\/p>\t\t\t\t\t\t\t\t<\/div>\n\t\t\t\t<\/div>\n\t\t\t\t\t<\/div>\n\t\t<\/div>\n\t\t\t\t<div class=\"elementor-column elementor-col-33 elementor-top-column elementor-element elementor-element-88447c8\" data-id=\"88447c8\" data-element_type=\"column\">\n\t\t\t<div class=\"elementor-widget-wrap elementor-element-populated\">\n\t\t\t\t\t\t<div class=\"elementor-element elementor-element-d39581b elementor-widget elementor-widget-image\" data-id=\"d39581b\" data-element_type=\"widget\" data-widget_type=\"image.default\">\n\t\t\t\t<div class=\"elementor-widget-container\">\n\t\t\t\t\t\t\t\t\t\t\t\t\t\t\t\t<a href=\"https:\/\/ohe.de\/en\/produkte-ventile-druckbegrenzungsventile-druckbegrenzungsventil-stickstoff-n2\/\">\n\t\t\t\t\t\t\t<img decoding=\"async\" width=\"440\" height=\"293\" src=\"https:\/\/ohe.de\/wp-content\/uploads\/csm_Druckbegrenzungsventil_N2_8f02741604.jpg\" class=\"elementor-animation-grow attachment-full size-full wp-image-701\" alt=\"\" srcset=\"https:\/\/ohe.de\/wp-content\/uploads\/csm_Druckbegrenzungsventil_N2_8f02741604.jpg 440w, https:\/\/ohe.de\/wp-content\/uploads\/csm_Druckbegrenzungsventil_N2_8f02741604-300x200.jpg 300w\" sizes=\"(max-width: 440px) 100vw, 440px\" \/>\t\t\t\t\t\t\t\t<\/a>\n\t\t\t\t\t\t\t\t\t\t\t\t\t\t\t<\/div>\n\t\t\t\t<\/div>\n\t\t\t\t<div class=\"elementor-element elementor-element-2daa6ba elementor-widget elementor-widget-text-editor\" data-id=\"2daa6ba\" data-element_type=\"widget\" data-widget_type=\"text-editor.default\">\n\t\t\t\t<div class=\"elementor-widget-container\">\n\t\t\t\t\t\t\t\t\t<h4><strong>Nitrogen-loaded yield valves<\/strong><\/h4>\t\t\t\t\t\t\t\t<\/div>\n\t\t\t\t<\/div>\n\t\t\t\t<div class=\"elementor-element elementor-element-d562871 elementor-widget elementor-widget-text-editor\" data-id=\"d562871\" data-element_type=\"widget\" data-widget_type=\"text-editor.default\">\n\t\t\t\t<div class=\"elementor-widget-container\">\n\t\t\t\t\t\t\t\t\t<p>Yield valves loaded with nitrogen N2 prevent the pressure from exceeding a defined level. They are used in connection with check valve controlled actuators, predominantly at the leg.<\/p><p><a href=\"https:\/\/ohe.de\/en\/produkte-ventile-druckbegrenzungsventile-druckbegrenzungsventil-stickstoff-n2\/\">Learn more<\/a><\/p>\t\t\t\t\t\t\t\t<\/div>\n\t\t\t\t<\/div>\n\t\t\t\t\t<\/div>\n\t\t<\/div>\n\t\t\t\t\t<\/div>\n\t\t<\/section>\n\t\t\t\t<section class=\"elementor-section elementor-top-section elementor-element elementor-element-196d2e7 elementor-section-boxed elementor-section-height-default elementor-section-height-default\" data-id=\"196d2e7\" data-element_type=\"section\">\n\t\t\t\t\t\t<div class=\"elementor-container elementor-column-gap-default\">\n\t\t\t\t\t<div class=\"elementor-column elementor-col-33 elementor-top-column elementor-element elementor-element-a02afc9\" data-id=\"a02afc9\" data-element_type=\"column\">\n\t\t\t<div class=\"elementor-widget-wrap elementor-element-populated\">\n\t\t\t\t\t\t<div class=\"elementor-element elementor-element-b214541 elementor-widget elementor-widget-image\" data-id=\"b214541\" data-element_type=\"widget\" data-widget_type=\"image.default\">\n\t\t\t\t<div class=\"elementor-widget-container\">\n\t\t\t\t\t\t\t\t\t\t\t\t\t\t\t\t<a href=\"https:\/\/ohe.de\/en\/produkte-ventile-druckbegrenzungsventile-gebirgsschlagventil\/\">\n\t\t\t\t\t\t\t<img loading=\"lazy\" decoding=\"async\" width=\"440\" height=\"293\" src=\"https:\/\/ohe.de\/wp-content\/uploads\/csm_Gebirgsschlagventil_RZ_klein_e6ba1ec041.jpg\" class=\"elementor-animation-grow attachment-full size-full wp-image-700\" alt=\"\" srcset=\"https:\/\/ohe.de\/wp-content\/uploads\/csm_Gebirgsschlagventil_RZ_klein_e6ba1ec041.jpg 440w, https:\/\/ohe.de\/wp-content\/uploads\/csm_Gebirgsschlagventil_RZ_klein_e6ba1ec041-300x200.jpg 300w\" sizes=\"(max-width: 440px) 100vw, 440px\" \/>\t\t\t\t\t\t\t\t<\/a>\n\t\t\t\t\t\t\t\t\t\t\t\t\t\t\t<\/div>\n\t\t\t\t<\/div>\n\t\t\t\t<div class=\"elementor-element elementor-element-006b6b8 elementor-widget elementor-widget-text-editor\" data-id=\"006b6b8\" data-element_type=\"widget\" data-widget_type=\"text-editor.default\">\n\t\t\t\t<div class=\"elementor-widget-container\">\n\t\t\t\t\t\t\t\t\t<h4><strong>Rock burst valves<\/strong><\/h4>\t\t\t\t\t\t\t\t<\/div>\n\t\t\t\t<\/div>\n\t\t\t\t<div class=\"elementor-element elementor-element-9735870 elementor-widget elementor-widget-text-editor\" data-id=\"9735870\" data-element_type=\"widget\" data-widget_type=\"text-editor.default\">\n\t\t\t\t<div class=\"elementor-widget-container\">\n\t\t\t\t\t\t\t\t\t<p>These valves prevent the leg pressure from exceeding a defined level in the event of a rock burst.<\/p><p><a href=\"https:\/\/ohe.de\/en\/produkte-ventile-druckbegrenzungsventile-gebirgsschlagventil\/\">Learn more<\/a><\/p>\t\t\t\t\t\t\t\t<\/div>\n\t\t\t\t<\/div>\n\t\t\t\t\t<\/div>\n\t\t<\/div>\n\t\t\t\t<div class=\"elementor-column elementor-col-33 elementor-top-column elementor-element elementor-element-d78667e\" data-id=\"d78667e\" data-element_type=\"column\">\n\t\t\t<div class=\"elementor-widget-wrap\">\n\t\t\t\t\t\t\t<\/div>\n\t\t<\/div>\n\t\t\t\t<div class=\"elementor-column elementor-col-33 elementor-top-column elementor-element elementor-element-422f77e\" data-id=\"422f77e\" data-element_type=\"column\">\n\t\t\t<div class=\"elementor-widget-wrap\">\n\t\t\t\t\t\t\t<\/div>\n\t\t<\/div>\n\t\t\t\t\t<\/div>\n\t\t<\/section>\n\t\t\t\t<\/div>","protected":false},"excerpt":{"rendered":"<p>Druckbegrenzungsventile Druckbegrenzungsventil mit offenem Federraum Das Druckbegrenzungsventil mit offenem Federraum dient zum Begrenzen des H\u00f6chstdrucks und findet haupts\u00e4chlich bei r\u00fcckschlaggesicherten Verbrauchern Verwendung. mehr erfahren Druckbegrenzungsventil mit geschlossenem Federraum Das Druckbegrenzungsventil mit geschlossenem Federraum dient zum Begrenzen des H\u00f6chstdrucks und findet haupts\u00e4chlich bei r\u00fcckschlaggesicherten Verbrauchern Verwendung. mehr erfahren Druckbegrenzungsventil mit Stickstoff N2 Das Druckbegrenzungsventil mit Stickstoff [&hellip;]<\/p>","protected":false},"author":2,"featured_media":0,"parent":0,"menu_order":0,"comment_status":"closed","ping_status":"closed","template":"","meta":{"footnotes":""},"class_list":["post-213","page","type-page","status-publish","hentry"],"_links":{"self":[{"href":"https:\/\/ohe.de\/en\/wp-json\/wp\/v2\/pages\/213","targetHints":{"allow":["GET"]}}],"collection":[{"href":"https:\/\/ohe.de\/en\/wp-json\/wp\/v2\/pages"}],"about":[{"href":"https:\/\/ohe.de\/en\/wp-json\/wp\/v2\/types\/page"}],"author":[{"embeddable":true,"href":"https:\/\/ohe.de\/en\/wp-json\/wp\/v2\/users\/2"}],"replies":[{"embeddable":true,"href":"https:\/\/ohe.de\/en\/wp-json\/wp\/v2\/comments?post=213"}],"version-history":[{"count":14,"href":"https:\/\/ohe.de\/en\/wp-json\/wp\/v2\/pages\/213\/revisions"}],"predecessor-version":[{"id":2690,"href":"https:\/\/ohe.de\/en\/wp-json\/wp\/v2\/pages\/213\/revisions\/2690"}],"wp:attachment":[{"href":"https:\/\/ohe.de\/en\/wp-json\/wp\/v2\/media?parent=213"}],"curies":[{"name":"wp","href":"https:\/\/api.w.org\/{rel}","templated":true}]}}