{"id":215,"date":"2023-03-01T06:05:24","date_gmt":"2023-03-01T06:05:24","guid":{"rendered":"https:\/\/ohe.de\/?page_id=215"},"modified":"2023-03-14T11:11:07","modified_gmt":"2023-03-14T11:11:07","slug":"zubehoer","status":"publish","type":"page","link":"https:\/\/ohe.de\/en\/zubehoer\/","title":{"rendered":"Accessories"},"content":{"rendered":"<div data-elementor-type=\"wp-page\" data-elementor-id=\"215\" class=\"elementor elementor-215\" data-elementor-post-type=\"page\">\n\t\t\t\t\t\t<section class=\"elementor-section elementor-top-section elementor-element elementor-element-405052f elementor-section-boxed elementor-section-height-default elementor-section-height-default\" data-id=\"405052f\" data-element_type=\"section\">\n\t\t\t\t\t\t<div class=\"elementor-container elementor-column-gap-default\">\n\t\t\t\t\t<div class=\"elementor-column elementor-col-100 elementor-top-column elementor-element elementor-element-50d69fa\" data-id=\"50d69fa\" data-element_type=\"column\">\n\t\t\t<div class=\"elementor-widget-wrap elementor-element-populated\">\n\t\t\t\t\t\t<div class=\"elementor-element elementor-element-1e11e41 elementor-widget elementor-widget-text-editor\" data-id=\"1e11e41\" data-element_type=\"widget\" data-widget_type=\"text-editor.default\">\n\t\t\t\t<div class=\"elementor-widget-container\">\n\t\t\t\t\t\t\t\t\t<h1><strong>Accessories<\/strong><\/h1>\t\t\t\t\t\t\t\t<\/div>\n\t\t\t\t<\/div>\n\t\t\t\t\t<\/div>\n\t\t<\/div>\n\t\t\t\t\t<\/div>\n\t\t<\/section>\n\t\t\t\t<section class=\"elementor-section elementor-top-section elementor-element elementor-element-810a3e8 elementor-section-boxed elementor-section-height-default elementor-section-height-default\" data-id=\"810a3e8\" data-element_type=\"section\">\n\t\t\t\t\t\t<div class=\"elementor-container elementor-column-gap-default\">\n\t\t\t\t\t<div class=\"elementor-column elementor-col-33 elementor-top-column elementor-element elementor-element-a5d65df\" data-id=\"a5d65df\" data-element_type=\"column\">\n\t\t\t<div class=\"elementor-widget-wrap elementor-element-populated\">\n\t\t\t\t\t\t<div class=\"elementor-element elementor-element-425380c elementor-widget elementor-widget-image\" data-id=\"425380c\" data-element_type=\"widget\" data-widget_type=\"image.default\">\n\t\t\t\t<div class=\"elementor-widget-container\">\n\t\t\t\t\t\t\t\t\t\t\t\t\t\t\t\t<a href=\"https:\/\/ohe.de\/en\/produkte-zubehoer-doppel-rueckspuelfilter-handbetaetigt-oder-elektrisch-betaetigt\/\">\n\t\t\t\t\t\t\t<img fetchpriority=\"high\" decoding=\"async\" width=\"440\" height=\"293\" src=\"https:\/\/ohe.de\/wp-content\/uploads\/csm_Rueckspuelfilter-manuell-elektrisch-2_RZ_klein_21ff4d178e.jpg\" class=\"elementor-animation-grow attachment-full size-full wp-image-717\" alt=\"\" srcset=\"https:\/\/ohe.de\/wp-content\/uploads\/csm_Rueckspuelfilter-manuell-elektrisch-2_RZ_klein_21ff4d178e.jpg 440w, https:\/\/ohe.de\/wp-content\/uploads\/csm_Rueckspuelfilter-manuell-elektrisch-2_RZ_klein_21ff4d178e-300x200.jpg 300w\" sizes=\"(max-width: 440px) 100vw, 440px\" \/>\t\t\t\t\t\t\t\t<\/a>\n\t\t\t\t\t\t\t\t\t\t\t\t\t\t\t<\/div>\n\t\t\t\t<\/div>\n\t\t\t\t<div class=\"elementor-element elementor-element-a009b51 elementor-widget elementor-widget-text-editor\" data-id=\"a009b51\" data-element_type=\"widget\" data-widget_type=\"text-editor.default\">\n\t\t\t\t<div class=\"elementor-widget-container\">\n\t\t\t\t\t\t\t\t\t<h4><strong>Manual\/electrohydraulic double backflush filters<\/strong><\/h4>\t\t\t\t\t\t\t\t<\/div>\n\t\t\t\t<\/div>\n\t\t\t\t<div class=\"elementor-element elementor-element-d3b6ea6 elementor-widget elementor-widget-text-editor\" data-id=\"d3b6ea6\" data-element_type=\"widget\" data-widget_type=\"text-editor.default\">\n\t\t\t\t<div class=\"elementor-widget-container\">\n\t\t\t\t\t\t\t\t\t<p>These double filters remove contaminant particles from the hydraulic fluid.<\/p><p><a href=\"https:\/\/ohe.de\/en\/produkte-zubehoer-doppel-rueckspuelfilter-handbetaetigt-oder-elektrisch-betaetigt\/\">Learn more<\/a><\/p>\t\t\t\t\t\t\t\t<\/div>\n\t\t\t\t<\/div>\n\t\t\t\t\t<\/div>\n\t\t<\/div>\n\t\t\t\t<div class=\"elementor-column elementor-col-33 elementor-top-column elementor-element elementor-element-df94129\" data-id=\"df94129\" data-element_type=\"column\">\n\t\t\t<div class=\"elementor-widget-wrap elementor-element-populated\">\n\t\t\t\t\t\t<div class=\"elementor-element elementor-element-37e7fc7 elementor-widget elementor-widget-image\" data-id=\"37e7fc7\" data-element_type=\"widget\" data-widget_type=\"image.default\">\n\t\t\t\t<div class=\"elementor-widget-container\">\n\t\t\t\t\t\t\t\t\t\t\t\t\t\t\t\t<a href=\"https:\/\/ohe.de\/en\/produkte-zubehoer-leitungsfilter\/\">\n\t\t\t\t\t\t\t<img decoding=\"async\" width=\"440\" height=\"293\" src=\"https:\/\/ohe.de\/wp-content\/uploads\/csm_Leitungsfilter_RZ_klein_7846eb0d0d.jpg\" class=\"elementor-animation-grow attachment-full size-full wp-image-716\" alt=\"\" srcset=\"https:\/\/ohe.de\/wp-content\/uploads\/csm_Leitungsfilter_RZ_klein_7846eb0d0d.jpg 440w, https:\/\/ohe.de\/wp-content\/uploads\/csm_Leitungsfilter_RZ_klein_7846eb0d0d-300x200.jpg 300w\" sizes=\"(max-width: 440px) 100vw, 440px\" \/>\t\t\t\t\t\t\t\t<\/a>\n\t\t\t\t\t\t\t\t\t\t\t\t\t\t\t<\/div>\n\t\t\t\t<\/div>\n\t\t\t\t<div class=\"elementor-element elementor-element-59bb6c4 elementor-widget elementor-widget-text-editor\" data-id=\"59bb6c4\" data-element_type=\"widget\" data-widget_type=\"text-editor.default\">\n\t\t\t\t<div class=\"elementor-widget-container\">\n\t\t\t\t\t\t\t\t\t<h4><strong>In-line filters<\/strong><\/h4>\t\t\t\t\t\t\t\t<\/div>\n\t\t\t\t<\/div>\n\t\t\t\t<div class=\"elementor-element elementor-element-860260d elementor-widget elementor-widget-text-editor\" data-id=\"860260d\" data-element_type=\"widget\" data-widget_type=\"text-editor.default\">\n\t\t\t\t<div class=\"elementor-widget-container\">\n\t\t\t\t\t\t\t\t\t<p>In-line filters filter out contaminant particles from the hydraulic fluid, thus securely preventing any contaminants from entraining into the downstream circuit.<\/p><p><a href=\"https:\/\/ohe.de\/en\/produkte-zubehoer-leitungsfilter\/\">Learn more<\/a><\/p>\t\t\t\t\t\t\t\t<\/div>\n\t\t\t\t<\/div>\n\t\t\t\t\t<\/div>\n\t\t<\/div>\n\t\t\t\t<div class=\"elementor-column elementor-col-33 elementor-top-column elementor-element elementor-element-d2512ec\" data-id=\"d2512ec\" data-element_type=\"column\">\n\t\t\t<div class=\"elementor-widget-wrap elementor-element-populated\">\n\t\t\t\t\t\t<div class=\"elementor-element elementor-element-309010c elementor-widget elementor-widget-image\" data-id=\"309010c\" data-element_type=\"widget\" data-widget_type=\"image.default\">\n\t\t\t\t<div class=\"elementor-widget-container\">\n\t\t\t\t\t\t\t\t\t\t\t\t\t\t\t\t<a href=\"https:\/\/ohe.de\/en\/produkte-zubehoer-wechselventil\/\">\n\t\t\t\t\t\t\t<img decoding=\"async\" width=\"440\" height=\"293\" src=\"https:\/\/ohe.de\/wp-content\/uploads\/csm_Wechselventil_RZ_klein_2a9e673162.jpg\" class=\"elementor-animation-grow attachment-full size-full wp-image-715\" alt=\"\" srcset=\"https:\/\/ohe.de\/wp-content\/uploads\/csm_Wechselventil_RZ_klein_2a9e673162.jpg 440w, https:\/\/ohe.de\/wp-content\/uploads\/csm_Wechselventil_RZ_klein_2a9e673162-300x200.jpg 300w\" sizes=\"(max-width: 440px) 100vw, 440px\" \/>\t\t\t\t\t\t\t\t<\/a>\n\t\t\t\t\t\t\t\t\t\t\t\t\t\t\t<\/div>\n\t\t\t\t<\/div>\n\t\t\t\t<div class=\"elementor-element elementor-element-9f677d8 elementor-widget elementor-widget-text-editor\" data-id=\"9f677d8\" data-element_type=\"widget\" data-widget_type=\"text-editor.default\">\n\t\t\t\t<div class=\"elementor-widget-container\">\n\t\t\t\t\t\t\t\t\t<h4><strong>Shuttle valves<\/strong><\/h4>\t\t\t\t\t\t\t\t<\/div>\n\t\t\t\t<\/div>\n\t\t\t\t<div class=\"elementor-element elementor-element-2ada4b9 elementor-widget elementor-widget-text-editor\" data-id=\"2ada4b9\" data-element_type=\"widget\" data-widget_type=\"text-editor.default\">\n\t\t\t\t<div class=\"elementor-widget-container\">\n\t\t\t\t\t\t\t\t\t<p>Shuttle valves autonomously switch the flow direction between \u201cto\u201d and \u201cfrom\u201d the actuated device.<\/p><p><a href=\"https:\/\/ohe.de\/en\/produkte-zubehoer-wechselventil\/\">Learn more<\/a><\/p>\t\t\t\t\t\t\t\t<\/div>\n\t\t\t\t<\/div>\n\t\t\t\t\t<\/div>\n\t\t<\/div>\n\t\t\t\t\t<\/div>\n\t\t<\/section>\n\t\t\t\t<section class=\"elementor-section elementor-top-section elementor-element elementor-element-b49c05b elementor-section-boxed elementor-section-height-default elementor-section-height-default\" data-id=\"b49c05b\" data-element_type=\"section\">\n\t\t\t\t\t\t<div class=\"elementor-container elementor-column-gap-default\">\n\t\t\t\t\t<div class=\"elementor-column elementor-col-33 elementor-top-column elementor-element elementor-element-022753e\" data-id=\"022753e\" data-element_type=\"column\">\n\t\t\t<div class=\"elementor-widget-wrap elementor-element-populated\">\n\t\t\t\t\t\t<div class=\"elementor-element elementor-element-2254732 elementor-widget elementor-widget-image\" data-id=\"2254732\" data-element_type=\"widget\" data-widget_type=\"image.default\">\n\t\t\t\t<div class=\"elementor-widget-container\">\n\t\t\t\t\t\t\t\t\t\t\t\t\t\t\t\t<a href=\"https:\/\/ohe.de\/en\/produkte-zubehoer-beduesungskopf-set-beduesungsventil\/\">\n\t\t\t\t\t\t\t<img loading=\"lazy\" decoding=\"async\" width=\"440\" height=\"293\" src=\"https:\/\/ohe.de\/wp-content\/uploads\/csm_Beduesungskopf-set-ventil-2_RZ_klein_e40d2a2d64.jpg\" class=\"elementor-animation-grow attachment-full size-full wp-image-714\" alt=\"\" srcset=\"https:\/\/ohe.de\/wp-content\/uploads\/csm_Beduesungskopf-set-ventil-2_RZ_klein_e40d2a2d64.jpg 440w, https:\/\/ohe.de\/wp-content\/uploads\/csm_Beduesungskopf-set-ventil-2_RZ_klein_e40d2a2d64-300x200.jpg 300w\" sizes=\"(max-width: 440px) 100vw, 440px\" \/>\t\t\t\t\t\t\t\t<\/a>\n\t\t\t\t\t\t\t\t\t\t\t\t\t\t\t<\/div>\n\t\t\t\t<\/div>\n\t\t\t\t<div class=\"elementor-element elementor-element-b9946a7 elementor-widget elementor-widget-text-editor\" data-id=\"b9946a7\" data-element_type=\"widget\" data-widget_type=\"text-editor.default\">\n\t\t\t\t<div class=\"elementor-widget-container\">\n\t\t\t\t\t\t\t\t\t<h4><strong>Spray jet block\/spray valve<\/strong><\/h4>\t\t\t\t\t\t\t\t<\/div>\n\t\t\t\t<\/div>\n\t\t\t\t<div class=\"elementor-element elementor-element-8d2ae35 elementor-widget elementor-widget-text-editor\" data-id=\"8d2ae35\" data-element_type=\"widget\" data-widget_type=\"text-editor.default\">\n\t\t\t\t<div class=\"elementor-widget-container\">\n\t\t\t\t\t\t\t\t\t<p>The water spray valve, in combination with the spray jet block, captures coal dust arising during mining operations.<\/p><p><a href=\"https:\/\/ohe.de\/en\/produkte-zubehoer-beduesungskopf-set-beduesungsventil\/\">Learn more<\/a><\/p>\t\t\t\t\t\t\t\t<\/div>\n\t\t\t\t<\/div>\n\t\t\t\t\t<\/div>\n\t\t<\/div>\n\t\t\t\t<div class=\"elementor-column elementor-col-33 elementor-top-column elementor-element elementor-element-43a54dd\" data-id=\"43a54dd\" data-element_type=\"column\">\n\t\t\t<div class=\"elementor-widget-wrap elementor-element-populated\">\n\t\t\t\t\t\t<div class=\"elementor-element elementor-element-b78d4cf elementor-widget elementor-widget-image\" data-id=\"b78d4cf\" data-element_type=\"widget\" data-widget_type=\"image.default\">\n\t\t\t\t<div class=\"elementor-widget-container\">\n\t\t\t\t\t\t\t\t\t\t\t\t\t\t\t\t<a href=\"https:\/\/ohe.de\/en\/produkte-zubehoer-manometer\/\">\n\t\t\t\t\t\t\t<img loading=\"lazy\" decoding=\"async\" width=\"440\" height=\"293\" src=\"https:\/\/ohe.de\/wp-content\/uploads\/csm_Manometer_RZ_klein_2de108883b.jpg\" class=\"elementor-animation-grow attachment-full size-full wp-image-713\" alt=\"\" srcset=\"https:\/\/ohe.de\/wp-content\/uploads\/csm_Manometer_RZ_klein_2de108883b.jpg 440w, https:\/\/ohe.de\/wp-content\/uploads\/csm_Manometer_RZ_klein_2de108883b-300x200.jpg 300w\" sizes=\"(max-width: 440px) 100vw, 440px\" \/>\t\t\t\t\t\t\t\t<\/a>\n\t\t\t\t\t\t\t\t\t\t\t\t\t\t\t<\/div>\n\t\t\t\t<\/div>\n\t\t\t\t<div class=\"elementor-element elementor-element-60b1a9a elementor-widget elementor-widget-text-editor\" data-id=\"60b1a9a\" data-element_type=\"widget\" data-widget_type=\"text-editor.default\">\n\t\t\t\t<div class=\"elementor-widget-container\">\n\t\t\t\t\t\t\t\t\t<h4><strong>Pressure gauge<\/strong><\/h4>\t\t\t\t\t\t\t\t<\/div>\n\t\t\t\t<\/div>\n\t\t\t\t<div class=\"elementor-element elementor-element-77d9590 elementor-widget elementor-widget-text-editor\" data-id=\"77d9590\" data-element_type=\"widget\" data-widget_type=\"text-editor.default\">\n\t\t\t\t<div class=\"elementor-widget-container\">\n\t\t\t\t\t\t\t\t\t<p>Pressure gauges measure and indicate the pressure levels within hydraulic networks.<\/p><p><a href=\"https:\/\/ohe.de\/en\/produkte-zubehoer-manometer\/\">Learn more<\/a><\/p>\t\t\t\t\t\t\t\t<\/div>\n\t\t\t\t<\/div>\n\t\t\t\t\t<\/div>\n\t\t<\/div>\n\t\t\t\t<div class=\"elementor-column elementor-col-33 elementor-top-column elementor-element elementor-element-6d81c95\" data-id=\"6d81c95\" data-element_type=\"column\">\n\t\t\t<div class=\"elementor-widget-wrap elementor-element-populated\">\n\t\t\t\t\t\t<div class=\"elementor-element elementor-element-10a9a01 elementor-widget elementor-widget-image\" data-id=\"10a9a01\" data-element_type=\"widget\" data-widget_type=\"image.default\">\n\t\t\t\t<div class=\"elementor-widget-container\">\n\t\t\t\t\t\t\t\t\t\t\t\t\t\t\t\t<a href=\"https:\/\/ohe.de\/en\/produkte-zubehoer-kugelhaehne\/\">\n\t\t\t\t\t\t\t<img loading=\"lazy\" decoding=\"async\" width=\"440\" height=\"293\" src=\"https:\/\/ohe.de\/wp-content\/uploads\/csm_Kugelhaehne_2_RZ_klein_c099fa9ac7.jpg\" class=\"elementor-animation-grow attachment-full size-full wp-image-712\" alt=\"\" srcset=\"https:\/\/ohe.de\/wp-content\/uploads\/csm_Kugelhaehne_2_RZ_klein_c099fa9ac7.jpg 440w, https:\/\/ohe.de\/wp-content\/uploads\/csm_Kugelhaehne_2_RZ_klein_c099fa9ac7-300x200.jpg 300w\" sizes=\"(max-width: 440px) 100vw, 440px\" \/>\t\t\t\t\t\t\t\t<\/a>\n\t\t\t\t\t\t\t\t\t\t\t\t\t\t\t<\/div>\n\t\t\t\t<\/div>\n\t\t\t\t<div class=\"elementor-element elementor-element-15ff9cc elementor-widget elementor-widget-text-editor\" data-id=\"15ff9cc\" data-element_type=\"widget\" data-widget_type=\"text-editor.default\">\n\t\t\t\t<div class=\"elementor-widget-container\">\n\t\t\t\t\t\t\t\t\t<h4><strong>Ball valves<\/strong><\/h4>\t\t\t\t\t\t\t\t<\/div>\n\t\t\t\t<\/div>\n\t\t\t\t<div class=\"elementor-element elementor-element-a9c015a elementor-widget elementor-widget-text-editor\" data-id=\"a9c015a\" data-element_type=\"widget\" data-widget_type=\"text-editor.default\">\n\t\t\t\t<div class=\"elementor-widget-container\">\n\t\t\t\t\t\t\t\t\t<p>2\/2-way ball valves are used to cut off fluid flows within hydraulic systems.<\/p><p><a href=\"https:\/\/ohe.de\/en\/produkte-zubehoer-kugelhaehne\/\">Learn more<\/a><\/p>\t\t\t\t\t\t\t\t<\/div>\n\t\t\t\t<\/div>\n\t\t\t\t\t<\/div>\n\t\t<\/div>\n\t\t\t\t\t<\/div>\n\t\t<\/section>\n\t\t\t\t<section class=\"elementor-section elementor-top-section elementor-element elementor-element-73a038f elementor-section-boxed elementor-section-height-default elementor-section-height-default\" data-id=\"73a038f\" data-element_type=\"section\">\n\t\t\t\t\t\t<div class=\"elementor-container elementor-column-gap-default\">\n\t\t\t\t\t<div class=\"elementor-column elementor-col-33 elementor-top-column elementor-element elementor-element-1df4d59\" data-id=\"1df4d59\" data-element_type=\"column\">\n\t\t\t<div class=\"elementor-widget-wrap elementor-element-populated\">\n\t\t\t\t\t\t<div class=\"elementor-element elementor-element-223ffc9 elementor-widget elementor-widget-image\" data-id=\"223ffc9\" data-element_type=\"widget\" data-widget_type=\"image.default\">\n\t\t\t\t<div class=\"elementor-widget-container\">\n\t\t\t\t\t\t\t\t\t\t\t\t\t\t\t\t<a href=\"https:\/\/ohe.de\/en\/produkte-zubehoer-nachsetzventile\/\">\n\t\t\t\t\t\t\t<img loading=\"lazy\" decoding=\"async\" width=\"440\" height=\"293\" src=\"https:\/\/ohe.de\/wp-content\/uploads\/csm_Nachsetzventil_RZ_klein_88ab89c417.jpg\" class=\"elementor-animation-grow attachment-full size-full wp-image-711\" alt=\"\" srcset=\"https:\/\/ohe.de\/wp-content\/uploads\/csm_Nachsetzventil_RZ_klein_88ab89c417.jpg 440w, https:\/\/ohe.de\/wp-content\/uploads\/csm_Nachsetzventil_RZ_klein_88ab89c417-300x200.jpg 300w\" sizes=\"(max-width: 440px) 100vw, 440px\" \/>\t\t\t\t\t\t\t\t<\/a>\n\t\t\t\t\t\t\t\t\t\t\t\t\t\t\t<\/div>\n\t\t\t\t<\/div>\n\t\t\t\t<div class=\"elementor-element elementor-element-c743e24 elementor-widget elementor-widget-text-editor\" data-id=\"c743e24\" data-element_type=\"widget\" data-widget_type=\"text-editor.default\">\n\t\t\t\t<div class=\"elementor-widget-container\">\n\t\t\t\t\t\t\t\t\t<h4><strong>Resetting valves<\/strong><\/h4>\t\t\t\t\t\t\t\t<\/div>\n\t\t\t\t<\/div>\n\t\t\t\t<div class=\"elementor-element elementor-element-8a60cd6 elementor-widget elementor-widget-text-editor\" data-id=\"8a60cd6\" data-element_type=\"widget\" data-widget_type=\"text-editor.default\">\n\t\t\t\t<div class=\"elementor-widget-container\">\n\t\t\t\t\t\t\t\t\t<p>These valves are used for automatic leg cylinder resetting.<\/p><p><a href=\"https:\/\/ohe.de\/en\/produkte-zubehoer-nachsetzventile\/\">Learn more<\/a><\/p>\t\t\t\t\t\t\t\t<\/div>\n\t\t\t\t<\/div>\n\t\t\t\t\t<\/div>\n\t\t<\/div>\n\t\t\t\t<div class=\"elementor-column elementor-col-33 elementor-top-column elementor-element elementor-element-fbf49ea\" data-id=\"fbf49ea\" data-element_type=\"column\">\n\t\t\t<div class=\"elementor-widget-wrap elementor-element-populated\">\n\t\t\t\t\t\t<div class=\"elementor-element elementor-element-739e360 elementor-widget elementor-widget-image\" data-id=\"739e360\" data-element_type=\"widget\" data-widget_type=\"image.default\">\n\t\t\t\t<div class=\"elementor-widget-container\">\n\t\t\t\t\t\t\t\t\t\t\t\t\t\t\t\t<a href=\"https:\/\/ohe.de\/en\/produkte-zubehoer-berstscheiben\/\">\n\t\t\t\t\t\t\t<img loading=\"lazy\" decoding=\"async\" width=\"440\" height=\"293\" src=\"https:\/\/ohe.de\/wp-content\/uploads\/csm_Berstscheibe_RZ_klein_b555c7d880.jpg\" class=\"elementor-animation-grow attachment-full size-full wp-image-710\" alt=\"\" srcset=\"https:\/\/ohe.de\/wp-content\/uploads\/csm_Berstscheibe_RZ_klein_b555c7d880.jpg 440w, https:\/\/ohe.de\/wp-content\/uploads\/csm_Berstscheibe_RZ_klein_b555c7d880-300x200.jpg 300w\" sizes=\"(max-width: 440px) 100vw, 440px\" \/>\t\t\t\t\t\t\t\t<\/a>\n\t\t\t\t\t\t\t\t\t\t\t\t\t\t\t<\/div>\n\t\t\t\t<\/div>\n\t\t\t\t<div class=\"elementor-element elementor-element-7c8d828 elementor-widget elementor-widget-text-editor\" data-id=\"7c8d828\" data-element_type=\"widget\" data-widget_type=\"text-editor.default\">\n\t\t\t\t<div class=\"elementor-widget-container\">\n\t\t\t\t\t\t\t\t\t<h4><strong>Bursting discs<\/strong><\/h4>\t\t\t\t\t\t\t\t<\/div>\n\t\t\t\t<\/div>\n\t\t\t\t<div class=\"elementor-element elementor-element-c5822e9 elementor-widget elementor-widget-text-editor\" data-id=\"c5822e9\" data-element_type=\"widget\" data-widget_type=\"text-editor.default\">\n\t\t\t\t<div class=\"elementor-widget-container\">\n\t\t\t\t\t\t\t\t\t<p>Bursting discs are used as safety valves for leg cylinder rod side.<\/p><p><a href=\"https:\/\/ohe.de\/en\/produkte-zubehoer-berstscheiben\/\">Learn more<\/a><\/p>\t\t\t\t\t\t\t\t<\/div>\n\t\t\t\t<\/div>\n\t\t\t\t\t<\/div>\n\t\t<\/div>\n\t\t\t\t<div class=\"elementor-column elementor-col-33 elementor-top-column elementor-element elementor-element-0980717\" data-id=\"0980717\" data-element_type=\"column\">\n\t\t\t<div class=\"elementor-widget-wrap elementor-element-populated\">\n\t\t\t\t\t\t<div class=\"elementor-element elementor-element-bdc57ee elementor-widget elementor-widget-image\" data-id=\"bdc57ee\" data-element_type=\"widget\" data-widget_type=\"image.default\">\n\t\t\t\t<div class=\"elementor-widget-container\">\n\t\t\t\t\t\t\t\t\t\t\t\t\t\t\t\t<a href=\"https:\/\/ohe.de\/en\/produkte-zubehoer-vorspannventile\/\">\n\t\t\t\t\t\t\t<img loading=\"lazy\" decoding=\"async\" width=\"440\" height=\"293\" src=\"https:\/\/ohe.de\/wp-content\/uploads\/csm_Vorspannventil_RZ_klein_bdb1a1d9f5.jpg\" class=\"elementor-animation-grow attachment-full size-full wp-image-709\" alt=\"\" srcset=\"https:\/\/ohe.de\/wp-content\/uploads\/csm_Vorspannventil_RZ_klein_bdb1a1d9f5.jpg 440w, https:\/\/ohe.de\/wp-content\/uploads\/csm_Vorspannventil_RZ_klein_bdb1a1d9f5-300x200.jpg 300w\" sizes=\"(max-width: 440px) 100vw, 440px\" \/>\t\t\t\t\t\t\t\t<\/a>\n\t\t\t\t\t\t\t\t\t\t\t\t\t\t\t<\/div>\n\t\t\t\t<\/div>\n\t\t\t\t<div class=\"elementor-element elementor-element-426ad54 elementor-widget elementor-widget-text-editor\" data-id=\"426ad54\" data-element_type=\"widget\" data-widget_type=\"text-editor.default\">\n\t\t\t\t<div class=\"elementor-widget-container\">\n\t\t\t\t\t\t\t\t\t<h4><strong>Pre-load valves<\/strong><\/h4>\t\t\t\t\t\t\t\t<\/div>\n\t\t\t\t<\/div>\n\t\t\t\t<div class=\"elementor-element elementor-element-52b76bc elementor-widget elementor-widget-text-editor\" data-id=\"52b76bc\" data-element_type=\"widget\" data-widget_type=\"text-editor.default\">\n\t\t\t\t<div class=\"elementor-widget-container\">\n\t\t\t\t\t\t\t\t\t<p>Pre-load valves hold the cylinder pressure at a defined level.<\/p><p><a href=\"https:\/\/ohe.de\/en\/produkte-zubehoer-vorspannventile\/\">Learn more<\/a><\/p>\t\t\t\t\t\t\t\t<\/div>\n\t\t\t\t<\/div>\n\t\t\t\t\t<\/div>\n\t\t<\/div>\n\t\t\t\t\t<\/div>\n\t\t<\/section>\n\t\t\t\t<\/div>","protected":false},"excerpt":{"rendered":"<p>Zubeh\u00f6r Doppel-R\u00fccksp\u00fclfilter, manuell oder elektrisch bet\u00e4tigt Der Doppelfilter filtert Schmutzpartikel aus der Hydraulikfl\u00fcssigkeit. mehr erfahren Leitungsfilter Der Leitungsfilter stellt sicher, dass Verunreinigungen aus der Hydraulikfl\u00fcssigkeit herausfiltert werden und somit keine Schmutzpartikel in den darauffolgenden Kreislauf gelangen k\u00f6nnen. mehr erfahren Wechselventil Das Wechselventil \u00e4ndert selbstst\u00e4ndig die Flie\u00dfrichtung der Hydraulikfl\u00fcssigkeit zum und vom Verbraucher. mehr erfahren Bed\u00fcsungskopf-Set\/-Ventil [&hellip;]<\/p>","protected":false},"author":2,"featured_media":0,"parent":0,"menu_order":0,"comment_status":"closed","ping_status":"closed","template":"","meta":{"footnotes":""},"class_list":["post-215","page","type-page","status-publish","hentry"],"_links":{"self":[{"href":"https:\/\/ohe.de\/en\/wp-json\/wp\/v2\/pages\/215","targetHints":{"allow":["GET"]}}],"collection":[{"href":"https:\/\/ohe.de\/en\/wp-json\/wp\/v2\/pages"}],"about":[{"href":"https:\/\/ohe.de\/en\/wp-json\/wp\/v2\/types\/page"}],"author":[{"embeddable":true,"href":"https:\/\/ohe.de\/en\/wp-json\/wp\/v2\/users\/2"}],"replies":[{"embeddable":true,"href":"https:\/\/ohe.de\/en\/wp-json\/wp\/v2\/comments?post=215"}],"version-history":[{"count":13,"href":"https:\/\/ohe.de\/en\/wp-json\/wp\/v2\/pages\/215\/revisions"}],"predecessor-version":[{"id":1571,"href":"https:\/\/ohe.de\/en\/wp-json\/wp\/v2\/pages\/215\/revisions\/1571"}],"wp:attachment":[{"href":"https:\/\/ohe.de\/en\/wp-json\/wp\/v2\/media?parent=215"}],"curies":[{"name":"wp","href":"https:\/\/api.w.org\/{rel}","templated":true}]}}