{"id":219,"date":"2023-03-01T06:06:11","date_gmt":"2023-03-01T06:06:11","guid":{"rendered":"https:\/\/ohe.de\/?page_id=219"},"modified":"2023-03-14T09:35:09","modified_gmt":"2023-03-14T09:35:09","slug":"impressum","status":"publish","type":"page","link":"https:\/\/ohe.de\/en\/impressum\/","title":{"rendered":"Disclaimer"},"content":{"rendered":"<div data-elementor-type=\"wp-page\" data-elementor-id=\"219\" class=\"elementor elementor-219\" data-elementor-post-type=\"page\">\n\t\t\t\t\t\t<section class=\"elementor-section elementor-top-section elementor-element elementor-element-cf14d40 elementor-section-boxed elementor-section-height-default elementor-section-height-default\" data-id=\"cf14d40\" data-element_type=\"section\">\n\t\t\t\t\t\t<div class=\"elementor-container elementor-column-gap-default\">\n\t\t\t\t\t<div class=\"elementor-column elementor-col-100 elementor-top-column elementor-element elementor-element-b7f3e3b\" data-id=\"b7f3e3b\" data-element_type=\"column\">\n\t\t\t<div class=\"elementor-widget-wrap elementor-element-populated\">\n\t\t\t\t\t\t<div class=\"elementor-element elementor-element-4b08c2b elementor-widget elementor-widget-text-editor\" data-id=\"4b08c2b\" data-element_type=\"widget\" data-widget_type=\"text-editor.default\">\n\t\t\t\t<div class=\"elementor-widget-container\">\n\t\t\t\t\t\t\t\t\t<h1><strong>Disclaimer<\/strong><\/h1>\t\t\t\t\t\t\t\t<\/div>\n\t\t\t\t<\/div>\n\t\t\t\t\t<\/div>\n\t\t<\/div>\n\t\t\t\t\t<\/div>\n\t\t<\/section>\n\t\t\t\t<section class=\"elementor-section elementor-top-section elementor-element elementor-element-392c786 elementor-section-boxed elementor-section-height-default elementor-section-height-default\" data-id=\"392c786\" data-element_type=\"section\">\n\t\t\t\t\t\t<div class=\"elementor-container elementor-column-gap-default\">\n\t\t\t\t\t<div class=\"elementor-column elementor-col-100 elementor-top-column elementor-element elementor-element-8c3b02c\" data-id=\"8c3b02c\" data-element_type=\"column\">\n\t\t\t<div class=\"elementor-widget-wrap elementor-element-populated\">\n\t\t\t\t\t\t<div class=\"elementor-element elementor-element-4867a2f elementor-widget elementor-widget-text-editor\" data-id=\"4867a2f\" data-element_type=\"widget\" data-widget_type=\"text-editor.default\">\n\t\t\t\t<div class=\"elementor-widget-container\">\n\t\t\t\t\t\t\t\t\t<div class=\"c-textblock\"><p>OHE Maschinenbau GmbH<br \/>Henrichs-Allee 8<br \/>45527 Hattingen, Germany<\/p><\/div><div id=\"c576\"><p>Fon: +49 (0) 23 24 \/ 56 44-0<br \/>Fax: +49 (0) 23 24 \/ 56 44-44<br \/>E-mail:\u00a0<a class=\"mail\" title=\"Opens internal link in current window\" href=\"mailto:info@ohe.de\" data-htmlarea-external=\"1\">info@ohe.de<\/a><\/p><\/div><div class=\"c-textblock\"><p>Steuernummer: 323\/5871\/0403<br \/>VAT ID No.: DE 299 990 335<br \/>Registration court: Local Court of Essen, HRB 26265<br \/>Managing Director: Jianhua Du<\/p><\/div><p>\u00a0<\/p><div class=\"c-textblock\"><p>Verantwortliche Person f\u00fcr den Inhalt<br \/>(gem\u00e4\u00df \u00a7 55 Absatz 2 RStV): Jianhua Du<\/p><\/div>\t\t\t\t\t\t\t\t<\/div>\n\t\t\t\t<\/div>\n\t\t\t\t<div class=\"elementor-element elementor-element-0aeb896 elementor-widget elementor-widget-heading\" data-id=\"0aeb896\" data-element_type=\"widget\" data-widget_type=\"heading.default\">\n\t\t\t\t<div class=\"elementor-widget-container\">\n\t\t\t\t\t<h2 class=\"elementor-heading-title elementor-size-default\">Haftungsausschluss<\/h2>\t\t\t\t<\/div>\n\t\t\t\t<\/div>\n\t\t\t\t<div class=\"elementor-element elementor-element-2ee2063 elementor-widget elementor-widget-text-editor\" data-id=\"2ee2063\" data-element_type=\"widget\" data-widget_type=\"text-editor.default\">\n\t\t\t\t<div class=\"elementor-widget-container\">\n\t\t\t\t\t\t\t\t\t<h4>1. Inhalt<\/h4><p>Der Urheber der Website beh\u00e4lt sich das Recht vor, nicht f\u00fcr die Richtigkeit, Vollst\u00e4ndigkeit, Qualit\u00e4t oder Thematik der Seite verantwortlich gemacht zu werden. Haftungsanspr\u00fcche betreffend Sch\u00e4den durch die Verwendung jeglicher gegebener Information, einschlie\u00dflich jeder Art unvollst\u00e4ndiger oder unrichtiger Information werden daher zur\u00fcckgewiesen. Alle Angebote sind freibleibend und unverbindlich. Teile der Seiten oder das gesamte Angebot einschlie\u00dflich aller Angebote und Informationen k\u00f6nnen erweitert, ver\u00e4ndert und teilweise oder vollst\u00e4ndig ohne gesonderte Ank\u00fcndigung des Urhebers gel\u00f6scht werden.<\/p><p>\u00a0<\/p><h4>2. Verweise und Links<\/h4><p>Der Autor ist nicht verantwortlich f\u00fcr irgendwelche direkten oder indirekten Verweise auf fremde Webseiten \u2013 es sei denn, er hat volle Kenntnis von rechtswidrigen oder unerlaubten Inhalten und w\u00e4re in der Lage, die Besucher seiner Site an der Betrachtung dieser Seiten zu hindern. Bei Eintritt eines Schadens durch die dort verbreiteten Informationen ist gegebenenfalls nur der Autor der betreffenden Seiten haftbar, nicht derjenige, der einen Link auf diese Seiten platziert hat. Der Autor ist dar\u00fcber hinaus nicht verantwortlich f\u00fcr Informationen, die von Benutzern der auf dieser Webseite bereitgestellten Diskussionsseiten, G\u00e4steb\u00fcchern oder Maillisten verbreitet werden.<\/p><p>\u00a0<\/p><h4>3. Copyright<\/h4><p>Der Autor ist bestrebt, keine urheberrechtlich gesch\u00fctzten Materialien zu benutzen oder, wenn nicht anders m\u00f6glich, die jeweiligen Urheberrechte zu kennzeichnen. Das Copyright f\u00fcr das vom Autor erstellte Material ist vorbehalten. Eine Vervielf\u00e4ltigung oder Verwendung von Objekten wie Bildern, Diagrammen, Tondokumenten oder Texten in anderen elektronischen oder gedruckten Publikationen ist ohne Zustimmung des Autors nicht gestattet.<\/p><p>\u00a0<\/p><h4>4. Rechtswirksamkeit dieses Haftungsausschlusses<\/h4><p>Dieser Haftungsausschluss ist als Teil des Internetangebotes zu betrachten, von dem aus auf diese Seite verwiesen wurde. Falls Abschnitte oder individuelle Begriffe in dieser Aussage nicht rechtens oder korrekt sind, bleiben die anderen Teile von dieser Tatsache unber\u00fchrt.<\/p>\t\t\t\t\t\t\t\t<\/div>\n\t\t\t\t<\/div>\n\t\t\t\t\t<\/div>\n\t\t<\/div>\n\t\t\t\t\t<\/div>\n\t\t<\/section>\n\t\t\t\t<\/div>","protected":false},"excerpt":{"rendered":"<p>Impressum OHE Maschinenbau GmbHHenrichs-Allee 845527 Hattingen, Deutschland Telefon: +49 (0) 23 24 \/ 56 44-0Telefax: +49 (0) 23 24 \/ 56 44-44E-Mail:\u00a0info@ohe.de Steuernummer: 323\/5871\/0403USt-IdNr.: DE 299 990 335Registergericht: Amtsgericht Essen, HRB 26265Gesch\u00e4ftsf\u00fchrer: Jianhua Du \u00a0 Verantwortliche Person f\u00fcr den Inhalt(gem\u00e4\u00df \u00a7 55 Absatz 2 RStV): Jianhua Du Haftungsausschluss 1. Inhalt Der Urheber der Website beh\u00e4lt [&hellip;]<\/p>","protected":false},"author":2,"featured_media":0,"parent":0,"menu_order":0,"comment_status":"closed","ping_status":"closed","template":"","meta":{"footnotes":""},"class_list":["post-219","page","type-page","status-publish","hentry"],"_links":{"self":[{"href":"https:\/\/ohe.de\/en\/wp-json\/wp\/v2\/pages\/219","targetHints":{"allow":["GET"]}}],"collection":[{"href":"https:\/\/ohe.de\/en\/wp-json\/wp\/v2\/pages"}],"about":[{"href":"https:\/\/ohe.de\/en\/wp-json\/wp\/v2\/types\/page"}],"author":[{"embeddable":true,"href":"https:\/\/ohe.de\/en\/wp-json\/wp\/v2\/users\/2"}],"replies":[{"embeddable":true,"href":"https:\/\/ohe.de\/en\/wp-json\/wp\/v2\/comments?post=219"}],"version-history":[{"count":10,"href":"https:\/\/ohe.de\/en\/wp-json\/wp\/v2\/pages\/219\/revisions"}],"predecessor-version":[{"id":1434,"href":"https:\/\/ohe.de\/en\/wp-json\/wp\/v2\/pages\/219\/revisions\/1434"}],"wp:attachment":[{"href":"https:\/\/ohe.de\/en\/wp-json\/wp\/v2\/media?parent=219"}],"curies":[{"name":"wp","href":"https:\/\/api.w.org\/{rel}","templated":true}]}}