{"id":223,"date":"2023-03-01T06:07:57","date_gmt":"2023-03-01T06:07:57","guid":{"rendered":"https:\/\/ohe.de\/?page_id=223"},"modified":"2023-03-20T08:31:07","modified_gmt":"2023-03-20T08:31:07","slug":"datenschutz-kundenlieferanten","status":"publish","type":"page","link":"https:\/\/ohe.de\/en\/datenschutz-kundenlieferanten\/","title":{"rendered":"Customers\/Suppliers"},"content":{"rendered":"<div data-elementor-type=\"wp-page\" data-elementor-id=\"223\" class=\"elementor elementor-223\" data-elementor-post-type=\"page\">\n\t\t\t\t\t\t<section class=\"elementor-section elementor-top-section elementor-element elementor-element-2ec6fe9 elementor-section-boxed elementor-section-height-default elementor-section-height-default\" data-id=\"2ec6fe9\" data-element_type=\"section\">\n\t\t\t\t\t\t<div class=\"elementor-container elementor-column-gap-default\">\n\t\t\t\t\t<div class=\"elementor-column elementor-col-100 elementor-top-column elementor-element elementor-element-8801a8b\" data-id=\"8801a8b\" data-element_type=\"column\">\n\t\t\t<div class=\"elementor-widget-wrap elementor-element-populated\">\n\t\t\t\t\t\t<div class=\"elementor-element elementor-element-965870c elementor-widget elementor-widget-text-editor\" data-id=\"965870c\" data-element_type=\"widget\" data-widget_type=\"text-editor.default\">\n\t\t\t\t<div class=\"elementor-widget-container\">\n\t\t\t\t\t\t\t\t\t<h1><strong>Privacy policy<\/strong><\/h1>\t\t\t\t\t\t\t\t<\/div>\n\t\t\t\t<\/div>\n\t\t\t\t<div class=\"elementor-element elementor-element-a7f78a6 elementor-widget elementor-widget-heading\" data-id=\"a7f78a6\" data-element_type=\"widget\" data-widget_type=\"heading.default\">\n\t\t\t\t<div class=\"elementor-widget-container\">\n\t\t\t\t\t<h2 class=\"elementor-heading-title elementor-size-default\">Customers\/Suppliers<\/h2>\t\t\t\t<\/div>\n\t\t\t\t<\/div>\n\t\t\t\t<div class=\"elementor-element elementor-element-9e9b79b elementor-widget elementor-widget-text-editor\" data-id=\"9e9b79b\" data-element_type=\"widget\" data-widget_type=\"text-editor.default\">\n\t\t\t\t<div class=\"elementor-widget-container\">\n\t\t\t\t\t\t\t\t\t<div class=\"c-textblock\"><h5><strong>Unser Umgang mit ihren Daten und ihre Rechte Informationen nach Artikeln 13, 14 und 21 Datenschutz-Grundverordnung &#8211; DS-GVO<\/strong><\/h5><p>(Stand November 2019 V1.1)<\/p><\/div><div>\u00a0<\/div><div class=\"c-textblock\"><p>Hiermit informieren wir Sie \u00fcber die Verarbeitung ihrer personenbezogenen Daten durch uns und die ihnen nach den datenschutzrechtlichen Regelungen zustehenden Anspr\u00fcche und Rechte.<\/p><p>Welche Daten im Einzelnen verarbeitet und in welcher Weise genutzt werden, richtet sich ma\u00dfgeblich nach den jeweils von ihnen beantragten bzw. mit Ihnen vereinbarten Dienstleistungen.<\/p><h6><strong>Wer ist f\u00fcr die Datenverarbeitung verantwortlich und an wen kann ich mich wenden?<\/strong><\/h6><\/div><div id=\"c602\"><p>Verantwortliche Stelle ist:<\/p><p>OHE Maschinenbau GmbH<br \/>Henrichs-Allee 8<br \/>45527 Hattingen<br \/>Deutschland<br \/>Telefon: +49 (0) 2324\/ 5644-0<br \/>Telefax: +49 (0) 2324\/ 5644-44<br \/>E-Mail:\u00a0datenschutz@ohe.de<\/p><\/div><div id=\"c598\"><p>Sie erreichen unseren Datenschutzbeauftragten unter:<\/p><p>EHS-Datentechnik<br \/>Datenschutzbeauftragter<br \/>Uhlendahlweg 24<br \/>45279 Essen<br \/>Deutschland<br \/>E-Mail:\u00a0datenschutz@ohe.de<\/p><\/div><div class=\"c-textblock\"><h5><strong>Welche Quellen und Daten nutzen wir?<\/strong><\/h5><p>Wir verarbeiten personenbezogene Daten, die wir im Rahmen unserer Gesch\u00e4ftsbeziehung von ihnen erhalten. Zudem verarbeiten wir &#8211; soweit f\u00fcr die Erbringung unserer Dienstleistung erforderlich &#8211; personenbezogene Daten, die wir von anderen Unternehmen oder von sonstigen Dritten zul\u00e4ssigerweise (z.B. zur Ausf\u00fchrung von Auftr\u00e4gen, zur Erf\u00fcllung von Vertr\u00e4gen oder aufgrund einer von ihnen erteilten Einwilligung) erhalten haben. Zum anderen verarbeiten wir personenbezogene Daten, die wir aus \u00f6ffentlich zug\u00e4nglichen Quellen zul\u00e4ssigerweise gewonnen haben und verarbeiten d\u00fcrfen. Relevante personenbezogene Daten sind Personalien (Name, Adresse und andere Kontaktdaten, Geburtstag und -ort und Staatsangeh\u00f6rigkeit, Bankverbindung), Legitimationsdaten. Dar\u00fcber hinaus k\u00f6nnen dies auch Auftragsdaten, Daten aus der Erf\u00fcllung unserer vertraglichen Verpflichtungen, Produktdaten, Werbe- und Vertriebsdaten, Dokumentationsdaten, Daten \u00fcber ihre Nutzung von unseren angebotenen Telemedien (z. B. Zeitpunkt des Aufrufs unserer Webseiten, Apps oder Newsletter, angeklickte Seiten von uns bzw. Eintr\u00e4ge) sowie andere mit den genannten Kategorien vergleichbare Daten sein.<\/p><\/div><div class=\"c-textblock\"><p>\u00a0<\/p><h5><strong>Wof\u00fcr verarbeiten wir ihre Daten (Zweck der Verarbeitung) und auf welcher Rechtsgrundlage?<\/strong><\/h5><p>Wir verarbeiten personenbezogene Daten im Einklang mit den Bestimmungen der Europ\u00e4ischen Datenschutz-Grundverordnung (DS-GVO) und dem Bundesdatenschutzgesetz (BDSG).<\/p><\/div><div class=\"c-textblock\"><p>\u00a0<\/p><h6><strong>Zur Erf\u00fcllung von vertraglichen Pflichten (Art. 6 Abs. 1 Buchst. b DS-GVO)<\/strong><\/h6><p>Die Verarbeitung personenbezogener Daten (Art. 4 Nr. 2 DS-GVO) erfolgt zur Erbringung und Vermittlung von Gesch\u00e4ften, insbesondere zur Durchf\u00fchrung unserer Vertr\u00e4ge oder vorvertraglichen Ma\u00dfnahmen mit ihnen und der Ausf\u00fchrung ihrer Auftr\u00e4ge sowie aller mit dem Betrieb und der Verwaltung Schulungsma\u00dfnahmen oder bei der Erbringung von IT-Dienstleistungen und -Lieferungen erforderlichen T\u00e4tigkeiten. Die Zwecke der Datenverarbeitung richten sich in erster Linie nach dem konkreten Auftrag<\/p><\/div><div class=\"c-textblock\"><p>\u00a0<\/p><h6><strong>lm Rahmen der lnteressensabw\u00e4gung (Art. 6 Abs. 1 Buchst. f DS-GVO)<\/strong><\/h6><p>Soweit erforderlich, verarbeiten wir ihre Daten \u00fcber die eigentliche Erf\u00fcllung des Vertrages hinaus zur Wahrung berechtigter Interessen von uns oder Dritten. Beispiele:<\/p><ul class=\"list--editorial\"><li>Pr\u00fcfung und Optimierung von Verfahren zur Bedarfsanalyse und direkter Kundenansprache;<\/li><li>Werbung oder Markt- und Meinungsforschung, soweit Sie der Nutzung ihrer Daten nicht widersprochen haben;<\/li><li>Geltendmachung rechtlicher Anspr\u00fcche und Verteidigung bei rechtlichen Streitigkeiten;<\/li><li>Gew\u00e4hrleistung der IT-Sicherheit und des IT-Betriebs der OHE Maschinenbau GmbH;<\/li><li>Verhinderung und Aufkl\u00e4rung von Strafraten;<\/li><li>Ma\u00dfnahmen zur Geb\u00e4ude- und Anlagensicherheit (z. B. Zutrittskontrollen);<\/li><li>Ma\u00dfnahmen zur Sicherstellung des Hausrechts;<\/li><li>Ma\u00dfnahmen zur Gesch\u00e4ftssteuerung und Weiterentwicklung von Dienstleistungen und Produkten.<\/li><\/ul><h6><strong>Aufgrund ihrer Einwilligung (Art. 6 Abs. I Buchst. a DS-GVO)<\/strong><\/h6><p>Soweit Sie uns eine Einwilligung zur Verarbeitung von personenbezogenen Daten f\u00fcr bestimmte Zwecke erteilt haben, ist die Rechtm\u00e4\u00dfigkeit dieser Verarbeitung auf Basis ihrer Einwilligung gegeben. Eine erteilte Einwilligung kann jederzeit widerrufen werden. Bitte beachten Sie, dass der Widerruf erst f\u00fcr die Zukunft wirkt. Verarbeitungen, die vor dem Widerruf erfolgt sind, sind davon nicht betroffen.<\/p><\/div><div class=\"c-textblock\"><p>\u00a0<\/p><h5><strong>Wer bekommt meine Daten?<\/strong><\/h5><p>Innerhalb der OHE Maschinenbau GmbH erhalten diejenigen Stellen ihre Daten, die diese zur Erf\u00fcllung unserer vertraglichen und gesetzlachen Pflichten brauchen. Auch von uns eingesetzte Auftragsverarbeiter (Art.28 DS-GVO) k\u00f6nnen zu diesen genannten Zwecken Daten erhalten. Dies sind Unternehmen in den Kategorien, IT-Dienstleistungen, Logistik, Druckdienstleistungen, Telekommunikation, Inkasso, Beratung und Consulting sowie Vertrieb und Marketing. lm Hinblick auf die Datenweitergabe an Empf\u00e4nger au\u00dferhalb der OHE Maschinenbau GmbH ist zun\u00e4chst zu beachten, dass wir bei Benennung als Datenschutzbeauftragter per Gesetz zur Verschwiegenheit \u00fcber alle Tatsachen und Wertungen verpflichtet sind, von denen wir Kenntnis im Rahmen der T\u00e4tigkeit erlangen. Informationen \u00fcber Sie d\u00fcrfen wir nur weitergeben, wenn gesetzliche Bestimmungen dies gebieten, Sie eingewilligt haben oder wir zur Erteilung einer Auskunft befugt sind.<\/p><\/div><div class=\"c-textblock\"><p>\u00a0<\/p><h5><strong>Wie lange werden meine Daten gespeichert?<\/strong><\/h5><p>Soweit erforderlich, verarbeiten und speichern wir ihre personenbezogenen Daten f\u00fcr die Dauer unserer Gesch\u00e4ftsbeziehung, was beispielsweise auch die Anbahnung und die Abwicklung eines Vertrages umfasst. Dabei ist zu beachten, dass unsere Gesch\u00e4ftsbeziehung auch Dauerschuldverh\u00e4ltnisse sein k\u00f6nnen, welches auf Jahre angelegt ist und in der Regel unbefristet sind. Dar\u00fcber hinaus unterliegen wir verschiedenen Aufbewahrungs- und Dokumentationspflichten, die sich unter anderem aus dem Handelsgesetzbuch (HGB), der Abgabenordnung (AO) ergeben. Die dort vorgegebenen Fristen zur Aufbewahrung bzw. Dokumentation betragen zwei bis zehn Jahre. Schlie\u00dflich beurteilt sich die Speicherdauer auch nach den gesetzlichen Verj\u00e4hrungsfristen, die zum Beispiel nach den \u00a7\u00a7 195 ff. des B\u00fcrgerlichen Gesetzbuches (BGB) in der Regel 3 Jahre, in gewissen F\u00e4llen aber auch bis zu drei\u00dfig Jahre betragen k\u00f6nnen.<\/p><\/div><div class=\"c-textblock\"><p>\u00a0<\/p><h5><strong>Werden Daten in ein Drittland oder an eine internationale Organisation \u00fcbermittelt?<\/strong><\/h5><p>Eine Daten \u00dcbermittlung in Drittstaaten (Staaten au\u00dferhalb des Europ\u00e4ischen Wirtschaftsraums &#8211; EWR) findet nur statt, soweit dies zur Ausf\u00fchrung ihrer Auftr\u00e4ge erforderlich, gesetzlich vorgeschrieben ist oder Sie uns ihre Einwilligung erteilt haben.<\/p><\/div><div class=\"c-textblock\"><p>\u00a0<\/p><h5><strong>Welche Datenschutzrechte habe ich?<\/strong><\/h5><p>Jede betroffene Person hat das Recht auf Auskunft nach Art. 15 DS-GVO, das Recht auf Berichtigung nach Art. 16 DS-GVO, das Recht auf L\u00f6schung nach Art. 17 DS-GVO, das Recht auf Einschr\u00e4nkung der Verarbeitung nach Art. 18 DS-GVO sowie das Recht auf Daten\u00fcbertragbarkeit aus Art. 20 DS-GVO. Beim Auskunftsrecht und beim L\u00f6schungsrecht gelten die Einschr\u00e4nkungen nach \u00a7\u00a7 34 und 35 BDSG. Dar\u00fcber hinaus besteht ein Beschwerderecht bei einer Datenschutzaufsichtsbeh\u00f6rde (Art.77 DS-GVO i.V.m. \u00a7 19 BDSG).<\/p><\/div><div class=\"c-textblock\"><p>\u00a0<\/p><h5><strong>Besteht f\u00fcr mich eine Pflicht zur Bereitstellung von Daten?<\/strong><\/h5><p>lm Rahmen unserer Gesch\u00e4ftsbeziehung m\u00fcssen Sie nur diejenigen personenbezogenen Daten bereitstellen, die f\u00fcr die Begr\u00fcndung, Durchf\u00fchrung und Beendigung eines Vertrages oder f\u00fcr Vorvertragliche Ma\u00dfnahmen erforderlich sind oder zu deren Erhebung wir gesetzlich verpflichtet sind. Ohne diese Daten werden wir in der Regel den Abschluss des Vertrages oder die Ausf\u00fchrung des Auftrages ablehnen m\u00fcssen oder einen bestehenden Vertrag nicht mehr durchf\u00fchren k\u00f6nnen und ggf. beenden m\u00fcssen.<\/p><\/div><div class=\"c-textblock\"><p>\u00a0<\/p><h5><strong>Inwieweit gibt es eine automatisierte Entscheidungsfindung im Einzelfall?<\/strong><\/h5><p>Wir nutzen grunds\u00e4tzlich keine automatisierte Entscheidungsfindung gem\u00e4\u00df Art. 22 DS-GVO.<\/p><\/div><div class=\"c-textblock\"><p>\u00a0<\/p><h5><strong>Inwieweit werden meine Daten f\u00fcr die Profilbildung (Scoring) genutzt?<\/strong><\/h5><p>Wir verarbeiten ihre Daten nicht automatisiert f\u00fcr Profiling.<\/p><\/div><div class=\"c-textblock\"><p>\u00a0<\/p><h5><strong>Information \u00fcber ihr Widerspruchsrecht nach Art. 21 Datenschutz-Grundverordnung (DS-GVO)<\/strong><\/h5><h6><strong>1.1 Einzelfallbezogenes Widerspruchsrecht<\/strong><\/h6><p>Sie haben das Recht, aus Gr\u00fcnden, die sich aus ihrer besonderen Situation ergeben, jederzeit gegen die Verarbeitung Sie betreffender personenbezogener Daten, die aufgrund von Artikel 6 Absatz 1 Buchstabe f der DS-GVO (Datenverarbeitung auf der Grundlage einer lnteressenabw\u00e4gung) erfolgt, Widerspruch einzulegen; dies gilt auch f\u00fcr ein auf diese Bestimmung gest\u00fctztes Profiling im Sinne von Art. 4 Nr. 4 DS-GVO, das wir zur Bonit\u00e4tsbewertung oder f\u00fcr Werbezwecke einsetzen. Legen Sie Widerspruch ein, werden wir ihre personenbezogenen Daten nicht mehr verarbeiten, es sei denn, wir k\u00f6nnen zwingende schutzw\u00fcrdige Gr\u00fcnde f\u00fcr die Verarbeitung nachweisen, die ihre Interessen, Rechte und Freiheiten \u00fcberwiegen oder die Verarbeitung dient der Geltendmachung, Aus\u00fcbung oder Verteidigung von Rechtsanspr\u00fcchen.<\/p><\/div><div class=\"c-textblock\"><p>\u00a0<\/p><h6><strong>1.2 Widerspruchsrecht gegen eine Verarbeitung von Daten f\u00fcr Zwecke der Direktwerbung<\/strong><\/h6><p>In Einzelf\u00e4llen verarbeiten wir ihre personenbezogenen Daten, um Direktwerbung zu betreiben. Sie haben das Recht, jederzeit Widerspruch gegen die Verarbeitung Sie betreffender personenbezogener Daten zum Zwecke derartiger Werbung einzulegen; dies gilt auch f\u00fcr das Profiling, soweit es mit solcher Direktwerbung in Verbindung steht. Widersprechen Sie der Verarbeitung f\u00fcr Zwecke der Direktwerbung, so werden wir ihre personenbezogenen Daten nicht mehr f\u00fcr diese Zwecke verarbeiten.<\/p><\/div><div id=\"c607\"><p>Der Widerspruch kann formfrei erfolgen und sollte m\u00f6glichst gerichtet werden an:<\/p><p>OHE Maschinenbau GmbH<br \/>Henrichs-Allee 8<br \/>45527 Hattingen<br \/>Deutschland<br \/>Telefon: +49 (0) 2324\/ 5644-0<br \/>Telefax: +49 (0) 2324\/ 5644-44<br \/>E-Mail:\u00a0datenschutz@ohe.de<\/p><\/div>\t\t\t\t\t\t\t\t<\/div>\n\t\t\t\t<\/div>\n\t\t\t\t\t<\/div>\n\t\t<\/div>\n\t\t\t\t\t<\/div>\n\t\t<\/section>\n\t\t\t\t<\/div>","protected":false},"excerpt":{"rendered":"<p>Datenschutz Datenschutzhinweise f\u00fcr Kunden und Lieferanten Unser Umgang mit ihren Daten und ihre Rechte Informationen nach Artikeln 13, 14 und 21 Datenschutz-Grundverordnung &#8211; DS-GVO (Stand November 2019 V1.1) \u00a0 Hiermit informieren wir Sie \u00fcber die Verarbeitung ihrer personenbezogenen Daten durch uns und die ihnen nach den datenschutzrechtlichen Regelungen zustehenden Anspr\u00fcche und Rechte. Welche Daten im [&hellip;]<\/p>","protected":false},"author":2,"featured_media":0,"parent":0,"menu_order":0,"comment_status":"closed","ping_status":"closed","template":"","meta":{"footnotes":""},"class_list":["post-223","page","type-page","status-publish","hentry"],"_links":{"self":[{"href":"https:\/\/ohe.de\/en\/wp-json\/wp\/v2\/pages\/223","targetHints":{"allow":["GET"]}}],"collection":[{"href":"https:\/\/ohe.de\/en\/wp-json\/wp\/v2\/pages"}],"about":[{"href":"https:\/\/ohe.de\/en\/wp-json\/wp\/v2\/types\/page"}],"author":[{"embeddable":true,"href":"https:\/\/ohe.de\/en\/wp-json\/wp\/v2\/users\/2"}],"replies":[{"embeddable":true,"href":"https:\/\/ohe.de\/en\/wp-json\/wp\/v2\/comments?post=223"}],"version-history":[{"count":20,"href":"https:\/\/ohe.de\/en\/wp-json\/wp\/v2\/pages\/223\/revisions"}],"predecessor-version":[{"id":2266,"href":"https:\/\/ohe.de\/en\/wp-json\/wp\/v2\/pages\/223\/revisions\/2266"}],"wp:attachment":[{"href":"https:\/\/ohe.de\/en\/wp-json\/wp\/v2\/media?parent=223"}],"curies":[{"name":"wp","href":"https:\/\/api.w.org\/{rel}","templated":true}]}}