{"id":247,"date":"2023-03-01T06:16:14","date_gmt":"2023-03-01T06:16:14","guid":{"rendered":"https:\/\/ohe.de\/?page_id=247"},"modified":"2023-03-17T05:57:12","modified_gmt":"2023-03-17T05:57:12","slug":"produkte-steuerungen-hydraulische-steuerungen-direktsteuerung","status":"publish","type":"page","link":"https:\/\/ohe.de\/en\/produkte-steuerungen-hydraulische-steuerungen-direktsteuerung\/","title":{"rendered":"Direct control unit"},"content":{"rendered":"<div data-elementor-type=\"wp-page\" data-elementor-id=\"247\" class=\"elementor elementor-247\" data-elementor-post-type=\"page\">\n\t\t\t\t\t\t<section class=\"elementor-section elementor-top-section elementor-element elementor-element-956de23 elementor-section-content-middle elementor-section-boxed elementor-section-height-default elementor-section-height-default\" data-id=\"956de23\" data-element_type=\"section\">\n\t\t\t\t\t\t<div class=\"elementor-container elementor-column-gap-default\">\n\t\t\t\t\t<div class=\"elementor-column elementor-col-50 elementor-top-column elementor-element elementor-element-68c7a73\" data-id=\"68c7a73\" data-element_type=\"column\">\n\t\t\t<div class=\"elementor-widget-wrap elementor-element-populated\">\n\t\t\t\t\t\t<div class=\"elementor-element elementor-element-b402829 elementor-widget elementor-widget-text-editor\" data-id=\"b402829\" data-element_type=\"widget\" data-widget_type=\"text-editor.default\">\n\t\t\t\t<div class=\"elementor-widget-container\">\n\t\t\t\t\t\t\t\t\t<h1><strong>Direct control unit\n<\/strong><\/h1>\t\t\t\t\t\t\t\t<\/div>\n\t\t\t\t<\/div>\n\t\t\t\t<div class=\"elementor-element elementor-element-aae03ee elementor-widget elementor-widget-text-editor\" data-id=\"aae03ee\" data-element_type=\"widget\" data-widget_type=\"text-editor.default\">\n\t\t\t\t<div class=\"elementor-widget-container\">\n\t\t\t\t\t\t\t\t\t<p>Product description:<br \/>Direct control units are used to actuate small cylinders (auxiliary functions) of a roof support.<\/p><p>Functional principle:<br \/>The function is performed directly by a 4\/3-way directional valve HV4. The returning hydraulic fluid is guided into the return line.<\/p><p>P: pressure port<br \/>R: return port<br \/>A: actuator port<\/p>\t\t\t\t\t\t\t\t<\/div>\n\t\t\t\t<\/div>\n\t\t\t\t\t<\/div>\n\t\t<\/div>\n\t\t\t\t<div class=\"elementor-column elementor-col-50 elementor-top-column elementor-element elementor-element-d62df19\" data-id=\"d62df19\" data-element_type=\"column\">\n\t\t\t<div class=\"elementor-widget-wrap elementor-element-populated\">\n\t\t\t\t\t\t<div class=\"elementor-element elementor-element-fcca330 elementor-widget elementor-widget-image\" data-id=\"fcca330\" data-element_type=\"widget\" data-widget_type=\"image.default\">\n\t\t\t\t<div class=\"elementor-widget-container\">\n\t\t\t\t\t\t\t\t\t\t\t\t<figure class=\"wp-caption\">\n\t\t\t\t\t\t\t\t\t\t<img fetchpriority=\"high\" decoding=\"async\" width=\"727\" height=\"409\" src=\"https:\/\/ohe.de\/wp-content\/uploads\/csm_Direktsteuerung_RZ_8755ef7a07.jpg\" class=\"attachment-full size-full wp-image-978\" alt=\"\" srcset=\"https:\/\/ohe.de\/wp-content\/uploads\/csm_Direktsteuerung_RZ_8755ef7a07.jpg 727w, https:\/\/ohe.de\/wp-content\/uploads\/csm_Direktsteuerung_RZ_8755ef7a07-300x169.jpg 300w, https:\/\/ohe.de\/wp-content\/uploads\/csm_Direktsteuerung_RZ_8755ef7a07-18x10.jpg 18w\" sizes=\"(max-width: 727px) 100vw, 727px\" \/>\t\t\t\t\t\t\t\t\t\t\t<figcaption class=\"widget-image-caption wp-caption-text\">Direct control unit<\/figcaption>\n\t\t\t\t\t\t\t\t\t\t<\/figure>\n\t\t\t\t\t\t\t\t\t<\/div>\n\t\t\t\t<\/div>\n\t\t\t\t\t<\/div>\n\t\t<\/div>\n\t\t\t\t\t<\/div>\n\t\t<\/section>\n\t\t\t\t<section class=\"elementor-section elementor-top-section elementor-element elementor-element-c921644 elementor-section-boxed elementor-section-height-default elementor-section-height-default\" data-id=\"c921644\" data-element_type=\"section\" data-settings=\"{&quot;background_background&quot;:&quot;classic&quot;}\">\n\t\t\t\t\t\t<div class=\"elementor-container elementor-column-gap-default\">\n\t\t\t\t\t<div class=\"elementor-column elementor-col-50 elementor-top-column elementor-element elementor-element-a0f506f\" data-id=\"a0f506f\" data-element_type=\"column\">\n\t\t\t<div class=\"elementor-widget-wrap elementor-element-populated\">\n\t\t\t\t\t\t<div class=\"elementor-element elementor-element-ee53070 elementor-widget elementor-widget-text-editor\" data-id=\"ee53070\" data-element_type=\"widget\" data-widget_type=\"text-editor.default\">\n\t\t\t\t<div class=\"elementor-widget-container\">\n\t\t\t\t\t\t\t\t\t<h4><strong>Technical specifications<\/strong><\/h4>\t\t\t\t\t\t\t\t<\/div>\n\t\t\t\t<\/div>\n\t\t\t\t<div class=\"elementor-element elementor-element-7d6d5a6 elementor-widget elementor-widget-html\" data-id=\"7d6d5a6\" data-element_type=\"widget\" data-widget_type=\"html.default\">\n\t\t\t\t<div class=\"elementor-widget-container\">\n\t\t\t\t\t<style type=\"text\/css\">\r\n.tg  {border-collapse:collapse;border-spacing:0;}\r\n.tg td{border-color:black;border-style:solid;border-width:1px;font-family:Arial, sans-serif;font-size:14px;\r\n  overflow:hidden;padding:10px 10px;word-break:normal;}\r\n.tg th{border-color:black;border-style:solid;border-width:1px;font-family:Arial, sans-serif;font-size:14px;\r\n  font-weight:normal;overflow:hidden;padding:10px 10px;word-break:normal;}\r\n.tg .tg-lvov{background-color:#005b8c;border-color:#005b8c;color:#ffffff;font-style:italic;font-weight:bold;text-align:left;\r\n  vertical-align:top}\r\n.tg .tg-lboi{border-color:inherit;text-align:left;vertical-align:middle}\r\n.tg .tg-e7r5{background-color:#005b8c;border-color:#005b8c;color:#ffffff;font-family:Arial, Helvetica, sans-serif !important;\r\n  font-style:italic;font-weight:bold;text-align:left;vertical-align:middle}\r\n.tg .tg-ho5b{background-color:#005b8c;border-color:#005b8c;color:#ffffff;font-family:Arial, Helvetica, sans-serif !important;\r\n  font-style:italic;font-weight:bold;text-align:left;vertical-align:top}\r\n<\/style>\r\n<table class=\"tg\">\r\n<thead>\r\n  <tr>\r\n    <th class=\"tg-e7r5\">System pressure<br><\/th>\r\n    <th class=\"tg-lboi\">35 MPa<\/th>\r\n  <\/tr>\r\n<\/thead>\r\n<tbody>\r\n  <tr>\r\n    <td class=\"tg-ho5b\">Flow rate<br><\/td>\r\n    <td class=\"tg-lboi\">25 l\/min<\/td>\r\n  <\/tr>\r\n  <tr>\r\n    <td class=\"tg-ho5b\">Hydraulic fluid<br><\/td>\r\n    <td class=\"tg-lboi\">HFA water emulsion according to DIN 24320<\/td>\r\n  <\/tr>\r\n  <tr>\r\n    <td class=\"tg-lvov\">Filtration<\/td>\r\n    <td class=\"tg-lboi\">&leq; 40 &mu;m<\/td>\r\n  <\/tr>\r\n  <tr>\r\n    <td class=\"tg-lvov\">Material<\/td>\r\n    <td class=\"tg-lboi\">Corrosion resistant material<\/td>\r\n  <\/tr>\r\n  <tr>\r\n    <td class=\"tg-lvov\">Ports<\/td>\r\n    <td class=\"tg-lboi\">Fittings, female according to DIN 20043<\/td>\r\n  <\/tr>\r\n<\/tbody>\r\n<\/table>\t\t\t\t<\/div>\n\t\t\t\t<\/div>\n\t\t\t\t\t<\/div>\n\t\t<\/div>\n\t\t\t\t<div class=\"elementor-column elementor-col-50 elementor-top-column elementor-element elementor-element-9bcd681\" data-id=\"9bcd681\" data-element_type=\"column\">\n\t\t\t<div class=\"elementor-widget-wrap\">\n\t\t\t\t\t\t\t<\/div>\n\t\t<\/div>\n\t\t\t\t\t<\/div>\n\t\t<\/section>\n\t\t\t\t<\/div>","protected":false},"excerpt":{"rendered":"<p>Direktsteuerung Produktbeschreibung:Direktsteuerungen dienen dazu, kleine Zylinder (Hilfsfunktionen) eines Schildes zu steuern. Funktionsweise:Die Funktion wird von einem 4\/3-Wegeventil HV4 direkt weitergegeben. R\u00fcckflie\u00dfende Hydraulikfl\u00fcssigkeit wird in den R\u00fccklauf geleitet. P: DruckanschlussR: R\u00fccklaufanschlussA: Verbraucheranschluss Direktsteuerung Technische Daten Arbeitsdruck 35 MPa Durchfluss 25 l\/min Hydraulikfl\u00fcssigkeit HFA-Wasseremulsion nach DIN 24320 Filterung &leq; 40 &mu;m Material nichtrostendes Material Anschl\u00fcsse Muffen nach [&hellip;]<\/p>","protected":false},"author":2,"featured_media":0,"parent":0,"menu_order":0,"comment_status":"closed","ping_status":"closed","template":"","meta":{"footnotes":""},"class_list":["post-247","page","type-page","status-publish","hentry"],"_links":{"self":[{"href":"https:\/\/ohe.de\/en\/wp-json\/wp\/v2\/pages\/247","targetHints":{"allow":["GET"]}}],"collection":[{"href":"https:\/\/ohe.de\/en\/wp-json\/wp\/v2\/pages"}],"about":[{"href":"https:\/\/ohe.de\/en\/wp-json\/wp\/v2\/types\/page"}],"author":[{"embeddable":true,"href":"https:\/\/ohe.de\/en\/wp-json\/wp\/v2\/users\/2"}],"replies":[{"embeddable":true,"href":"https:\/\/ohe.de\/en\/wp-json\/wp\/v2\/comments?post=247"}],"version-history":[{"count":13,"href":"https:\/\/ohe.de\/en\/wp-json\/wp\/v2\/pages\/247\/revisions"}],"predecessor-version":[{"id":1992,"href":"https:\/\/ohe.de\/en\/wp-json\/wp\/v2\/pages\/247\/revisions\/1992"}],"wp:attachment":[{"href":"https:\/\/ohe.de\/en\/wp-json\/wp\/v2\/media?parent=247"}],"curies":[{"name":"wp","href":"https:\/\/api.w.org\/{rel}","templated":true}]}}