{"id":261,"date":"2023-03-01T06:20:26","date_gmt":"2023-03-01T06:20:26","guid":{"rendered":"https:\/\/ohe.de\/?page_id=261"},"modified":"2023-03-17T05:37:30","modified_gmt":"2023-03-17T05:37:30","slug":"produkte-ventile-rueckschlagventile-entsperrbar-rueckschlagventil-zweifach-entsperrbar","status":"publish","type":"page","link":"https:\/\/ohe.de\/en\/produkte-ventile-rueckschlagventile-entsperrbar-rueckschlagventil-zweifach-entsperrbar\/","title":{"rendered":"Twin pilot operated check valves"},"content":{"rendered":"<div data-elementor-type=\"wp-page\" data-elementor-id=\"261\" class=\"elementor elementor-261\" data-elementor-post-type=\"page\">\n\t\t\t\t\t\t<section class=\"elementor-section elementor-top-section elementor-element elementor-element-b0f50f9 elementor-section-content-middle elementor-section-boxed elementor-section-height-default elementor-section-height-default\" data-id=\"b0f50f9\" data-element_type=\"section\">\n\t\t\t\t\t\t<div class=\"elementor-container elementor-column-gap-default\">\n\t\t\t\t\t<div class=\"elementor-column elementor-col-50 elementor-top-column elementor-element elementor-element-061ae2e\" data-id=\"061ae2e\" data-element_type=\"column\">\n\t\t\t<div class=\"elementor-widget-wrap elementor-element-populated\">\n\t\t\t\t\t\t<div class=\"elementor-element elementor-element-24d3112 elementor-widget elementor-widget-text-editor\" data-id=\"24d3112\" data-element_type=\"widget\" data-widget_type=\"text-editor.default\">\n\t\t\t\t<div class=\"elementor-widget-container\">\n\t\t\t\t\t\t\t\t\t<h1><strong>Twin pilot operated check valves\n<\/strong><\/h1>\t\t\t\t\t\t\t\t<\/div>\n\t\t\t\t<\/div>\n\t\t\t\t<div class=\"elementor-element elementor-element-12729c6 elementor-widget elementor-widget-text-editor\" data-id=\"12729c6\" data-element_type=\"widget\" data-widget_type=\"text-editor.default\">\n\t\t\t\t<div class=\"elementor-widget-container\">\n\t\t\t\t\t\t\t\t\t<p>Product description:<br \/>These twin pilot controlled check valves are used to extend or retract cylinders or hold them in position. They are mainly used for front cantilever cylinders.<br \/><br \/>Functional principle:<br \/>The hydraulic fluid flows from P to A and B via the integrated check valves.<br \/>The valves lock any unwanted reverse flow of the fluid. Both check valves are hydraulically opened via port Z, allowing the hydraulic fluid to flow from A and B to P.<br \/><br \/>P: pressure port<br \/>A and B: actuator ports<br \/>Z: control pressure<\/p>\t\t\t\t\t\t\t\t<\/div>\n\t\t\t\t<\/div>\n\t\t\t\t\t<\/div>\n\t\t<\/div>\n\t\t\t\t<div class=\"elementor-column elementor-col-50 elementor-top-column elementor-element elementor-element-2649582\" data-id=\"2649582\" data-element_type=\"column\">\n\t\t\t<div class=\"elementor-widget-wrap elementor-element-populated\">\n\t\t\t\t\t\t<div class=\"elementor-element elementor-element-7d04d09 elementor-widget elementor-widget-image\" data-id=\"7d04d09\" data-element_type=\"widget\" data-widget_type=\"image.default\">\n\t\t\t\t<div class=\"elementor-widget-container\">\n\t\t\t\t\t\t\t\t\t\t\t\t<figure class=\"wp-caption\">\n\t\t\t\t\t\t\t\t\t\t<img fetchpriority=\"high\" decoding=\"async\" width=\"727\" height=\"409\" src=\"https:\/\/ohe.de\/wp-content\/uploads\/csm_rueckschlagventil_2fach-entsperrbar_RZ_b11d0ff913.jpg\" class=\"attachment-full size-full wp-image-1011\" alt=\"\" srcset=\"https:\/\/ohe.de\/wp-content\/uploads\/csm_rueckschlagventil_2fach-entsperrbar_RZ_b11d0ff913.jpg 727w, https:\/\/ohe.de\/wp-content\/uploads\/csm_rueckschlagventil_2fach-entsperrbar_RZ_b11d0ff913-300x169.jpg 300w, https:\/\/ohe.de\/wp-content\/uploads\/csm_rueckschlagventil_2fach-entsperrbar_RZ_b11d0ff913-18x10.jpg 18w\" sizes=\"(max-width: 727px) 100vw, 727px\" \/>\t\t\t\t\t\t\t\t\t\t\t<figcaption class=\"widget-image-caption wp-caption-text\">Twin pilot operated check valves<\/figcaption>\n\t\t\t\t\t\t\t\t\t\t<\/figure>\n\t\t\t\t\t\t\t\t\t<\/div>\n\t\t\t\t<\/div>\n\t\t\t\t\t<\/div>\n\t\t<\/div>\n\t\t\t\t\t<\/div>\n\t\t<\/section>\n\t\t\t\t<section class=\"elementor-section elementor-top-section elementor-element elementor-element-7238c9c elementor-section-boxed elementor-section-height-default elementor-section-height-default\" data-id=\"7238c9c\" data-element_type=\"section\" data-settings=\"{&quot;background_background&quot;:&quot;classic&quot;}\">\n\t\t\t\t\t\t<div class=\"elementor-container elementor-column-gap-default\">\n\t\t\t\t\t<div class=\"elementor-column elementor-col-50 elementor-top-column elementor-element elementor-element-ebcd00e\" data-id=\"ebcd00e\" data-element_type=\"column\">\n\t\t\t<div class=\"elementor-widget-wrap elementor-element-populated\">\n\t\t\t\t\t\t<div class=\"elementor-element elementor-element-3237895 elementor-widget elementor-widget-text-editor\" data-id=\"3237895\" data-element_type=\"widget\" data-widget_type=\"text-editor.default\">\n\t\t\t\t<div class=\"elementor-widget-container\">\n\t\t\t\t\t\t\t\t\t<h4><strong>Technical specifications<\/strong><\/h4>\t\t\t\t\t\t\t\t<\/div>\n\t\t\t\t<\/div>\n\t\t\t\t<div class=\"elementor-element elementor-element-a4b1b0f elementor-widget elementor-widget-html\" data-id=\"a4b1b0f\" data-element_type=\"widget\" data-widget_type=\"html.default\">\n\t\t\t\t<div class=\"elementor-widget-container\">\n\t\t\t\t\t<style type=\"text\/css\">\r\n.tg  {border-collapse:collapse;border-spacing:0;}\r\n.tg td{border-color:black;border-style:solid;border-width:1px;font-family:Arial, sans-serif;font-size:14px;\r\n  overflow:hidden;padding:10px 10px;word-break:normal;}\r\n.tg th{border-color:black;border-style:solid;border-width:1px;font-family:Arial, sans-serif;font-size:14px;\r\n  font-weight:normal;overflow:hidden;padding:10px 10px;word-break:normal;}\r\n.tg .tg-cly1{text-align:left;vertical-align:middle}\r\n.tg .tg-lvov{background-color:#005b8c;border-color:#005b8c;color:#ffffff;font-style:italic;font-weight:bold;text-align:left;\r\n  vertical-align:top}\r\n.tg .tg-e7r5{background-color:#005b8c;border-color:#005b8c;color:#ffffff;font-family:Arial, Helvetica, sans-serif !important;\r\n  font-style:italic;font-weight:bold;text-align:left;vertical-align:middle}\r\n.tg .tg-ho5b{background-color:#005b8c;border-color:#005b8c;color:#ffffff;font-family:Arial, Helvetica, sans-serif !important;\r\n  font-style:italic;font-weight:bold;text-align:left;vertical-align:top}\r\n<\/style>\r\n<table class=\"tg\">\r\n<thead>\r\n  <tr>\r\n    <th class=\"tg-e7r5\">System pressure<br><\/th>\r\n    <th class=\"tg-cly1\">35 MPa<\/th>\r\n  <\/tr>\r\n<\/thead>\r\n<tbody>\r\n  <tr>\r\n    <td class=\"tg-ho5b\">Hydraulic fluid<br><\/td>\r\n    <td class=\"tg-cly1\">HFA water emulsion according to DIN 24320<\/td>\r\n  <\/tr>\r\n  <tr>\r\n    <td class=\"tg-lvov\">Filtration<\/td>\r\n    <td class=\"tg-cly1\">&leq;\r\n40 &mu;m<\/td>\r\n  <\/tr>\r\n  <tr>\r\n    <td class=\"tg-lvov\">Material<\/td>\r\n    <td class=\"tg-cly1\">Corrosion resistant material<\/td>\r\n  <\/tr>\r\n  <tr>\r\n    <td class=\"tg-lvov\">Ports<\/td>\r\n    <td class=\"tg-cly1\">Fittings, female according to DIN 20043<\/td>\r\n  <\/tr>\r\n  <tr>\r\n    <td class=\"tg-lvov\">Permissible actuation<br>pressure<\/td>\r\n    <td class=\"tg-cly1\">up to 53 MPa<\/td>\r\n  <\/tr>\r\n<\/tbody>\r\n<\/table>\t\t\t\t<\/div>\n\t\t\t\t<\/div>\n\t\t\t\t\t<\/div>\n\t\t<\/div>\n\t\t\t\t<div class=\"elementor-column elementor-col-50 elementor-top-column elementor-element elementor-element-9b2fac1\" data-id=\"9b2fac1\" data-element_type=\"column\">\n\t\t\t<div class=\"elementor-widget-wrap\">\n\t\t\t\t\t\t\t<\/div>\n\t\t<\/div>\n\t\t\t\t\t<\/div>\n\t\t<\/section>\n\t\t\t\t<\/div>","protected":false},"excerpt":{"rendered":"<p>R\u00fcckschlagventil, zweifach entsperrbar Produktbeschreibung:Das zweifach entsperrbare R\u00fcckschlagventil dient zum Ausfahren, Einfahren oder Halten von Zylindern. Es wird vorwiegend f\u00fcr Anstellkappenzylinder verwendet. Funktionsweise:Die Hydraulikfl\u00fcssigkeit flie\u00dft von P nach A und B durch die integrierten R\u00fcckschlagventile.Eine entgegengesetzte selbstst\u00e4ndige Durchstr\u00f6mung wird durch das Ventil verhindert. \u00dcber den Anschluss Z werden beide R\u00fcckschlagventile hydraulisch entsperrt und geben den Weg [&hellip;]<\/p>","protected":false},"author":2,"featured_media":0,"parent":0,"menu_order":0,"comment_status":"closed","ping_status":"closed","template":"","meta":{"footnotes":""},"class_list":["post-261","page","type-page","status-publish","hentry"],"_links":{"self":[{"href":"https:\/\/ohe.de\/en\/wp-json\/wp\/v2\/pages\/261","targetHints":{"allow":["GET"]}}],"collection":[{"href":"https:\/\/ohe.de\/en\/wp-json\/wp\/v2\/pages"}],"about":[{"href":"https:\/\/ohe.de\/en\/wp-json\/wp\/v2\/types\/page"}],"author":[{"embeddable":true,"href":"https:\/\/ohe.de\/en\/wp-json\/wp\/v2\/users\/2"}],"replies":[{"embeddable":true,"href":"https:\/\/ohe.de\/en\/wp-json\/wp\/v2\/comments?post=261"}],"version-history":[{"count":10,"href":"https:\/\/ohe.de\/en\/wp-json\/wp\/v2\/pages\/261\/revisions"}],"predecessor-version":[{"id":1935,"href":"https:\/\/ohe.de\/en\/wp-json\/wp\/v2\/pages\/261\/revisions\/1935"}],"wp:attachment":[{"href":"https:\/\/ohe.de\/en\/wp-json\/wp\/v2\/media?parent=261"}],"curies":[{"name":"wp","href":"https:\/\/api.w.org\/{rel}","templated":true}]}}