{"id":263,"date":"2023-03-01T06:20:52","date_gmt":"2023-03-01T06:20:52","guid":{"rendered":"https:\/\/ohe.de\/?page_id=263"},"modified":"2023-03-17T05:38:00","modified_gmt":"2023-03-17T05:38:00","slug":"produkte-ventile-rueckschlagventile-entsperrbar-rueckschlagventil-doppelt-entsperrbar","status":"publish","type":"page","link":"https:\/\/ohe.de\/en\/produkte-ventile-rueckschlagventile-entsperrbar-rueckschlagventil-doppelt-entsperrbar\/","title":{"rendered":"Double pilot operated check valves"},"content":{"rendered":"<div data-elementor-type=\"wp-page\" data-elementor-id=\"263\" class=\"elementor elementor-263\" data-elementor-post-type=\"page\">\n\t\t\t\t\t\t<section class=\"elementor-section elementor-top-section elementor-element elementor-element-8252657 elementor-section-content-middle elementor-section-boxed elementor-section-height-default elementor-section-height-default\" data-id=\"8252657\" data-element_type=\"section\">\n\t\t\t\t\t\t<div class=\"elementor-container elementor-column-gap-default\">\n\t\t\t\t\t<div class=\"elementor-column elementor-col-50 elementor-top-column elementor-element elementor-element-684e629\" data-id=\"684e629\" data-element_type=\"column\">\n\t\t\t<div class=\"elementor-widget-wrap elementor-element-populated\">\n\t\t\t\t\t\t<div class=\"elementor-element elementor-element-179813f elementor-widget elementor-widget-text-editor\" data-id=\"179813f\" data-element_type=\"widget\" data-widget_type=\"text-editor.default\">\n\t\t\t\t<div class=\"elementor-widget-container\">\n\t\t\t\t\t\t\t\t\t<h1><strong>Double pilot operated check valves\n<\/strong><\/h1>\t\t\t\t\t\t\t\t<\/div>\n\t\t\t\t<\/div>\n\t\t\t\t<div class=\"elementor-element elementor-element-dace514 elementor-widget elementor-widget-text-editor\" data-id=\"dace514\" data-element_type=\"widget\" data-widget_type=\"text-editor.default\">\n\t\t\t\t<div class=\"elementor-widget-container\">\n\t\t\t\t\t\t\t\t\t<p>Product description:<br>These double pilot operated check valves are used to extend or retract hydraulic cylinders or hold them in position. They are mainly used to lock rod and piston side of hydraulic cylinders.<\/p>\n<p>Functional principle:<br>The hydraulic fluid flows from PA to A or from PB to B via the integrated check valves. The valves lock any unwanted reverse flow of the fluid. The integrated check valves unlock each other.<\/p>\n<p>PA and PB: pressure ports<br>A and B: actuator ports<\/p>\t\t\t\t\t\t\t\t<\/div>\n\t\t\t\t<\/div>\n\t\t\t\t\t<\/div>\n\t\t<\/div>\n\t\t\t\t<div class=\"elementor-column elementor-col-50 elementor-top-column elementor-element elementor-element-3fab1be\" data-id=\"3fab1be\" data-element_type=\"column\">\n\t\t\t<div class=\"elementor-widget-wrap elementor-element-populated\">\n\t\t\t\t\t\t<div class=\"elementor-element elementor-element-07fb7fc elementor--h-position-center elementor--v-position-middle elementor-arrows-position-inside elementor-pagination-position-inside elementor-widget elementor-widget-slides\" data-id=\"07fb7fc\" data-element_type=\"widget\" data-settings=\"{&quot;navigation&quot;:&quot;both&quot;,&quot;autoplay&quot;:&quot;yes&quot;,&quot;pause_on_hover&quot;:&quot;yes&quot;,&quot;pause_on_interaction&quot;:&quot;yes&quot;,&quot;autoplay_speed&quot;:5000,&quot;infinite&quot;:&quot;yes&quot;,&quot;transition&quot;:&quot;slide&quot;,&quot;transition_speed&quot;:500}\" data-widget_type=\"slides.default\">\n\t\t\t\t<div class=\"elementor-widget-container\">\n\t\t\t\t\t\t\t\t\t<div class=\"elementor-swiper\">\n\t\t\t\t\t<div class=\"elementor-slides-wrapper elementor-main-swiper swiper\" role=\"region\" aria-roledescription=\"carousel\" aria-label=\"Slides\" dir=\"ltr\" data-animation=\"fadeInUp\">\n\t\t\t\t<div class=\"swiper-wrapper elementor-slides\">\n\t\t\t\t\t\t\t\t\t\t<div class=\"elementor-repeater-item-f95ff3a swiper-slide\" role=\"group\" aria-roledescription=\"slide\"><div class=\"swiper-slide-bg\" role=\"img\"><\/div><div class=\"swiper-slide-inner\" ><div class=\"swiper-slide-contents\"><\/div><\/div><\/div><div class=\"elementor-repeater-item-104f9d1 swiper-slide\" role=\"group\" aria-roledescription=\"slide\"><div class=\"swiper-slide-bg\" role=\"img\"><\/div><div class=\"swiper-slide-inner\" ><div class=\"swiper-slide-contents\"><\/div><\/div><\/div><div class=\"elementor-repeater-item-0e56679 swiper-slide\" role=\"group\" aria-roledescription=\"slide\"><div class=\"swiper-slide-bg\" role=\"img\"><\/div><div class=\"swiper-slide-inner\" ><div class=\"swiper-slide-contents\"><\/div><\/div><\/div>\t\t\t\t<\/div>\n\t\t\t\t\t\t\t\t\t\t\t\t\t\t\t<div class=\"elementor-swiper-button elementor-swiper-button-prev\" role=\"button\" tabindex=\"0\" aria-label=\"Previous slide\">\n\t\t\t\t\t\t\t<i aria-hidden=\"true\" class=\"eicon-chevron-left\"><\/i>\t\t\t\t\t\t<\/div>\n\t\t\t\t\t\t<div class=\"elementor-swiper-button elementor-swiper-button-next\" role=\"button\" tabindex=\"0\" aria-label=\"Next slide\">\n\t\t\t\t\t\t\t<i aria-hidden=\"true\" class=\"eicon-chevron-right\"><\/i>\t\t\t\t\t\t<\/div>\n\t\t\t\t\t\t\t\t\t\t\t\t\t\t\t\t<div class=\"swiper-pagination\"><\/div>\n\t\t\t\t\t\t\t\t\t\t\t\t<\/div>\n\t\t\t\t<\/div>\n\t\t\t\t\t\t\t\t<\/div>\n\t\t\t\t<\/div>\n\t\t\t\t\t<\/div>\n\t\t<\/div>\n\t\t\t\t\t<\/div>\n\t\t<\/section>\n\t\t\t\t<section class=\"elementor-section elementor-top-section elementor-element elementor-element-f2df1c3 elementor-section-boxed elementor-section-height-default elementor-section-height-default\" data-id=\"f2df1c3\" data-element_type=\"section\" data-settings=\"{&quot;background_background&quot;:&quot;classic&quot;}\">\n\t\t\t\t\t\t<div class=\"elementor-container elementor-column-gap-default\">\n\t\t\t\t\t<div class=\"elementor-column elementor-col-50 elementor-top-column elementor-element elementor-element-c97e2fa\" data-id=\"c97e2fa\" data-element_type=\"column\">\n\t\t\t<div class=\"elementor-widget-wrap elementor-element-populated\">\n\t\t\t\t\t\t<div class=\"elementor-element elementor-element-7a7fde8 elementor-widget elementor-widget-text-editor\" data-id=\"7a7fde8\" data-element_type=\"widget\" data-widget_type=\"text-editor.default\">\n\t\t\t\t<div class=\"elementor-widget-container\">\n\t\t\t\t\t\t\t\t\t<h4><strong>Technical specifications<\/strong><\/h4>\t\t\t\t\t\t\t\t<\/div>\n\t\t\t\t<\/div>\n\t\t\t\t<div class=\"elementor-element elementor-element-99931e5 elementor-widget elementor-widget-html\" data-id=\"99931e5\" data-element_type=\"widget\" data-widget_type=\"html.default\">\n\t\t\t\t<div class=\"elementor-widget-container\">\n\t\t\t\t\t<style type=\"text\/css\">\r\n.tg  {border-collapse:collapse;border-spacing:0;}\r\n.tg td{border-color:black;border-style:solid;border-width:1px;font-family:Arial, sans-serif;font-size:14px;\r\n  overflow:hidden;padding:10px 10px;word-break:normal;}\r\n.tg th{border-color:black;border-style:solid;border-width:1px;font-family:Arial, sans-serif;font-size:14px;\r\n  font-weight:normal;overflow:hidden;padding:10px 10px;word-break:normal;}\r\n.tg .tg-cly1{text-align:left;vertical-align:middle}\r\n.tg .tg-lvov{background-color:#005b8c;border-color:#005b8c;color:#ffffff;font-style:italic;font-weight:bold;text-align:left;\r\n  vertical-align:top}\r\n.tg .tg-e7r5{background-color:#005b8c;border-color:#005b8c;color:#ffffff;font-family:Arial, Helvetica, sans-serif !important;\r\n  font-style:italic;font-weight:bold;text-align:left;vertical-align:middle}\r\n.tg .tg-ho5b{background-color:#005b8c;border-color:#005b8c;color:#ffffff;font-family:Arial, Helvetica, sans-serif !important;\r\n  font-style:italic;font-weight:bold;text-align:left;vertical-align:top}\r\n<\/style>\r\n<table class=\"tg\">\r\n<thead>\r\n  <tr>\r\n    <th class=\"tg-e7r5\">System pressure<br><\/th>\r\n    <th class=\"tg-cly1\">35 MPa<\/th>\r\n  <\/tr>\r\n<\/thead>\r\n<tbody>\r\n  <tr>\r\n    <td class=\"tg-ho5b\">Hydraulic fluid<br><\/td>\r\n    <td class=\"tg-cly1\">HFA water emulsion according to DIN 24320<\/td>\r\n  <\/tr>\r\n  <tr>\r\n    <td class=\"tg-lvov\">Filtration<\/td>\r\n    <td class=\"tg-cly1\">&leq;\r\n40 &mu;m<\/td>\r\n  <\/tr>\r\n  <tr>\r\n    <td class=\"tg-lvov\">Material<\/td>\r\n    <td class=\"tg-cly1\">Corrosion resistant material<\/td>\r\n  <\/tr>\r\n  <tr>\r\n    <td class=\"tg-lvov\">Ports<\/td>\r\n    <td class=\"tg-cly1\">Fittings, female according to DIN 20043<\/td>\r\n  <\/tr>\r\n  <tr>\r\n    <td class=\"tg-lvov\">Permissible actuation<br>pressure<\/td>\r\n    <td class=\"tg-cly1\">up to 53 MPa<\/td>\r\n  <\/tr>\r\n<\/tbody>\r\n<\/table>\t\t\t\t<\/div>\n\t\t\t\t<\/div>\n\t\t\t\t\t<\/div>\n\t\t<\/div>\n\t\t\t\t<div class=\"elementor-column elementor-col-50 elementor-top-column elementor-element elementor-element-5ff7d57\" data-id=\"5ff7d57\" data-element_type=\"column\">\n\t\t\t<div class=\"elementor-widget-wrap\">\n\t\t\t\t\t\t\t<\/div>\n\t\t<\/div>\n\t\t\t\t\t<\/div>\n\t\t<\/section>\n\t\t\t\t<\/div>","protected":false},"excerpt":{"rendered":"<p>R\u00fcckschlagventil, doppelt entsperrbar Produktbeschreibung:Das doppelt entsperrbare R\u00fcckschlagventil dient zum Ausfahren, Einfahren oder Halten von Zylindern. Es wird vorwiegend verwendet um Ring- und Kolbenraum von Zylindern zu sperren. Funktionsweise:Die Hydraulikfl\u00fcssigkeit flie\u00dft von PA nach A oder von PB nach B durch die integrierten R\u00fcckschlagventile. Eine entgegengesetzte selbstst\u00e4ndige Durchstr\u00f6mung wird durch das Ventil verhindert. Die integrierten R\u00fcckschlagventile [&hellip;]<\/p>","protected":false},"author":2,"featured_media":0,"parent":0,"menu_order":0,"comment_status":"closed","ping_status":"closed","template":"","meta":{"footnotes":""},"class_list":["post-263","page","type-page","status-publish","hentry"],"_links":{"self":[{"href":"https:\/\/ohe.de\/en\/wp-json\/wp\/v2\/pages\/263","targetHints":{"allow":["GET"]}}],"collection":[{"href":"https:\/\/ohe.de\/en\/wp-json\/wp\/v2\/pages"}],"about":[{"href":"https:\/\/ohe.de\/en\/wp-json\/wp\/v2\/types\/page"}],"author":[{"embeddable":true,"href":"https:\/\/ohe.de\/en\/wp-json\/wp\/v2\/users\/2"}],"replies":[{"embeddable":true,"href":"https:\/\/ohe.de\/en\/wp-json\/wp\/v2\/comments?post=263"}],"version-history":[{"count":16,"href":"https:\/\/ohe.de\/en\/wp-json\/wp\/v2\/pages\/263\/revisions"}],"predecessor-version":[{"id":1938,"href":"https:\/\/ohe.de\/en\/wp-json\/wp\/v2\/pages\/263\/revisions\/1938"}],"wp:attachment":[{"href":"https:\/\/ohe.de\/en\/wp-json\/wp\/v2\/media?parent=263"}],"curies":[{"name":"wp","href":"https:\/\/api.w.org\/{rel}","templated":true}]}}