{"id":267,"date":"2023-03-01T06:21:55","date_gmt":"2023-03-01T06:21:55","guid":{"rendered":"https:\/\/ohe.de\/?page_id=267"},"modified":"2023-03-17T05:39:02","modified_gmt":"2023-03-17T05:39:02","slug":"produkte-ventile-rueckschlagventile-entsperrbar-sonderrueckschlagventil","status":"publish","type":"page","link":"https:\/\/ohe.de\/en\/produkte-ventile-rueckschlagventile-entsperrbar-sonderrueckschlagventil\/","title":{"rendered":"Special check valves"},"content":{"rendered":"<div data-elementor-type=\"wp-page\" data-elementor-id=\"267\" class=\"elementor elementor-267\" data-elementor-post-type=\"page\">\n\t\t\t\t\t\t<section class=\"elementor-section elementor-top-section elementor-element elementor-element-340c2b8 elementor-section-content-middle elementor-section-boxed elementor-section-height-default elementor-section-height-default\" data-id=\"340c2b8\" data-element_type=\"section\">\n\t\t\t\t\t\t<div class=\"elementor-container elementor-column-gap-default\">\n\t\t\t\t\t<div class=\"elementor-column elementor-col-50 elementor-top-column elementor-element elementor-element-16df57b\" data-id=\"16df57b\" data-element_type=\"column\">\n\t\t\t<div class=\"elementor-widget-wrap elementor-element-populated\">\n\t\t\t\t\t\t<div class=\"elementor-element elementor-element-d349e1e elementor-widget elementor-widget-text-editor\" data-id=\"d349e1e\" data-element_type=\"widget\" data-widget_type=\"text-editor.default\">\n\t\t\t\t<div class=\"elementor-widget-container\">\n\t\t\t\t\t\t\t\t\t<h1><strong>Special check valves\n<\/strong><\/h1>\t\t\t\t\t\t\t\t<\/div>\n\t\t\t\t<\/div>\n\t\t\t\t<div class=\"elementor-element elementor-element-44e8e50 elementor-widget elementor-widget-text-editor\" data-id=\"44e8e50\" data-element_type=\"widget\" data-widget_type=\"text-editor.default\">\n\t\t\t\t<div class=\"elementor-widget-container\">\n\t\t\t\t\t\t\t\t\t<p>Product description:<br>These check valves are used to extend or retract cylinders or hold them in position.<\/p>\n<p>Functional principle:<br>The hydraulic fluid flows via the integrated, pilot operated check valve. The valve also operates as a backflow prevention device.<\/p>\t\t\t\t\t\t\t\t<\/div>\n\t\t\t\t<\/div>\n\t\t\t\t\t<\/div>\n\t\t<\/div>\n\t\t\t\t<div class=\"elementor-column elementor-col-50 elementor-top-column elementor-element elementor-element-d1b1268\" data-id=\"d1b1268\" data-element_type=\"column\">\n\t\t\t<div class=\"elementor-widget-wrap elementor-element-populated\">\n\t\t\t\t\t\t<div class=\"elementor-element elementor-element-bf3cf05 elementor-widget elementor-widget-image\" data-id=\"bf3cf05\" data-element_type=\"widget\" data-widget_type=\"image.default\">\n\t\t\t\t<div class=\"elementor-widget-container\">\n\t\t\t\t\t\t\t\t\t\t\t\t<figure class=\"wp-caption\">\n\t\t\t\t\t\t\t\t\t\t<img fetchpriority=\"high\" decoding=\"async\" width=\"727\" height=\"409\" src=\"https:\/\/ohe.de\/wp-content\/uploads\/csm_Sonderrueckschlagsventil_RZ_c227c7103e.jpg\" class=\"attachment-full size-full wp-image-1026\" alt=\"\" srcset=\"https:\/\/ohe.de\/wp-content\/uploads\/csm_Sonderrueckschlagsventil_RZ_c227c7103e.jpg 727w, https:\/\/ohe.de\/wp-content\/uploads\/csm_Sonderrueckschlagsventil_RZ_c227c7103e-300x169.jpg 300w, https:\/\/ohe.de\/wp-content\/uploads\/csm_Sonderrueckschlagsventil_RZ_c227c7103e-18x10.jpg 18w\" sizes=\"(max-width: 727px) 100vw, 727px\" \/>\t\t\t\t\t\t\t\t\t\t\t<figcaption class=\"widget-image-caption wp-caption-text\">Special check valves<\/figcaption>\n\t\t\t\t\t\t\t\t\t\t<\/figure>\n\t\t\t\t\t\t\t\t\t<\/div>\n\t\t\t\t<\/div>\n\t\t\t\t\t<\/div>\n\t\t<\/div>\n\t\t\t\t\t<\/div>\n\t\t<\/section>\n\t\t\t\t<section class=\"elementor-section elementor-top-section elementor-element elementor-element-94512ba elementor-section-boxed elementor-section-height-default elementor-section-height-default\" data-id=\"94512ba\" data-element_type=\"section\" data-settings=\"{&quot;background_background&quot;:&quot;classic&quot;}\">\n\t\t\t\t\t\t<div class=\"elementor-container elementor-column-gap-default\">\n\t\t\t\t\t<div class=\"elementor-column elementor-col-50 elementor-top-column elementor-element elementor-element-cb975d4\" data-id=\"cb975d4\" data-element_type=\"column\">\n\t\t\t<div class=\"elementor-widget-wrap elementor-element-populated\">\n\t\t\t\t\t\t<div class=\"elementor-element elementor-element-591a040 elementor-widget elementor-widget-text-editor\" data-id=\"591a040\" data-element_type=\"widget\" data-widget_type=\"text-editor.default\">\n\t\t\t\t<div class=\"elementor-widget-container\">\n\t\t\t\t\t\t\t\t\t<h4><strong>Technical specifications<\/strong><\/h4>\t\t\t\t\t\t\t\t<\/div>\n\t\t\t\t<\/div>\n\t\t\t\t<div class=\"elementor-element elementor-element-fa050ad elementor-widget elementor-widget-html\" data-id=\"fa050ad\" data-element_type=\"widget\" data-widget_type=\"html.default\">\n\t\t\t\t<div class=\"elementor-widget-container\">\n\t\t\t\t\t<style type=\"text\/css\">\r\n.tg  {border-collapse:collapse;border-spacing:0;}\r\n.tg td{border-color:black;border-style:solid;border-width:1px;font-family:Arial, sans-serif;font-size:14px;\r\n  overflow:hidden;padding:10px 10px;word-break:normal;}\r\n.tg th{border-color:black;border-style:solid;border-width:1px;font-family:Arial, sans-serif;font-size:14px;\r\n  font-weight:normal;overflow:hidden;padding:10px 10px;word-break:normal;}\r\n.tg .tg-cly1{text-align:left;vertical-align:middle}\r\n.tg .tg-lvov{background-color:#005b8c;border-color:#005b8c;color:#ffffff;font-style:italic;font-weight:bold;text-align:left;\r\n  vertical-align:top}\r\n.tg .tg-e7r5{background-color:#005b8c;border-color:#005b8c;color:#ffffff;font-family:Arial, Helvetica, sans-serif !important;\r\n  font-style:italic;font-weight:bold;text-align:left;vertical-align:middle}\r\n.tg .tg-ho5b{background-color:#005b8c;border-color:#005b8c;color:#ffffff;font-family:Arial, Helvetica, sans-serif !important;\r\n  font-style:italic;font-weight:bold;text-align:left;vertical-align:top}\r\n<\/style>\r\n<table class=\"tg\">\r\n<thead>\r\n  <tr>\r\n    <th class=\"tg-e7r5\">System pressure<br><\/th>\r\n    <th class=\"tg-cly1\">35 MPa<\/th>\r\n  <\/tr>\r\n<\/thead>\r\n<tbody>\r\n  <tr>\r\n    <td class=\"tg-ho5b\">Hydraulic fluid<br><\/td>\r\n    <td class=\"tg-cly1\">HFA water emulsion according to DIN 24320<\/td>\r\n  <\/tr>\r\n  <tr>\r\n    <td class=\"tg-lvov\">Filtration<\/td>\r\n    <td class=\"tg-cly1\">&leq;\r\n40 &mu;m<\/td>\r\n  <\/tr>\r\n  <tr>\r\n    <td class=\"tg-lvov\">Material<\/td>\r\n    <td class=\"tg-cly1\">Corrosion resistant material<\/td>\r\n  <\/tr>\r\n  <tr>\r\n    <td class=\"tg-lvov\">Ports<\/td>\r\n    <td class=\"tg-cly1\">Fittings, female according to DIN 20043<\/td>\r\n  <\/tr>\r\n<\/tbody>\r\n<\/table>\t\t\t\t<\/div>\n\t\t\t\t<\/div>\n\t\t\t\t\t<\/div>\n\t\t<\/div>\n\t\t\t\t<div class=\"elementor-column elementor-col-50 elementor-top-column elementor-element elementor-element-f59262a\" data-id=\"f59262a\" data-element_type=\"column\">\n\t\t\t<div class=\"elementor-widget-wrap\">\n\t\t\t\t\t\t\t<\/div>\n\t\t<\/div>\n\t\t\t\t\t<\/div>\n\t\t<\/section>\n\t\t\t\t<\/div>","protected":false},"excerpt":{"rendered":"<p>Sonderr\u00fcckschlagventil Produktbeschreibung:Das R\u00fcckschlagventil dient zum Ausfahren, Einfahren oder Halten von Zylindern. Funktionsweise:Die Hydraulikfl\u00fcssigkeit flie\u00dft durch das integrierte, entsperrbare R\u00fcckschlagventil. Eine entgegengesetzte selbstst\u00e4ndige Durchstr\u00f6mung wird durch das Ventil verhindert. Sonderr\u00fcckschlagventil Technische Daten Arbeitsdruck 35 MPa Hydraulikfl\u00fcssigkeit HFA-Wasseremulsion nach DIN 24320 Filterung &leq; 40 &mu;m Material nichtrostendes Material Anschl\u00fcsse Muffen nach DIN 20043<\/p>","protected":false},"author":2,"featured_media":0,"parent":0,"menu_order":0,"comment_status":"closed","ping_status":"closed","template":"","meta":{"footnotes":""},"class_list":["post-267","page","type-page","status-publish","hentry"],"_links":{"self":[{"href":"https:\/\/ohe.de\/en\/wp-json\/wp\/v2\/pages\/267","targetHints":{"allow":["GET"]}}],"collection":[{"href":"https:\/\/ohe.de\/en\/wp-json\/wp\/v2\/pages"}],"about":[{"href":"https:\/\/ohe.de\/en\/wp-json\/wp\/v2\/types\/page"}],"author":[{"embeddable":true,"href":"https:\/\/ohe.de\/en\/wp-json\/wp\/v2\/users\/2"}],"replies":[{"embeddable":true,"href":"https:\/\/ohe.de\/en\/wp-json\/wp\/v2\/comments?post=267"}],"version-history":[{"count":13,"href":"https:\/\/ohe.de\/en\/wp-json\/wp\/v2\/pages\/267\/revisions"}],"predecessor-version":[{"id":1944,"href":"https:\/\/ohe.de\/en\/wp-json\/wp\/v2\/pages\/267\/revisions\/1944"}],"wp:attachment":[{"href":"https:\/\/ohe.de\/en\/wp-json\/wp\/v2\/media?parent=267"}],"curies":[{"name":"wp","href":"https:\/\/api.w.org\/{rel}","templated":true}]}}