{"id":271,"date":"2023-03-01T06:22:55","date_gmt":"2023-03-01T06:22:55","guid":{"rendered":"https:\/\/ohe.de\/?page_id=271"},"modified":"2023-03-17T05:39:55","modified_gmt":"2023-03-17T05:39:55","slug":"produkte-ventile-rueckschlagventile-entsperrbar-bodenventil-mechanisch-entsperrbar","status":"publish","type":"page","link":"https:\/\/ohe.de\/en\/produkte-ventile-rueckschlagventile-entsperrbar-bodenventil-mechanisch-entsperrbar\/","title":{"rendered":"Bottom valves"},"content":{"rendered":"<div data-elementor-type=\"wp-page\" data-elementor-id=\"271\" class=\"elementor elementor-271\" data-elementor-post-type=\"page\">\n\t\t\t\t\t\t<section class=\"elementor-section elementor-top-section elementor-element elementor-element-cc4d048 elementor-section-content-middle elementor-section-boxed elementor-section-height-default elementor-section-height-default\" data-id=\"cc4d048\" data-element_type=\"section\">\n\t\t\t\t\t\t<div class=\"elementor-container elementor-column-gap-default\">\n\t\t\t\t\t<div class=\"elementor-column elementor-col-50 elementor-top-column elementor-element elementor-element-ac93ff7\" data-id=\"ac93ff7\" data-element_type=\"column\">\n\t\t\t<div class=\"elementor-widget-wrap elementor-element-populated\">\n\t\t\t\t\t\t<div class=\"elementor-element elementor-element-1c36eaf elementor-widget elementor-widget-text-editor\" data-id=\"1c36eaf\" data-element_type=\"widget\" data-widget_type=\"text-editor.default\">\n\t\t\t\t<div class=\"elementor-widget-container\">\n\t\t\t\t\t\t\t\t\t<h1><strong>Bottom valves\n<\/strong><\/h1>\t\t\t\t\t\t\t\t<\/div>\n\t\t\t\t<\/div>\n\t\t\t\t<div class=\"elementor-element elementor-element-a2cb562 elementor-widget elementor-widget-text-editor\" data-id=\"a2cb562\" data-element_type=\"widget\" data-widget_type=\"text-editor.default\">\n\t\t\t\t<div class=\"elementor-widget-container\">\n\t\t\t\t\t\t\t\t\t<p>Product description:<br \/>These mechanically pilot-operated check valves are installed in multilevel cylinders.<br \/><br \/>Functional principle:<br \/>The hydraulic fluid flows via the integrated check valve towards the piston surface of the working cylinder. The valves operate as a backflow prevention device. Unlocking of the valve, i.e. the release of the second cylinder stage, happens fully automatically as soon as the first cylinder stage has been retracted.<br \/><br \/>P: pressure port<br \/>A: actuator port<\/p>\t\t\t\t\t\t\t\t<\/div>\n\t\t\t\t<\/div>\n\t\t\t\t\t<\/div>\n\t\t<\/div>\n\t\t\t\t<div class=\"elementor-column elementor-col-50 elementor-top-column elementor-element elementor-element-2fc4512\" data-id=\"2fc4512\" data-element_type=\"column\">\n\t\t\t<div class=\"elementor-widget-wrap elementor-element-populated\">\n\t\t\t\t\t\t<div class=\"elementor-element elementor-element-a981c04 elementor-widget elementor-widget-image\" data-id=\"a981c04\" data-element_type=\"widget\" data-widget_type=\"image.default\">\n\t\t\t\t<div class=\"elementor-widget-container\">\n\t\t\t\t\t\t\t\t\t\t\t\t<figure class=\"wp-caption\">\n\t\t\t\t\t\t\t\t\t\t<img fetchpriority=\"high\" decoding=\"async\" width=\"727\" height=\"409\" src=\"https:\/\/ohe.de\/wp-content\/uploads\/csm_Bodenventil-mechanisch-entsperrbar_RZ_1918010dca.jpg\" class=\"attachment-full size-full wp-image-1034\" alt=\"\" srcset=\"https:\/\/ohe.de\/wp-content\/uploads\/csm_Bodenventil-mechanisch-entsperrbar_RZ_1918010dca.jpg 727w, https:\/\/ohe.de\/wp-content\/uploads\/csm_Bodenventil-mechanisch-entsperrbar_RZ_1918010dca-300x169.jpg 300w, https:\/\/ohe.de\/wp-content\/uploads\/csm_Bodenventil-mechanisch-entsperrbar_RZ_1918010dca-18x10.jpg 18w\" sizes=\"(max-width: 727px) 100vw, 727px\" \/>\t\t\t\t\t\t\t\t\t\t\t<figcaption class=\"widget-image-caption wp-caption-text\">Bottom valves<\/figcaption>\n\t\t\t\t\t\t\t\t\t\t<\/figure>\n\t\t\t\t\t\t\t\t\t<\/div>\n\t\t\t\t<\/div>\n\t\t\t\t\t<\/div>\n\t\t<\/div>\n\t\t\t\t\t<\/div>\n\t\t<\/section>\n\t\t\t\t<section class=\"elementor-section elementor-top-section elementor-element elementor-element-e230646 elementor-section-boxed elementor-section-height-default elementor-section-height-default\" data-id=\"e230646\" data-element_type=\"section\" data-settings=\"{&quot;background_background&quot;:&quot;classic&quot;}\">\n\t\t\t\t\t\t<div class=\"elementor-container elementor-column-gap-default\">\n\t\t\t\t\t<div class=\"elementor-column elementor-col-50 elementor-top-column elementor-element elementor-element-6e4281e\" data-id=\"6e4281e\" data-element_type=\"column\">\n\t\t\t<div class=\"elementor-widget-wrap elementor-element-populated\">\n\t\t\t\t\t\t<div class=\"elementor-element elementor-element-c1de3c9 elementor-widget elementor-widget-text-editor\" data-id=\"c1de3c9\" data-element_type=\"widget\" data-widget_type=\"text-editor.default\">\n\t\t\t\t<div class=\"elementor-widget-container\">\n\t\t\t\t\t\t\t\t\t<h4><strong>Technical specifications<\/strong><\/h4>\t\t\t\t\t\t\t\t<\/div>\n\t\t\t\t<\/div>\n\t\t\t\t<div class=\"elementor-element elementor-element-a5e7381 elementor-widget elementor-widget-html\" data-id=\"a5e7381\" data-element_type=\"widget\" data-widget_type=\"html.default\">\n\t\t\t\t<div class=\"elementor-widget-container\">\n\t\t\t\t\t<style type=\"text\/css\">\r\n.tg  {border-collapse:collapse;border-spacing:0;}\r\n.tg td{border-color:black;border-style:solid;border-width:1px;font-family:Arial, sans-serif;font-size:14px;\r\n  overflow:hidden;padding:10px 10px;word-break:normal;}\r\n.tg th{border-color:black;border-style:solid;border-width:1px;font-family:Arial, sans-serif;font-size:14px;\r\n  font-weight:normal;overflow:hidden;padding:10px 10px;word-break:normal;}\r\n.tg .tg-cly1{text-align:left;vertical-align:middle}\r\n.tg .tg-lvov{background-color:#005b8c;border-color:#005b8c;color:#ffffff;font-style:italic;font-weight:bold;text-align:left;\r\n  vertical-align:top}\r\n.tg .tg-e7r5{background-color:#005b8c;border-color:#005b8c;color:#ffffff;font-family:Arial, Helvetica, sans-serif !important;\r\n  font-style:italic;font-weight:bold;text-align:left;vertical-align:middle}\r\n.tg .tg-ho5b{background-color:#005b8c;border-color:#005b8c;color:#ffffff;font-family:Arial, Helvetica, sans-serif !important;\r\n  font-style:italic;font-weight:bold;text-align:left;vertical-align:top}\r\n<\/style>\r\n<table class=\"tg\">\r\n<thead>\r\n  <tr>\r\n    <th class=\"tg-e7r5\">System pressure<br><\/th>\r\n    <th class=\"tg-cly1\">35 MPa<\/th>\r\n  <\/tr>\r\n<\/thead>\r\n<tbody>\r\n  <tr>\r\n    <td class=\"tg-ho5b\">Hydraulic fluid<br><\/td>\r\n    <td class=\"tg-cly1\">HFA water emulsion according to DIN 24320<\/td>\r\n  <\/tr>\r\n  <tr>\r\n    <td class=\"tg-lvov\">Filtration<\/td>\r\n    <td class=\"tg-cly1\">&leq;\r\n40 &mu;m<\/td>\r\n  <\/tr>\r\n  <tr>\r\n    <td class=\"tg-lvov\">Material<\/td>\r\n    <td class=\"tg-cly1\">Corrosion resistant material<\/td>\r\n  <\/tr>\r\n  <tr>\r\n    <td class=\"tg-lvov\">Ports<\/td>\r\n    <td class=\"tg-cly1\">Fittings, female according to DIN 20043<\/td>\r\n  <\/tr>\r\n  <tr>\r\n    <td class=\"tg-lvov\">Permissible actuation<br>pressure<\/td>\r\n    <td class=\"tg-cly1\">up to 53 MPa<\/td>\r\n  <\/tr>\r\n<\/tbody>\r\n<\/table>\t\t\t\t<\/div>\n\t\t\t\t<\/div>\n\t\t\t\t\t<\/div>\n\t\t<\/div>\n\t\t\t\t<div class=\"elementor-column elementor-col-50 elementor-top-column elementor-element elementor-element-24d6328\" data-id=\"24d6328\" data-element_type=\"column\">\n\t\t\t<div class=\"elementor-widget-wrap\">\n\t\t\t\t\t\t\t<\/div>\n\t\t<\/div>\n\t\t\t\t\t<\/div>\n\t\t<\/section>\n\t\t\t\t<\/div>","protected":false},"excerpt":{"rendered":"<p>Bodenventil, mechanisch entsperrbar Produktbeschreibung:Das Bodenventil ist ein mechanisch entsperrbares R\u00fcckschlagventil, das in mehrstufigen Stempeln eingebaut wird. Es bringt die unterschiedlichen Kolbenfl\u00e4chen zwischen den Stufen des Zylinders unter Druck auf gleiche Tragkraft. Funktionsweise:Die Hydraulikfl\u00fcssigkeit flie\u00dft durch das integrierte R\u00fcckschlagventil auf die Kolbenfl\u00e4che des Arbeitszylinders. Eine entgegengesetzte selbstst\u00e4ndige Durchstr\u00f6mung wird durch das Ventil verhindert. Das Entsperren des [&hellip;]<\/p>","protected":false},"author":2,"featured_media":0,"parent":0,"menu_order":0,"comment_status":"closed","ping_status":"closed","template":"","meta":{"footnotes":""},"class_list":["post-271","page","type-page","status-publish","hentry"],"_links":{"self":[{"href":"https:\/\/ohe.de\/en\/wp-json\/wp\/v2\/pages\/271","targetHints":{"allow":["GET"]}}],"collection":[{"href":"https:\/\/ohe.de\/en\/wp-json\/wp\/v2\/pages"}],"about":[{"href":"https:\/\/ohe.de\/en\/wp-json\/wp\/v2\/types\/page"}],"author":[{"embeddable":true,"href":"https:\/\/ohe.de\/en\/wp-json\/wp\/v2\/users\/2"}],"replies":[{"embeddable":true,"href":"https:\/\/ohe.de\/en\/wp-json\/wp\/v2\/comments?post=271"}],"version-history":[{"count":10,"href":"https:\/\/ohe.de\/en\/wp-json\/wp\/v2\/pages\/271\/revisions"}],"predecessor-version":[{"id":1950,"href":"https:\/\/ohe.de\/en\/wp-json\/wp\/v2\/pages\/271\/revisions\/1950"}],"wp:attachment":[{"href":"https:\/\/ohe.de\/en\/wp-json\/wp\/v2\/media?parent=271"}],"curies":[{"name":"wp","href":"https:\/\/api.w.org\/{rel}","templated":true}]}}