{"id":361,"date":"2023-03-01T08:24:37","date_gmt":"2023-03-01T08:24:37","guid":{"rendered":"https:\/\/ohe.de\/?page_id=361"},"modified":"2023-03-14T11:05:24","modified_gmt":"2023-03-14T11:05:24","slug":"produkte-ventile","status":"publish","type":"page","link":"https:\/\/ohe.de\/en\/produkte-ventile\/","title":{"rendered":"Valves"},"content":{"rendered":"<div data-elementor-type=\"wp-page\" data-elementor-id=\"361\" class=\"elementor elementor-361\" data-elementor-post-type=\"page\">\n\t\t\t\t\t\t<section class=\"elementor-section elementor-top-section elementor-element elementor-element-e4d5edd elementor-section-boxed elementor-section-height-default elementor-section-height-default\" data-id=\"e4d5edd\" data-element_type=\"section\">\n\t\t\t\t\t\t<div class=\"elementor-container elementor-column-gap-default\">\n\t\t\t\t\t<div class=\"elementor-column elementor-col-100 elementor-top-column elementor-element elementor-element-1cb66c2\" data-id=\"1cb66c2\" data-element_type=\"column\">\n\t\t\t<div class=\"elementor-widget-wrap elementor-element-populated\">\n\t\t\t\t\t\t<div class=\"elementor-element elementor-element-107dd39 elementor-widget elementor-widget-text-editor\" data-id=\"107dd39\" data-element_type=\"widget\" data-widget_type=\"text-editor.default\">\n\t\t\t\t<div class=\"elementor-widget-container\">\n\t\t\t\t\t\t\t\t\t<h1><strong>Valves<\/strong><\/h1>\t\t\t\t\t\t\t\t<\/div>\n\t\t\t\t<\/div>\n\t\t\t\t\t<\/div>\n\t\t<\/div>\n\t\t\t\t\t<\/div>\n\t\t<\/section>\n\t\t\t\t<section class=\"elementor-section elementor-top-section elementor-element elementor-element-cd97cb4 elementor-section-boxed elementor-section-height-default elementor-section-height-default\" data-id=\"cd97cb4\" data-element_type=\"section\">\n\t\t\t\t\t\t<div class=\"elementor-container elementor-column-gap-default\">\n\t\t\t\t\t<div class=\"elementor-column elementor-col-33 elementor-top-column elementor-element elementor-element-8ade6bd\" data-id=\"8ade6bd\" data-element_type=\"column\">\n\t\t\t<div class=\"elementor-widget-wrap elementor-element-populated\">\n\t\t\t\t\t\t<div class=\"elementor-element elementor-element-e9f1695 elementor-widget elementor-widget-image\" data-id=\"e9f1695\" data-element_type=\"widget\" data-widget_type=\"image.default\">\n\t\t\t\t<div class=\"elementor-widget-container\">\n\t\t\t\t\t\t\t\t\t\t\t\t\t\t\t\t<a href=\"https:\/\/ohe.de\/en\/elektrisch-und-hydraulisch\/\">\n\t\t\t\t\t\t\t<img fetchpriority=\"high\" decoding=\"async\" width=\"440\" height=\"293\" src=\"https:\/\/ohe.de\/wp-content\/uploads\/csm_32-Wege-Magnetventil-Steuerungen_RZ_klein_5bd015007a.jpg\" class=\"elementor-animation-grow attachment-full size-full wp-image-665\" alt=\"\" srcset=\"https:\/\/ohe.de\/wp-content\/uploads\/csm_32-Wege-Magnetventil-Steuerungen_RZ_klein_5bd015007a.jpg 440w, https:\/\/ohe.de\/wp-content\/uploads\/csm_32-Wege-Magnetventil-Steuerungen_RZ_klein_5bd015007a-300x200.jpg 300w\" sizes=\"(max-width: 440px) 100vw, 440px\" \/>\t\t\t\t\t\t\t\t<\/a>\n\t\t\t\t\t\t\t\t\t\t\t\t\t\t\t<\/div>\n\t\t\t\t<\/div>\n\t\t\t\t<div class=\"elementor-element elementor-element-57c2819 elementor-widget elementor-widget-text-editor\" data-id=\"57c2819\" data-element_type=\"widget\" data-widget_type=\"text-editor.default\">\n\t\t\t\t<div class=\"elementor-widget-container\">\n\t\t\t\t\t\t\t\t\t<h4><strong>electric and hydraulic<\/strong><\/h4>\t\t\t\t\t\t\t\t<\/div>\n\t\t\t\t<\/div>\n\t\t\t\t<div class=\"elementor-element elementor-element-a726958 elementor-widget elementor-widget-text-editor\" data-id=\"a726958\" data-element_type=\"widget\" data-widget_type=\"text-editor.default\">\n\t\t\t\t<div class=\"elementor-widget-container\">\n\t\t\t\t\t\t\t\t\t<p>4\/3-Wege-Elektromagnetventil, 3\/2-Wege-Magnetventil f\u00fcr Steuerungen, 4\/3-Wegeventil, handbet\u00e4tigt HV4, 3\/2-Wegeventilpatrone<\/p><p><a href=\"https:\/\/ohe.de\/en\/elektrisch-und-hydraulisch\/\">Learn more<\/a><\/p>\t\t\t\t\t\t\t\t<\/div>\n\t\t\t\t<\/div>\n\t\t\t\t\t<\/div>\n\t\t<\/div>\n\t\t\t\t<div class=\"elementor-column elementor-col-33 elementor-top-column elementor-element elementor-element-47a2201\" data-id=\"47a2201\" data-element_type=\"column\">\n\t\t\t<div class=\"elementor-widget-wrap elementor-element-populated\">\n\t\t\t\t\t\t<div class=\"elementor-element elementor-element-bf5beeb elementor-widget elementor-widget-image\" data-id=\"bf5beeb\" data-element_type=\"widget\" data-widget_type=\"image.default\">\n\t\t\t\t<div class=\"elementor-widget-container\">\n\t\t\t\t\t\t\t\t\t\t\t\t\t\t\t\t<a href=\"https:\/\/ohe.de\/en\/rueckschlagventile-entsperrbar\/\">\n\t\t\t\t\t\t\t<img decoding=\"async\" width=\"440\" height=\"293\" src=\"https:\/\/ohe.de\/wp-content\/uploads\/csm_Sonderrueckschlagsventil_RZ_klein_231e70f568.jpg\" class=\"elementor-animation-grow attachment-full size-full wp-image-686\" alt=\"\" srcset=\"https:\/\/ohe.de\/wp-content\/uploads\/csm_Sonderrueckschlagsventil_RZ_klein_231e70f568.jpg 440w, https:\/\/ohe.de\/wp-content\/uploads\/csm_Sonderrueckschlagsventil_RZ_klein_231e70f568-300x200.jpg 300w\" sizes=\"(max-width: 440px) 100vw, 440px\" \/>\t\t\t\t\t\t\t\t<\/a>\n\t\t\t\t\t\t\t\t\t\t\t\t\t\t\t<\/div>\n\t\t\t\t<\/div>\n\t\t\t\t<div class=\"elementor-element elementor-element-2a22aa8 elementor-widget elementor-widget-text-editor\" data-id=\"2a22aa8\" data-element_type=\"widget\" data-widget_type=\"text-editor.default\">\n\t\t\t\t<div class=\"elementor-widget-container\">\n\t\t\t\t\t\t\t\t\t<h4><strong>Pilot operated check valves<\/strong><\/h4>\t\t\t\t\t\t\t\t<\/div>\n\t\t\t\t<\/div>\n\t\t\t\t<div class=\"elementor-element elementor-element-dedb204 elementor-widget elementor-widget-text-editor\" data-id=\"dedb204\" data-element_type=\"widget\" data-widget_type=\"text-editor.default\">\n\t\t\t\t<div class=\"elementor-widget-container\">\n\t\t\t\t\t\t\t\t\t<p>Stempelr\u00fcckschlagventil, Schreitzylinder-R\u00fcckschlagventil, R\u00fcckschlagventil (zweifach entsperrbar), R\u00fcckschlagventil (doppelt entsperrbar), Leitungsr\u00fcckschlagventil, Sonderr\u00fcckschlagventil, D\u00e4mpfungsventil, Bodenventil (mechanisch entsperrbar)<\/p><p><a href=\"https:\/\/ohe.de\/en\/rueckschlagventile-entsperrbar\/\">Learn more<\/a><\/p>\t\t\t\t\t\t\t\t<\/div>\n\t\t\t\t<\/div>\n\t\t\t\t\t<\/div>\n\t\t<\/div>\n\t\t\t\t<div class=\"elementor-column elementor-col-33 elementor-top-column elementor-element elementor-element-036322c\" data-id=\"036322c\" data-element_type=\"column\">\n\t\t\t<div class=\"elementor-widget-wrap elementor-element-populated\">\n\t\t\t\t\t\t<div class=\"elementor-element elementor-element-4f28d32 elementor-widget elementor-widget-image\" data-id=\"4f28d32\" data-element_type=\"widget\" data-widget_type=\"image.default\">\n\t\t\t\t<div class=\"elementor-widget-container\">\n\t\t\t\t\t\t\t\t\t\t\t\t\t\t\t\t<a href=\"https:\/\/ohe.de\/en\/druckbegrenzungsventile\/\">\n\t\t\t\t\t\t\t<img decoding=\"async\" width=\"440\" height=\"293\" src=\"https:\/\/ohe.de\/wp-content\/uploads\/csm_Druckbegrenzungsventil-geschlossen-Federraum_RZ_klein_b2a8ce6d22.jpg\" class=\"elementor-animation-grow attachment-large size-large wp-image-702\" alt=\"\" srcset=\"https:\/\/ohe.de\/wp-content\/uploads\/csm_Druckbegrenzungsventil-geschlossen-Federraum_RZ_klein_b2a8ce6d22.jpg 440w, https:\/\/ohe.de\/wp-content\/uploads\/csm_Druckbegrenzungsventil-geschlossen-Federraum_RZ_klein_b2a8ce6d22-300x200.jpg 300w\" sizes=\"(max-width: 440px) 100vw, 440px\" \/>\t\t\t\t\t\t\t\t<\/a>\n\t\t\t\t\t\t\t\t\t\t\t\t\t\t\t<\/div>\n\t\t\t\t<\/div>\n\t\t\t\t<div class=\"elementor-element elementor-element-c090d58 elementor-widget elementor-widget-text-editor\" data-id=\"c090d58\" data-element_type=\"widget\" data-widget_type=\"text-editor.default\">\n\t\t\t\t<div class=\"elementor-widget-container\">\n\t\t\t\t\t\t\t\t\t<h4><strong>Yield valves<\/strong><\/h4>\t\t\t\t\t\t\t\t<\/div>\n\t\t\t\t<\/div>\n\t\t\t\t<div class=\"elementor-element elementor-element-95455bb elementor-widget elementor-widget-text-editor\" data-id=\"95455bb\" data-element_type=\"widget\" data-widget_type=\"text-editor.default\">\n\t\t\t\t<div class=\"elementor-widget-container\">\n\t\t\t\t\t\t\t\t\t<p>Druckbegrenzungsventil mit offenem Federraum, Druckbegrenzungsventil mit geschlossenem Federraum, Druckbegrenzungsventil mit Stickstoff N2, Gebirgsschlagventil<\/p><p><a href=\"https:\/\/ohe.de\/en\/druckbegrenzungsventile\/\">Learn more<\/a><\/p>\t\t\t\t\t\t\t\t<\/div>\n\t\t\t\t<\/div>\n\t\t\t\t\t<\/div>\n\t\t<\/div>\n\t\t\t\t\t<\/div>\n\t\t<\/section>\n\t\t\t\t<\/div>","protected":false},"excerpt":{"rendered":"<p>Ventile Elektrisch und hydraulisch 4\/3-Wege-Elektromagnetventil, 3\/2-Wege-Magnetventil f\u00fcr Steuerungen, 4\/3-Wegeventil, handbet\u00e4tigt HV4, 3\/2-Wegeventilpatrone mehr erfahren R\u00fcckschlagventile entsperrbar Stempelr\u00fcckschlagventil, Schreitzylinder-R\u00fcckschlagventil, R\u00fcckschlagventil (zweifach entsperrbar), R\u00fcckschlagventil (doppelt entsperrbar), Leitungsr\u00fcckschlagventil, Sonderr\u00fcckschlagventil, D\u00e4mpfungsventil, Bodenventil (mechanisch entsperrbar) mehr erfahren Druckbegrenzungsventile Druckbegrenzungsventil mit offenem Federraum, Druckbegrenzungsventil mit geschlossenem Federraum, Druckbegrenzungsventil mit Stickstoff N2, Gebirgsschlagventil mehr erfahren<\/p>","protected":false},"author":2,"featured_media":0,"parent":0,"menu_order":0,"comment_status":"closed","ping_status":"closed","template":"","meta":{"footnotes":""},"class_list":["post-361","page","type-page","status-publish","hentry"],"_links":{"self":[{"href":"https:\/\/ohe.de\/en\/wp-json\/wp\/v2\/pages\/361","targetHints":{"allow":["GET"]}}],"collection":[{"href":"https:\/\/ohe.de\/en\/wp-json\/wp\/v2\/pages"}],"about":[{"href":"https:\/\/ohe.de\/en\/wp-json\/wp\/v2\/types\/page"}],"author":[{"embeddable":true,"href":"https:\/\/ohe.de\/en\/wp-json\/wp\/v2\/users\/2"}],"replies":[{"embeddable":true,"href":"https:\/\/ohe.de\/en\/wp-json\/wp\/v2\/comments?post=361"}],"version-history":[{"count":25,"href":"https:\/\/ohe.de\/en\/wp-json\/wp\/v2\/pages\/361\/revisions"}],"predecessor-version":[{"id":1556,"href":"https:\/\/ohe.de\/en\/wp-json\/wp\/v2\/pages\/361\/revisions\/1556"}],"wp:attachment":[{"href":"https:\/\/ohe.de\/en\/wp-json\/wp\/v2\/media?parent=361"}],"curies":[{"name":"wp","href":"https:\/\/api.w.org\/{rel}","templated":true}]}}