{"id":46,"date":"2022-04-08T06:21:59","date_gmt":"2022-04-08T06:21:59","guid":{"rendered":"https:\/\/ohe.de\/?page_id=46"},"modified":"2024-06-14T13:00:45","modified_gmt":"2024-06-14T13:00:45","slug":"produkte","status":"publish","type":"page","link":"https:\/\/ohe.de\/en\/produkte\/","title":{"rendered":"Products"},"content":{"rendered":"<div data-elementor-type=\"wp-page\" data-elementor-id=\"46\" class=\"elementor elementor-46\" data-elementor-post-type=\"page\">\n\t\t\t\t\t\t<section class=\"elementor-section elementor-top-section elementor-element elementor-element-ff7fd85 elementor-section-full_width elementor-section-height-min-height elementor-section-height-default elementor-section-items-middle\" data-id=\"ff7fd85\" data-element_type=\"section\" data-settings=\"{&quot;background_background&quot;:&quot;classic&quot;}\">\n\t\t\t\t\t\t<div class=\"elementor-container elementor-column-gap-default\">\n\t\t\t\t\t<div class=\"elementor-column elementor-col-100 elementor-top-column elementor-element elementor-element-ff34d3d\" data-id=\"ff34d3d\" data-element_type=\"column\">\n\t\t\t<div class=\"elementor-widget-wrap elementor-element-populated\">\n\t\t\t\t\t\t<div class=\"elementor-element elementor-element-e8bcf67 elementor-widget__width-auto elementor-hidden-mobile elementor-widget elementor-widget-text-editor\" data-id=\"e8bcf67\" data-element_type=\"widget\" data-widget_type=\"text-editor.default\">\n\t\t\t\t<div class=\"elementor-widget-container\">\n\t\t\t\t\t\t\t\t\t<h1><strong>Products<\/strong><\/h1>\t\t\t\t\t\t\t\t<\/div>\n\t\t\t\t<\/div>\n\t\t\t\t\t<\/div>\n\t\t<\/div>\n\t\t\t\t\t<\/div>\n\t\t<\/section>\n\t\t\t\t<section class=\"elementor-section elementor-top-section elementor-element elementor-element-fee6fdc elementor-section-boxed elementor-section-height-default elementor-section-height-default\" data-id=\"fee6fdc\" data-element_type=\"section\">\n\t\t\t\t\t\t<div class=\"elementor-container elementor-column-gap-default\">\n\t\t\t\t\t<div class=\"elementor-column elementor-col-100 elementor-top-column elementor-element elementor-element-8e32a65\" data-id=\"8e32a65\" data-element_type=\"column\">\n\t\t\t<div class=\"elementor-widget-wrap elementor-element-populated\">\n\t\t\t\t\t\t<div class=\"elementor-element elementor-element-35dcd63 elementor-widget__width-inherit elementor-widget elementor-widget-text-editor\" data-id=\"35dcd63\" data-element_type=\"widget\" data-widget_type=\"text-editor.default\">\n\t\t\t\t<div class=\"elementor-widget-container\">\n\t\t\t\t\t\t\t\t\t<h1>&#8211;<\/h1>\t\t\t\t\t\t\t\t<\/div>\n\t\t\t\t<\/div>\n\t\t\t\t\t<\/div>\n\t\t<\/div>\n\t\t\t\t\t<\/div>\n\t\t<\/section>\n\t\t\t\t<section class=\"elementor-section elementor-top-section elementor-element elementor-element-f4eb2d7 elementor-section-boxed elementor-section-height-default elementor-section-height-default\" data-id=\"f4eb2d7\" data-element_type=\"section\">\n\t\t\t\t\t\t<div class=\"elementor-container elementor-column-gap-default\">\n\t\t\t\t\t<div class=\"elementor-column elementor-col-66 elementor-top-column elementor-element elementor-element-95cf486\" data-id=\"95cf486\" data-element_type=\"column\">\n\t\t\t<div class=\"elementor-widget-wrap elementor-element-populated\">\n\t\t\t\t\t\t<div class=\"elementor-element elementor-element-3d49229 elementor-widget elementor-widget-text-editor\" data-id=\"3d49229\" data-element_type=\"widget\" data-widget_type=\"text-editor.default\">\n\t\t\t\t<div class=\"elementor-widget-container\">\n\t\t\t\t\t\t\t\t\t<h4><strong>Control systems:<\/strong><\/h4><ul><li><h5><a href=\"https:\/\/ohe.de\/en\/steuerbloecke\/\">Control units<\/a><\/h5><\/li><li><h5><a href=\"https:\/\/ohe.de\/en\/elektrohydraulische-steuerungen\/\">Electro-hydraulic control units<\/a><\/h5><\/li><li><h5><a href=\"https:\/\/ohe.de\/en\/hydraulische-steuerungen\/\">Hydraulic control units<\/a><\/h5><\/li><\/ul>\t\t\t\t\t\t\t\t<\/div>\n\t\t\t\t<\/div>\n\t\t\t\t\t<\/div>\n\t\t<\/div>\n\t\t\t\t<div class=\"elementor-column elementor-col-33 elementor-top-column elementor-element elementor-element-09710f6\" data-id=\"09710f6\" data-element_type=\"column\">\n\t\t\t<div class=\"elementor-widget-wrap elementor-element-populated\">\n\t\t\t\t\t\t<div class=\"elementor-element elementor-element-7a290b5 elementor-invisible elementor-widget elementor-widget-image\" data-id=\"7a290b5\" data-element_type=\"widget\" data-settings=\"{&quot;_animation&quot;:&quot;fadeInRight&quot;}\" data-widget_type=\"image.default\">\n\t\t\t\t<div class=\"elementor-widget-container\">\n\t\t\t\t\t\t\t\t\t\t\t\t\t\t\t\t<a href=\"https:\/\/ohe.de\/en\/produkte-steuerungen\/\">\n\t\t\t\t\t\t\t<img fetchpriority=\"high\" decoding=\"async\" width=\"620\" height=\"350\" src=\"https:\/\/ohe.de\/wp-content\/uploads\/csm_pilotsteuerung_niederer_einbauraum_RZ_4d893485a8.jpg\" class=\"elementor-animation-grow attachment-large size-large wp-image-1153\" alt=\"\" srcset=\"https:\/\/ohe.de\/wp-content\/uploads\/csm_pilotsteuerung_niederer_einbauraum_RZ_4d893485a8.jpg 620w, https:\/\/ohe.de\/wp-content\/uploads\/csm_pilotsteuerung_niederer_einbauraum_RZ_4d893485a8-300x169.jpg 300w, https:\/\/ohe.de\/wp-content\/uploads\/csm_pilotsteuerung_niederer_einbauraum_RZ_4d893485a8-18x10.jpg 18w\" sizes=\"(max-width: 620px) 100vw, 620px\" \/>\t\t\t\t\t\t\t\t<\/a>\n\t\t\t\t\t\t\t\t\t\t\t\t\t\t\t<\/div>\n\t\t\t\t<\/div>\n\t\t\t\t\t<\/div>\n\t\t<\/div>\n\t\t\t\t\t<\/div>\n\t\t<\/section>\n\t\t\t\t<section class=\"elementor-section elementor-top-section elementor-element elementor-element-a1f3448 elementor-section-boxed elementor-section-height-default elementor-section-height-default\" data-id=\"a1f3448\" data-element_type=\"section\">\n\t\t\t\t\t\t<div class=\"elementor-container elementor-column-gap-default\">\n\t\t\t\t\t<div class=\"elementor-column elementor-col-66 elementor-top-column elementor-element elementor-element-74669a9\" data-id=\"74669a9\" data-element_type=\"column\">\n\t\t\t<div class=\"elementor-widget-wrap elementor-element-populated\">\n\t\t\t\t\t\t<div class=\"elementor-element elementor-element-98d9ca9 elementor-widget elementor-widget-text-editor\" data-id=\"98d9ca9\" data-element_type=\"widget\" data-widget_type=\"text-editor.default\">\n\t\t\t\t<div class=\"elementor-widget-container\">\n\t\t\t\t\t\t\t\t\t<h4><strong>Valves:<\/strong><\/h4><ul><li><h5><a href=\"https:\/\/ohe.de\/en\/elektrisch-und-hydraulisch\/\">electric and hydraulic<\/a><\/h5><\/li><li><h5><a href=\"https:\/\/ohe.de\/en\/rueckschlagventile-entsperrbar\/\">Pilot operated check valves<\/a><\/h5><\/li><li><h5><a href=\"https:\/\/ohe.de\/en\/druckbegrenzungsventile\/\">Yield valves<\/a><\/h5><\/li><\/ul>\t\t\t\t\t\t\t\t<\/div>\n\t\t\t\t<\/div>\n\t\t\t\t\t<\/div>\n\t\t<\/div>\n\t\t\t\t<div class=\"elementor-column elementor-col-33 elementor-top-column elementor-element elementor-element-b19e80b\" data-id=\"b19e80b\" data-element_type=\"column\">\n\t\t\t<div class=\"elementor-widget-wrap elementor-element-populated\">\n\t\t\t\t\t\t<div class=\"elementor-element elementor-element-df927de elementor-invisible elementor-widget elementor-widget-image\" data-id=\"df927de\" data-element_type=\"widget\" data-settings=\"{&quot;_animation&quot;:&quot;fadeInRight&quot;,&quot;_animation_delay&quot;:300}\" data-widget_type=\"image.default\">\n\t\t\t\t<div class=\"elementor-widget-container\">\n\t\t\t\t\t\t\t\t\t\t\t\t\t\t\t\t<a href=\"https:\/\/ohe.de\/en\/produkte-ventile\/\">\n\t\t\t\t\t\t\t<img decoding=\"async\" width=\"620\" height=\"350\" src=\"https:\/\/ohe.de\/wp-content\/uploads\/csm_Gruppenfoto-Ventile_RZ_37f17980f1-1.jpg\" class=\"elementor-animation-grow attachment-large size-large wp-image-1154\" alt=\"\" srcset=\"https:\/\/ohe.de\/wp-content\/uploads\/csm_Gruppenfoto-Ventile_RZ_37f17980f1-1.jpg 620w, https:\/\/ohe.de\/wp-content\/uploads\/csm_Gruppenfoto-Ventile_RZ_37f17980f1-1-300x169.jpg 300w, https:\/\/ohe.de\/wp-content\/uploads\/csm_Gruppenfoto-Ventile_RZ_37f17980f1-1-18x10.jpg 18w\" sizes=\"(max-width: 620px) 100vw, 620px\" \/>\t\t\t\t\t\t\t\t<\/a>\n\t\t\t\t\t\t\t\t\t\t\t\t\t\t\t<\/div>\n\t\t\t\t<\/div>\n\t\t\t\t\t<\/div>\n\t\t<\/div>\n\t\t\t\t\t<\/div>\n\t\t<\/section>\n\t\t\t\t<section class=\"elementor-section elementor-top-section elementor-element elementor-element-a050323 elementor-section-boxed elementor-section-height-default elementor-section-height-default\" data-id=\"a050323\" data-element_type=\"section\">\n\t\t\t\t\t\t<div class=\"elementor-container elementor-column-gap-default\">\n\t\t\t\t\t<div class=\"elementor-column elementor-col-66 elementor-top-column elementor-element elementor-element-f0b66e9\" data-id=\"f0b66e9\" data-element_type=\"column\">\n\t\t\t<div class=\"elementor-widget-wrap elementor-element-populated\">\n\t\t\t\t\t\t<div class=\"elementor-element elementor-element-48067e3 elementor-widget elementor-widget-text-editor\" data-id=\"48067e3\" data-element_type=\"widget\" data-widget_type=\"text-editor.default\">\n\t\t\t\t<div class=\"elementor-widget-container\">\n\t\t\t\t\t\t\t\t\t<h4><strong>Valves for the pumping station<\/strong><\/h4><ul><li><h5><a href=\"https:\/\/ohe.de\/en\/absperrventil\/\">Cut-off valve<\/a><\/h5><\/li><li><h5><a href=\"https:\/\/ohe.de\/en\/entladeventil\/\">Unloading valve<\/a><\/h5><\/li><\/ul>\t\t\t\t\t\t\t\t<\/div>\n\t\t\t\t<\/div>\n\t\t\t\t\t<\/div>\n\t\t<\/div>\n\t\t\t\t<div class=\"elementor-column elementor-col-33 elementor-top-column elementor-element elementor-element-9cbb2c4\" data-id=\"9cbb2c4\" data-element_type=\"column\">\n\t\t\t<div class=\"elementor-widget-wrap elementor-element-populated\">\n\t\t\t\t\t\t<div class=\"elementor-element elementor-element-2478f7e elementor-invisible elementor-widget elementor-widget-image\" data-id=\"2478f7e\" data-element_type=\"widget\" data-settings=\"{&quot;_animation&quot;:&quot;fadeInRight&quot;,&quot;_animation_delay&quot;:600}\" data-widget_type=\"image.default\">\n\t\t\t\t<div class=\"elementor-widget-container\">\n\t\t\t\t\t\t\t\t\t\t\t\t\t\t\t\t<a href=\"https:\/\/ohe.de\/en\/ventile-fuer-die-pumpstation\/\">\n\t\t\t\t\t\t\t<img decoding=\"async\" width=\"536\" height=\"565\" src=\"https:\/\/ohe.de\/wp-content\/uploads\/Unloading-valve3-1.png\" class=\"elementor-animation-grow attachment-medium_large size-medium_large wp-image-2445\" alt=\"\" srcset=\"https:\/\/ohe.de\/wp-content\/uploads\/Unloading-valve3-1.png 536w, https:\/\/ohe.de\/wp-content\/uploads\/Unloading-valve3-1-285x300.png 285w, https:\/\/ohe.de\/wp-content\/uploads\/Unloading-valve3-1-11x12.png 11w\" sizes=\"(max-width: 536px) 100vw, 536px\" \/>\t\t\t\t\t\t\t\t<\/a>\n\t\t\t\t\t\t\t\t\t\t\t\t\t\t\t<\/div>\n\t\t\t\t<\/div>\n\t\t\t\t\t<\/div>\n\t\t<\/div>\n\t\t\t\t\t<\/div>\n\t\t<\/section>\n\t\t\t\t<section class=\"elementor-section elementor-top-section elementor-element elementor-element-56c2cfc elementor-section-boxed elementor-section-height-default elementor-section-height-default\" data-id=\"56c2cfc\" data-element_type=\"section\">\n\t\t\t\t\t\t<div class=\"elementor-container elementor-column-gap-default\">\n\t\t\t\t\t<div class=\"elementor-column elementor-col-66 elementor-top-column elementor-element elementor-element-bd4a958\" data-id=\"bd4a958\" data-element_type=\"column\">\n\t\t\t<div class=\"elementor-widget-wrap elementor-element-populated\">\n\t\t\t\t\t\t<div class=\"elementor-element elementor-element-8fb7e8c elementor-widget elementor-widget-text-editor\" data-id=\"8fb7e8c\" data-element_type=\"widget\" data-widget_type=\"text-editor.default\">\n\t\t\t\t<div class=\"elementor-widget-container\">\n\t\t\t\t\t\t\t\t\t<h4><strong>Accessories:<\/strong><\/h4><ul><li><h5><a href=\"https:\/\/ohe.de\/en\/produkte-zubehoer-doppel-rueckspuelfilter-handbetaetigt-oder-elektrisch-betaetigt\/\">Doppel-R\u00fccksp\u00fclfilter<\/a><\/h5><\/li><li><h5><a href=\"https:\/\/ohe.de\/en\/produkte-zubehoer-leitungsfilter\/\">In-line filters<\/a><\/h5><\/li><li><h5><a href=\"https:\/\/ohe.de\/en\/produkte-zubehoer-wechselventil\/\">Shuttle valves<\/a><\/h5><\/li><li><h5><a href=\"https:\/\/ohe.de\/en\/produkte-zubehoer-beduesungskopf-set-beduesungsventil\/\">Spray jet block\/spray valve<\/a><\/h5><\/li><li><h5><a href=\"https:\/\/ohe.de\/en\/zubehoer\/\">all<\/a><\/h5><\/li><\/ul>\t\t\t\t\t\t\t\t<\/div>\n\t\t\t\t<\/div>\n\t\t\t\t\t<\/div>\n\t\t<\/div>\n\t\t\t\t<div class=\"elementor-column elementor-col-33 elementor-top-column elementor-element elementor-element-efa77db\" data-id=\"efa77db\" data-element_type=\"column\">\n\t\t\t<div class=\"elementor-widget-wrap elementor-element-populated\">\n\t\t\t\t\t\t<div class=\"elementor-element elementor-element-5198c46 elementor-invisible elementor-widget elementor-widget-image\" data-id=\"5198c46\" data-element_type=\"widget\" data-settings=\"{&quot;_animation&quot;:&quot;fadeInRight&quot;,&quot;_animation_delay&quot;:900}\" data-widget_type=\"image.default\">\n\t\t\t\t<div class=\"elementor-widget-container\">\n\t\t\t\t\t\t\t\t\t\t\t\t\t\t\t\t<a href=\"https:\/\/ohe.de\/en\/zubehoer\/\">\n\t\t\t\t\t\t\t<img loading=\"lazy\" decoding=\"async\" width=\"620\" height=\"350\" src=\"https:\/\/ohe.de\/wp-content\/uploads\/csm_2017-05-22-16-28-24_RZ_c976ce24d9-1.jpg\" class=\"elementor-animation-grow attachment-large size-large wp-image-1155\" alt=\"\" srcset=\"https:\/\/ohe.de\/wp-content\/uploads\/csm_2017-05-22-16-28-24_RZ_c976ce24d9-1.jpg 620w, https:\/\/ohe.de\/wp-content\/uploads\/csm_2017-05-22-16-28-24_RZ_c976ce24d9-1-300x169.jpg 300w, https:\/\/ohe.de\/wp-content\/uploads\/csm_2017-05-22-16-28-24_RZ_c976ce24d9-1-18x10.jpg 18w\" sizes=\"(max-width: 620px) 100vw, 620px\" \/>\t\t\t\t\t\t\t\t<\/a>\n\t\t\t\t\t\t\t\t\t\t\t\t\t\t\t<\/div>\n\t\t\t\t<\/div>\n\t\t\t\t\t<\/div>\n\t\t<\/div>\n\t\t\t\t\t<\/div>\n\t\t<\/section>\n\t\t\t\t<\/div>","protected":false},"excerpt":{"rendered":"<p>Produkte &#8211; Steuerungen: Steuerbl\u00f6cke Elektrohydraulische Steuerungen Hydraulische Steuerungen Ventile: Elektrisch und hydraulisch R\u00fcckschlagventile entsperrbar Druckbegrenzungsventile Ventile f\u00fcr die Pumpstation: Absperrventil Entladeventil Zubeh\u00f6r: Doppel-R\u00fccksp\u00fclfilter Leitungsfilter Wechselventil Bed\u00fcsungskopf-Set\/-Ventil alle<\/p>","protected":false},"author":1,"featured_media":0,"parent":0,"menu_order":0,"comment_status":"closed","ping_status":"closed","template":"elementor_header_footer","meta":{"footnotes":""},"class_list":["post-46","page","type-page","status-publish","hentry"],"_links":{"self":[{"href":"https:\/\/ohe.de\/en\/wp-json\/wp\/v2\/pages\/46","targetHints":{"allow":["GET"]}}],"collection":[{"href":"https:\/\/ohe.de\/en\/wp-json\/wp\/v2\/pages"}],"about":[{"href":"https:\/\/ohe.de\/en\/wp-json\/wp\/v2\/types\/page"}],"author":[{"embeddable":true,"href":"https:\/\/ohe.de\/en\/wp-json\/wp\/v2\/users\/1"}],"replies":[{"embeddable":true,"href":"https:\/\/ohe.de\/en\/wp-json\/wp\/v2\/comments?post=46"}],"version-history":[{"count":116,"href":"https:\/\/ohe.de\/en\/wp-json\/wp\/v2\/pages\/46\/revisions"}],"predecessor-version":[{"id":2699,"href":"https:\/\/ohe.de\/en\/wp-json\/wp\/v2\/pages\/46\/revisions\/2699"}],"wp:attachment":[{"href":"https:\/\/ohe.de\/en\/wp-json\/wp\/v2\/media?parent=46"}],"curies":[{"name":"wp","href":"https:\/\/api.w.org\/{rel}","templated":true}]}}